{"id":17092,"date":"2017-08-17T16:19:40","date_gmt":"2017-08-17T14:19:40","guid":{"rendered":"https:\/\/freizeit-technik.de\/shop\/torno-de-cable-tea-he-200-para-camas-elasticas-bungee\/"},"modified":"2026-05-12T10:20:50","modified_gmt":"2026-05-12T08:20:50","slug":"torno-de-cable-tea-he-200-para-camas-elasticas-bungee","status":"publish","type":"product","link":"https:\/\/freizeit-technik.de\/es\/shop\/torno-de-cable-tea-he-200-para-camas-elasticas-bungee\/","title":{"rendered":"Torno de cable TEA HE 200 para camas el\u00e1sticas bungee"},"content":{"rendered":"<p><span class=\"tx-ttproducts-pi1-wrap2\"><strong>Tensi\u00f3n: 220 V<br \/>\nFrecuencia: 50 Hz<br \/>\nConsumo: 750 W<br \/>\nPeso sin cuerda: 31,5 kg<br \/>\nTama\u00f1o del paquete: 69 x 21 x 35 cm<\/strong><\/span><\/p>\n","protected":false},"excerpt":{"rendered":"<p><span class=\"tx-ttproducts-pi1-wrap2\">Robusto torno de cable que se utiliza en muchos sistemas de bungee trampol\u00edn en todo el mundo.<br \/>\nEste torno de cable funciona de forma muy fiable y ha demostrado su eficacia durante muchos a\u00f1os.<br \/>\n<strong>Para 2026<\/strong>, la cubierta negra de PVC se ha sustituido por una robusta cubierta met\u00e1lica. La unidad de control manual se ha personalizado.<br \/>\nTodas las piezas de repuesto suelen estar disponibles de forma r\u00e1pida y fiable. <\/span><\/p>\n<p><span class=\"tx-ttproducts-pi1-wrap2\">Los cabrestantes se suministran de serie sin cable de cabrestante.<br \/>\nSi necesitas uno, selecciona la versi\u00f3n con cable de cabrestante en el men\u00fa de selecci\u00f3n.<\/span><\/p>\n","protected":false},"featured_media":17093,"comment_status":"open","ping_status":"closed","template":"","meta":{"_acf_changed":false},"product_brand":[],"product_cat":[219,354],"product_tag":[],"class_list":{"0":"post-17092","1":"product","2":"type-product","3":"status-publish","4":"has-post-thumbnail","6":"product_cat-instalaciones-de-trampolin-elastico","7":"product_cat-tornos-de-cable","9":"first","10":"instock","11":"taxable","12":"shipping-taxable","13":"purchasable","14":"product-type-variable"},"acf":[],"_links":{"self":[{"href":"https:\/\/freizeit-technik.de\/es\/wp-json\/wp\/v2\/product\/17092","targetHints":{"allow":["GET"]}}],"collection":[{"href":"https:\/\/freizeit-technik.de\/es\/wp-json\/wp\/v2\/product"}],"about":[{"href":"https:\/\/freizeit-technik.de\/es\/wp-json\/wp\/v2\/types\/product"}],"replies":[{"embeddable":true,"href":"https:\/\/freizeit-technik.de\/es\/wp-json\/wp\/v2\/comments?post=17092"}],"wp:featuredmedia":[{"embeddable":true,"href":"https:\/\/freizeit-technik.de\/es\/wp-json\/wp\/v2\/media\/17093"}],"wp:attachment":[{"href":"https:\/\/freizeit-technik.de\/es\/wp-json\/wp\/v2\/media?parent=17092"}],"wp:term":[{"taxonomy":"product_brand","embeddable":true,"href":"https:\/\/freizeit-technik.de\/es\/wp-json\/wp\/v2\/product_brand?post=17092"},{"taxonomy":"product_cat","embeddable":true,"href":"https:\/\/freizeit-technik.de\/es\/wp-json\/wp\/v2\/product_cat?post=17092"},{"taxonomy":"product_tag","embeddable":true,"href":"https:\/\/freizeit-technik.de\/es\/wp-json\/wp\/v2\/product_tag?post=17092"}],"curies":[{"name":"wp","href":"https:\/\/api.w.org\/{rel}","templated":true}]}}