{"id":17231,"date":"2017-06-26T13:33:18","date_gmt":"2017-06-26T11:33:18","guid":{"rendered":"https:\/\/freizeit-technik.de\/shop\/elasticos-expansores-tipo-2-20-kg\/"},"modified":"2026-05-15T12:04:51","modified_gmt":"2026-05-15T10:04:51","slug":"elasticos-expansores-tipo-2-20-kg","status":"publish","type":"product","link":"https:\/\/freizeit-technik.de\/es\/shop\/elasticos-expansores-tipo-2-20-kg\/","title":{"rendered":"El\u00e1sticos Expansores Tipo 2, 20 kg"},"content":{"rendered":"<p><strong><span class=\"tx-ttproducts-pi1-wrap2\">Para peso: aprox. 20 kg (peso del saltador cuando se utiliza por ambos lados)<br \/>\nColor: azul-blanco o amarillo-negro<br \/>\nDin\u00e1mica de salto: +++<br \/>\nDurabilidad: ++++<br \/>\nSeguridad: ++++ <\/span><\/strong><\/p>\n","protected":false},"excerpt":{"rendered":"<p>Cuerda de goma de 12 mm con doble revestimiento azul-blanco o amarillo-negro.<br \/>\nEl doble trenzado, en combinaci\u00f3n con un mayor n\u00famero de hilos interiores negros m\u00e1s finos, confiere a estos el\u00e1sticos una vida \u00fatil superior a la media.<br \/>\nEl revestimiento exterior est\u00e1 muy suelto. Como consecuencia, se mueve con relativa fuerza durante el funcionamiento y a veces se infla. Sin embargo, la durabilidad de estos el\u00e1sticos es muy buena, ya que la vaina exterior proporciona una capa protectora adicional y los hilos interiores de l\u00e1tex siguen protegidos por la segunda vaina interior, muy blanda. Estas cuerdas el\u00e1sticas ofrecen una excelente relaci\u00f3n calidad-precio y son una muy buena elecci\u00f3n para los operadores que no se preocupan principalmente por una funda exterior perfectamente ajustada.   <\/p>\n<p>Con bucles cosidos (bucles de cincha) <u>sin nudos<\/u> en los extremos. Una clara ganancia en facilidad de uso, ya que es menos probable que las cuerdas se enganchen entre s\u00ed. <\/p>\n<p>Los el\u00e1sticos de todos los tipos y dimensiones tambi\u00e9n est\u00e1n disponibles por metros para automontaje.<\/p>\n","protected":false},"featured_media":17242,"comment_status":"open","ping_status":"closed","template":"","meta":{"_acf_changed":false},"product_brand":[],"product_cat":[248,247],"product_tag":[],"class_list":{"0":"post-17231","1":"product","2":"type-product","3":"status-publish","4":"has-post-thumbnail","6":"product_cat-elasticos-confeccionados","7":"product_cat-elasticos-y-cuerdas","9":"first","10":"instock","11":"taxable","12":"shipping-taxable","13":"purchasable","14":"product-type-variable"},"acf":[],"_links":{"self":[{"href":"https:\/\/freizeit-technik.de\/es\/wp-json\/wp\/v2\/product\/17231","targetHints":{"allow":["GET"]}}],"collection":[{"href":"https:\/\/freizeit-technik.de\/es\/wp-json\/wp\/v2\/product"}],"about":[{"href":"https:\/\/freizeit-technik.de\/es\/wp-json\/wp\/v2\/types\/product"}],"replies":[{"embeddable":true,"href":"https:\/\/freizeit-technik.de\/es\/wp-json\/wp\/v2\/comments?post=17231"}],"wp:featuredmedia":[{"embeddable":true,"href":"https:\/\/freizeit-technik.de\/es\/wp-json\/wp\/v2\/media\/17242"}],"wp:attachment":[{"href":"https:\/\/freizeit-technik.de\/es\/wp-json\/wp\/v2\/media?parent=17231"}],"wp:term":[{"taxonomy":"product_brand","embeddable":true,"href":"https:\/\/freizeit-technik.de\/es\/wp-json\/wp\/v2\/product_brand?post=17231"},{"taxonomy":"product_cat","embeddable":true,"href":"https:\/\/freizeit-technik.de\/es\/wp-json\/wp\/v2\/product_cat?post=17231"},{"taxonomy":"product_tag","embeddable":true,"href":"https:\/\/freizeit-technik.de\/es\/wp-json\/wp\/v2\/product_tag?post=17231"}],"curies":[{"name":"wp","href":"https:\/\/api.w.org\/{rel}","templated":true}]}}