{"id":17429,"date":"2017-06-28T13:23:50","date_gmt":"2017-06-28T11:23:50","guid":{"rendered":"https:\/\/freizeit-technik.de\/shop\/elasticos-expansores-tipo-1-15-kg-blanco-y-negro\/"},"modified":"2026-05-15T12:05:28","modified_gmt":"2026-05-15T10:05:28","slug":"elasticos-expansores-tipo-1-15-kg-blanco-y-negro","status":"publish","type":"product","link":"https:\/\/freizeit-technik.de\/es\/shop\/elasticos-expansores-tipo-1-15-kg-blanco-y-negro\/","title":{"rendered":"El\u00e1sticos Expansores Tipo 1, 15 kg, blanco y negro"},"content":{"rendered":"<p><strong><span class=\"tx-ttproducts-pi1-wrap2\">Para peso: aprox. 15 kg (peso del saltador cuando se utiliza por ambos lados)<br \/>\nColor: blanco y negro<br \/>\nDin\u00e1mica de salto: +++<br \/>\nDurabilidad: +++<br \/>\nSeguridad: ++++<\/span><\/strong><\/p>\n","protected":false},"excerpt":{"rendered":"<p>Cuerda de goma de 12 mm con funda \u00fanica blanca y negra. El trenzado especial es especialmente suave, apenas se mueve durante el funcionamiento y permite obtener buenos valores de elasticidad gracias al ajuste holgado. La funda \u00fanica permite ofrecer estos el\u00e1sticos a precios ventajosos.  <\/p>\n<p>Con bucles cosidos (bucles de cincha) <u>sin nudos<\/u> en los extremos. Una clara ganancia en facilidad de uso, ya que es menos probable que las cuerdas se enganchen entre s\u00ed. <\/p>\n<p>Los el\u00e1sticos de todos los tipos y dimensiones tambi\u00e9n est\u00e1n disponibles por metros para automontaje.<\/p>\n","protected":false},"featured_media":17432,"comment_status":"open","ping_status":"closed","template":"","meta":{"_acf_changed":false},"product_brand":[],"product_cat":[248,247],"product_tag":[],"class_list":{"0":"post-17429","1":"product","2":"type-product","3":"status-publish","4":"has-post-thumbnail","6":"product_cat-elasticos-confeccionados","7":"product_cat-elasticos-y-cuerdas","9":"first","10":"instock","11":"taxable","12":"shipping-taxable","13":"purchasable","14":"product-type-variable"},"acf":[],"_links":{"self":[{"href":"https:\/\/freizeit-technik.de\/es\/wp-json\/wp\/v2\/product\/17429","targetHints":{"allow":["GET"]}}],"collection":[{"href":"https:\/\/freizeit-technik.de\/es\/wp-json\/wp\/v2\/product"}],"about":[{"href":"https:\/\/freizeit-technik.de\/es\/wp-json\/wp\/v2\/types\/product"}],"replies":[{"embeddable":true,"href":"https:\/\/freizeit-technik.de\/es\/wp-json\/wp\/v2\/comments?post=17429"}],"wp:featuredmedia":[{"embeddable":true,"href":"https:\/\/freizeit-technik.de\/es\/wp-json\/wp\/v2\/media\/17432"}],"wp:attachment":[{"href":"https:\/\/freizeit-technik.de\/es\/wp-json\/wp\/v2\/media?parent=17429"}],"wp:term":[{"taxonomy":"product_brand","embeddable":true,"href":"https:\/\/freizeit-technik.de\/es\/wp-json\/wp\/v2\/product_brand?post=17429"},{"taxonomy":"product_cat","embeddable":true,"href":"https:\/\/freizeit-technik.de\/es\/wp-json\/wp\/v2\/product_cat?post=17429"},{"taxonomy":"product_tag","embeddable":true,"href":"https:\/\/freizeit-technik.de\/es\/wp-json\/wp\/v2\/product_tag?post=17429"}],"curies":[{"name":"wp","href":"https:\/\/api.w.org\/{rel}","templated":true}]}}