{"id":17431,"date":"2017-07-18T14:07:23","date_gmt":"2017-07-18T12:07:23","guid":{"rendered":"https:\/\/freizeit-technik.de\/?post_type=product&#038;p=17431"},"modified":"2026-05-15T12:05:28","modified_gmt":"2026-05-15T10:05:28","slug":"elasticos-de-latex-tipo-4-25-kg-por-metro-rollos-de-10-m","status":"publish","type":"product","link":"https:\/\/freizeit-technik.de\/es\/shop\/elasticos-de-latex-tipo-4-25-kg-por-metro-rollos-de-10-m\/","title":{"rendered":"El\u00e1sticos de l\u00e1tex tipo 4, 2,5 kg, por metro, rollos de 10 m"},"content":{"rendered":"<p><span class=\"tx-ttproducts-pi1-wrap2\"><strong>Para peso: individual aprox. 2,5 kg <\/strong>(peso del saltador cuando se utiliza por ambos lados)<br \/>\n<strong>Color: verde<br \/>\nLongitud del rollo: 10 m<br \/>\nTemperatura m\u00ednima de funcionamiento: +5 \u00b0C<br \/>\nDin\u00e1mica de salto: +++++<br \/>\nDurabilidad: ++<br \/>\nSeguridad: +<\/strong><\/span><\/p>\n<p><img loading=\"lazy\" decoding=\"async\" class=\"size-full wp-image-511 alignleft\" src=\"https:\/\/freizeit-technik.de\/wp-content\/uploads\/2017\/03\/Q_asia.jpg\" alt=\"\" width=\"64\" height=\"64\"><\/p>\n","protected":false},"excerpt":{"rendered":"<p><span class=\"tx-ttproducts-pi1-wrap2\">El\u00e1sticos de l\u00e1tex de primera calidad con una elasticidad de alrededor del 700 %, muy homog\u00e9neos en la salida de fuerza para alturas de salto m\u00e1ximas.  <\/span><\/p>\n<p><strong>Introduce el n\u00famero de metros lineales que necesitas en el campo de pedido.<\/strong><\/p>\n<p>Las mangueras de l\u00e1tex se suministran en rollos de distintas longitudes por motivos de producci\u00f3n. Intentamos ajustarnos lo m\u00e1s posible a la cantidad de tu pedido, pero podemos redondear la cantidad en unos pocos metros lineales, seg\u00fan la disponibilidad. <\/p>\n<p><strong><img loading=\"lazy\" decoding=\"async\" src=\"http:\/\/shop.freizeit-technik.de\/images\/content\/hinweis.jpg\" alt=\"\" width=\"24\" height=\"16\">  Nota importante<\/strong><\/p>\n<p>Ten en cuenta que, al hacer el pedido, una pieza corresponde a un metro de longitud de cuerda.<\/p>\n<hr>\n<p>Ni siquiera los productos prefabricados est\u00e1n cubiertos por nuestro certificado T\u00dcV.<br \/>\nLas mangueras de l\u00e1tex no tienen protecci\u00f3n adicional contra el desgarro repentino debido a la falta de una cubierta textil. Durante su funcionamiento, requieren una inspecci\u00f3n constante y completa, y deben sustituirse inmediatamente a los primeros signos de desgaste. <\/p>\n","protected":false},"featured_media":17440,"comment_status":"open","ping_status":"closed","template":"","meta":{"_acf_changed":false},"product_brand":[],"product_cat":[247,249],"product_tag":[],"class_list":{"0":"post-17431","1":"product","2":"type-product","3":"status-publish","4":"has-post-thumbnail","6":"product_cat-elasticos-y-cuerdas","7":"product_cat-hazlo-tu-mismo","9":"first","10":"instock","11":"taxable","12":"shipping-taxable","13":"purchasable","14":"product-type-simple"},"acf":[],"_links":{"self":[{"href":"https:\/\/freizeit-technik.de\/es\/wp-json\/wp\/v2\/product\/17431","targetHints":{"allow":["GET"]}}],"collection":[{"href":"https:\/\/freizeit-technik.de\/es\/wp-json\/wp\/v2\/product"}],"about":[{"href":"https:\/\/freizeit-technik.de\/es\/wp-json\/wp\/v2\/types\/product"}],"replies":[{"embeddable":true,"href":"https:\/\/freizeit-technik.de\/es\/wp-json\/wp\/v2\/comments?post=17431"}],"wp:featuredmedia":[{"embeddable":true,"href":"https:\/\/freizeit-technik.de\/es\/wp-json\/wp\/v2\/media\/17440"}],"wp:attachment":[{"href":"https:\/\/freizeit-technik.de\/es\/wp-json\/wp\/v2\/media?parent=17431"}],"wp:term":[{"taxonomy":"product_brand","embeddable":true,"href":"https:\/\/freizeit-technik.de\/es\/wp-json\/wp\/v2\/product_brand?post=17431"},{"taxonomy":"product_cat","embeddable":true,"href":"https:\/\/freizeit-technik.de\/es\/wp-json\/wp\/v2\/product_cat?post=17431"},{"taxonomy":"product_tag","embeddable":true,"href":"https:\/\/freizeit-technik.de\/es\/wp-json\/wp\/v2\/product_tag?post=17431"}],"curies":[{"name":"wp","href":"https:\/\/api.w.org\/{rel}","templated":true}]}}