{"id":17467,"date":"2017-07-25T14:39:40","date_gmt":"2017-07-25T12:39:40","guid":{"rendered":"https:\/\/freizeit-technik.de\/shop\/elasticos-expansibles-tipo-3-10-kg-por-metro\/"},"modified":"2026-05-15T12:05:48","modified_gmt":"2026-05-15T10:05:48","slug":"elasticos-expansibles-tipo-3-10-kg-por-metro","status":"publish","type":"product","link":"https:\/\/freizeit-technik.de\/es\/shop\/elasticos-expansibles-tipo-3-10-kg-por-metro\/","title":{"rendered":"El\u00e1sticos expansibles tipo 3, 10 kg, por metro"},"content":{"rendered":"<p><strong>Para peso: aprox. 10 kg <\/strong>(peso del saltador cuando se utiliza por ambos lados)<strong><br \/>\nColor: azul verdoso<br \/>\nLongitud del rollo: 100 m<br \/>\nDin\u00e1mica de salto: +++<br \/>\nDurabilidad: ++++<br \/>\nSeguridad: ++++<\/strong><\/p>\n<p><img loading=\"lazy\" decoding=\"async\" class=\"size-full wp-image-492 alignleft\" src=\"https:\/\/freizeit-technik.de\/wp-content\/uploads\/2017\/03\/Premium-Line.jpg\" alt=\"\" width=\"64\" height=\"64\"><img loading=\"lazy\" decoding=\"async\" class=\"size-full wp-image-429 alignleft\" src=\"https:\/\/freizeit-technik.de\/wp-content\/uploads\/2017\/02\/premium_line.gif\" alt=\"\" width=\"119\" height=\"64\"><\/p>\n","protected":false},"excerpt":{"rendered":"<p class=\"bodytext\">Cuerda de goma de 9 mm con cubierta especial azul-verde. El trenzado doble es extensible en la segunda capa, por lo que apenas se mueve. El resultado es una vida \u00fatil comparable a la de los el\u00e1sticos &#8220;Tipo 2&#8221;. Sin embargo, los el\u00e1sticos &#8220;Tipo 3&#8221; tienen un aspecto impecable durante mucho m\u00e1s tiempo.   <\/p>\n<p class=\"bodytext\"><strong>Introduce el n\u00famero deseado de metros lineales en el campo de pedido.<br \/>\nLongitud del rollo = 100 m<\/strong><\/p>\n<p class=\"bodytext\">Si la longitud deseada del cord\u00f3n de goma difiere de la longitud del rollo especificada, cobraremos un recargo por personalizaci\u00f3n de 7,50 euros netos.<\/p>\n","protected":false},"featured_media":17468,"comment_status":"open","ping_status":"closed","template":"","meta":{"_acf_changed":false},"product_brand":[],"product_cat":[247,249],"product_tag":[],"class_list":{"0":"post-17467","1":"product","2":"type-product","3":"status-publish","4":"has-post-thumbnail","6":"product_cat-elasticos-y-cuerdas","7":"product_cat-hazlo-tu-mismo","9":"first","10":"instock","11":"taxable","12":"shipping-taxable","13":"purchasable","14":"product-type-simple"},"acf":[],"_links":{"self":[{"href":"https:\/\/freizeit-technik.de\/es\/wp-json\/wp\/v2\/product\/17467","targetHints":{"allow":["GET"]}}],"collection":[{"href":"https:\/\/freizeit-technik.de\/es\/wp-json\/wp\/v2\/product"}],"about":[{"href":"https:\/\/freizeit-technik.de\/es\/wp-json\/wp\/v2\/types\/product"}],"replies":[{"embeddable":true,"href":"https:\/\/freizeit-technik.de\/es\/wp-json\/wp\/v2\/comments?post=17467"}],"wp:featuredmedia":[{"embeddable":true,"href":"https:\/\/freizeit-technik.de\/es\/wp-json\/wp\/v2\/media\/17468"}],"wp:attachment":[{"href":"https:\/\/freizeit-technik.de\/es\/wp-json\/wp\/v2\/media?parent=17467"}],"wp:term":[{"taxonomy":"product_brand","embeddable":true,"href":"https:\/\/freizeit-technik.de\/es\/wp-json\/wp\/v2\/product_brand?post=17467"},{"taxonomy":"product_cat","embeddable":true,"href":"https:\/\/freizeit-technik.de\/es\/wp-json\/wp\/v2\/product_cat?post=17467"},{"taxonomy":"product_tag","embeddable":true,"href":"https:\/\/freizeit-technik.de\/es\/wp-json\/wp\/v2\/product_tag?post=17467"}],"curies":[{"name":"wp","href":"https:\/\/api.w.org\/{rel}","templated":true}]}}