{"id":17576,"date":"2017-07-16T14:21:56","date_gmt":"2017-07-16T12:21:56","guid":{"rendered":"https:\/\/freizeit-technik.de\/shop\/elasticos-de-latex-tipo-4-10-kg-por-metro\/"},"modified":"2026-05-15T12:06:32","modified_gmt":"2026-05-15T10:06:32","slug":"elasticos-de-latex-tipo-4-10-kg-por-metro","status":"publish","type":"product","link":"https:\/\/freizeit-technik.de\/es\/shop\/elasticos-de-latex-tipo-4-10-kg-por-metro\/","title":{"rendered":"El\u00e1sticos de l\u00e1tex tipo 4, 10 kg, por metro"},"content":{"rendered":"<div id=\"tab_fragment_1\" class=\"ui-tabs-panel ui-widget-content ui-corner-bottom ui-tabs-hide\"><span class=\"tx-ttproducts-pi1-wrap2\"><strong>Para peso: individual aprox. 10 kg (peso del saltador cuando se utiliza por ambos lados)<br \/>\nColor: natural sin colorear (beige) o coloreado<br \/>\nLongitud del rollo: variable<br \/>\nTemperatura m\u00ednima de funcionamiento: +5\u00b0C<br \/>\nDin\u00e1mica de salto: +++++<br \/>\nDurabilidad: ++<br \/>\nSeguridad: +<\/strong><\/span><\/div>\n<p><span class=\"tx-ttproducts-pi1-wrap2\"><strong> <\/strong><\/span><\/p>\n<p>&nbsp;<\/p>\n","protected":false},"excerpt":{"rendered":"<p>Mangueras de l\u00e1tex por metros para automontaje. Fabricados con la m\u00e1xima calidad, con una capacidad de alargamiento de alrededor del 700 %, una fuerza de salida muy homog\u00e9nea para alturas de salto m\u00e1ximas. <\/p>\n<p><strong><span style=\"color: #000000;\">Alternativamente en color natural o<\/span><span style=\"color: #ffcc00;\"><span style=\"color: #ff6600;\"> con revestimiento protector de color<\/span><span style=\"color: #000000;\">.<\/span> <\/span><\/strong>El revestimiento coloreado ofrece cierto grado de protecci\u00f3n contra las influencias ambientales y facilita la detecci\u00f3n de da\u00f1os, especialmente microfisuras.<\/p>\n<p><span style=\"color: #000000;\"><strong>Explicaci\u00f3n del men\u00fa de selecci\u00f3n &#8220;Calidad y longitud&#8221;:<\/strong><\/span><\/p>\n<p><strong>1\u00aa <span style=\"color: #000000;\"> opci\u00f3n: <span style=\"color: #ffcc00;\"><span style=\"color: #ff6600;\">con <\/span><\/span><\/span><span style=\"color: #ff6600;\">capa protectora de color<\/span><span style=\"color: #000000;\">, la longitud es de 20 m, 40 m, 60 m, etc. (precio m\u00e1s favorable)<\/span><br \/>\n<\/strong>Introduce un valor divisible por 20. Esta calidad siempre est\u00e1 disponible por metros en rollos de exactamente 20 m. Por tanto, recibir\u00e1s al menos uno o varios rollos enteros de 20 m.<br \/>\n<strong>Ejemplo:<\/strong> &#8220;100&#8221;. Recibir\u00e1s 5 rollos enteros de exactamente 20 metros de longitud. <\/p>\n<p><strong>2\u00aa <span style=\"color: #ffcc00;\"> <span style=\"color: #000000;\">opci\u00f3n: <\/span> <span style=\"color: #ff6600;\">con capa protectora de color<\/span><\/span><span style=\"color: #000000;\">, cantidad deseada diferente (recargo)<\/span><br \/>\n<\/strong>Introduce un valor que no sea divisible por 20.<br \/>\n<strong>Ejemplo:<\/strong> &#8220;36&#8221;. Recibes exactamente 20 m + 16 m. Esto conlleva trabajo adicional, residuos y, por tanto, un recargo.  <\/p>\n<p><strong>3\u00aa <span style=\"color: #000000;\">opci\u00f3n: color natural, aproximadamente esta cantidad, tiende a redondearse<\/span><br \/>\n<\/strong>Esta calidad siempre se fabrica por metros en diferentes longitudes, desde 29 m hasta 39 m aproximadamente.<br \/>\nSelecciona la longitud deseada. Buscamos rollos adecuados que se ajusten lo m\u00e1s posible a tu longitud total, pero <strong>tienden a<\/strong> quedar <strong>por debajo de tu valor objetivo = redondear hacia abajo.<br \/>\n<\/strong><strong>Ejemplo:<\/strong> Introduces &#8220;100&#8221;. Reuniremos 96 m en 31 m + 33 m + 32 m (3 rollos enteros).<br \/>\nTe confirmaremos la cantidad reunida tras tu pedido antes del env\u00edo.  <\/p>\n<p><strong> <\/strong><strong>4\u00aa <span style=\"color: #000000;\">opci\u00f3n: colores naturales, aproximadamente esta cantidad, tendemos a redondear hacia arriba<\/span><br \/>\n<\/strong>Seleccionas una cantidad deseada. Buscamos rollos adecuados que se ajusten lo m\u00e1s posible a tu longitud total, pero tendemos <strong>a<\/strong> quedarnos <strong>por encima de tu valor objetivo = redondeamos hacia arriba<\/strong>.<br \/>\n<strong>Ejemplo:<\/strong> Pides 100 m. Juntamos 124 m en 31 m + 33 m + 29 m + 31 m (4 rollos enteros). <\/p>\n<p>A continuaci\u00f3n, te confirmaremos la cantidad reunida tras tu pedido antes del env\u00edo.<\/p>\n<p><strong> <\/strong><strong>5\u00aa <span style=\"color: #000000;\">opci\u00f3n: color natural, exactamente en esta cantidad (recargo)<\/span><br \/>\n<\/strong> Necesitas una longitud total muy concreta, que nos especifiques exactamente. Entonces elige esta 5\u00aa opci\u00f3n.<br \/>\n<strong>Ejemplo:<\/strong> Pides 100 m. Recibes 100 m en 31 m + 33 m + 29 m + 7 m (rollo cortado). <\/p>\n<p><span style=\"color: #000000;\">Introduce<strong> el n\u00famero deseado de metros lineales <\/strong>en el campo libre y<strong>, a continuaci\u00f3n, selecciona una variante<\/strong>.<\/span><\/p>\n<p><strong>Nota importante:<br \/>\n<\/strong>Ambas mangueras de l\u00e1tex no tienen protecci\u00f3n adicional contra el desgarro repentino debido a la falta de cubierta textil. Durante el funcionamiento, deben revisarse de forma constante y continua, y sustituirse inmediatamente ante los primeros signos de desgaste. <\/p>\n<p>En este contexto, ten en cuenta tambi\u00e9n los tiempos m\u00e1ximos de uso autorizados restringidos.<\/p>\n","protected":false},"featured_media":17577,"comment_status":"open","ping_status":"closed","template":"","meta":{"_acf_changed":false},"product_brand":[],"product_cat":[247,249],"product_tag":[],"class_list":{"0":"post-17576","1":"product","2":"type-product","3":"status-publish","4":"has-post-thumbnail","6":"product_cat-elasticos-y-cuerdas","7":"product_cat-hazlo-tu-mismo","9":"first","10":"instock","11":"taxable","12":"shipping-taxable","13":"purchasable","14":"product-type-variable"},"acf":[],"_links":{"self":[{"href":"https:\/\/freizeit-technik.de\/es\/wp-json\/wp\/v2\/product\/17576","targetHints":{"allow":["GET"]}}],"collection":[{"href":"https:\/\/freizeit-technik.de\/es\/wp-json\/wp\/v2\/product"}],"about":[{"href":"https:\/\/freizeit-technik.de\/es\/wp-json\/wp\/v2\/types\/product"}],"replies":[{"embeddable":true,"href":"https:\/\/freizeit-technik.de\/es\/wp-json\/wp\/v2\/comments?post=17576"}],"wp:featuredmedia":[{"embeddable":true,"href":"https:\/\/freizeit-technik.de\/es\/wp-json\/wp\/v2\/media\/17577"}],"wp:attachment":[{"href":"https:\/\/freizeit-technik.de\/es\/wp-json\/wp\/v2\/media?parent=17576"}],"wp:term":[{"taxonomy":"product_brand","embeddable":true,"href":"https:\/\/freizeit-technik.de\/es\/wp-json\/wp\/v2\/product_brand?post=17576"},{"taxonomy":"product_cat","embeddable":true,"href":"https:\/\/freizeit-technik.de\/es\/wp-json\/wp\/v2\/product_cat?post=17576"},{"taxonomy":"product_tag","embeddable":true,"href":"https:\/\/freizeit-technik.de\/es\/wp-json\/wp\/v2\/product_tag?post=17576"}],"curies":[{"name":"wp","href":"https:\/\/api.w.org\/{rel}","templated":true}]}}