{"id":17747,"date":"2017-06-14T13:00:20","date_gmt":"2017-06-14T11:00:20","guid":{"rendered":"https:\/\/freizeit-technik.de\/shop\/lazos-de-latex-tipo-4-10-kg\/"},"modified":"2026-05-15T15:47:17","modified_gmt":"2026-05-15T13:47:17","slug":"lazos-de-latex-tipo-4-10-kg","status":"publish","type":"product","link":"https:\/\/freizeit-technik.de\/es\/shop\/lazos-de-latex-tipo-4-10-kg\/","title":{"rendered":"Lazos de l\u00e1tex tipo 4, 10 kg"},"content":{"rendered":"<p><strong><span class=\"tx-ttproducts-pi1-wrap2\">Para peso: aprox. 10 kg (peso del saltador cuando se utiliza por ambos lados)<br \/>\nColor: coloreado<br \/>\nTemperatura m\u00ednima de funcionamiento: +5\u00b0C<br \/>\nDin\u00e1mica de salto: +++++<br \/>\nDurabilidad: ++<br \/>\nSeguridad: +<\/span><\/strong><\/p>\n<p>&nbsp;<\/p>\n<p>&nbsp;<\/p>\n","protected":false},"excerpt":{"rendered":"<p>Lazos de l\u00e1tex confeccionados para engancharlos directamente a un mosquet\u00f3n Fabricados en la m\u00e1s alta calidad con una elasticidad de alrededor del 700 %, salida de fuerza muy homog\u00e9nea para alturas de salto m\u00e1ximas.<\/p>\n<p><strong>Fabricaci\u00f3n propia y a medida:<br \/>\n<\/strong>Los el\u00e1sticos de todos los tipos y dimensiones tambi\u00e9n est\u00e1n disponibles por metros para productos de fabricaci\u00f3n propia. Si la longitud deseada no aparece en la lista, ponte en contacto con nosotros. Fabricamos en la medida que desees.  <\/p>\n<p><strong>Nota importante:<br \/>\n<\/strong>Las mangueras de l\u00e1tex no tienen protecci\u00f3n adicional contra el desgarro repentino debido a la falta de cubierta textil. Durante el funcionamiento, deben revisarse de forma constante y continua, y sustituirse inmediatamente si aparecen los primeros signos de desgaste. <\/p>\n<p>En este contexto, ten en cuenta tambi\u00e9n los tiempos m\u00e1ximos de uso autorizados restringidos.<\/p>\n","protected":false},"featured_media":17752,"comment_status":"open","ping_status":"closed","template":"","meta":{"_acf_changed":false},"product_brand":[],"product_cat":[248,247],"product_tag":[],"class_list":{"0":"post-17747","1":"product","2":"type-product","3":"status-publish","4":"has-post-thumbnail","6":"product_cat-elasticos-confeccionados","7":"product_cat-elasticos-y-cuerdas","9":"first","10":"instock","11":"taxable","12":"shipping-taxable","13":"purchasable","14":"product-type-variable"},"acf":[],"_links":{"self":[{"href":"https:\/\/freizeit-technik.de\/es\/wp-json\/wp\/v2\/product\/17747","targetHints":{"allow":["GET"]}}],"collection":[{"href":"https:\/\/freizeit-technik.de\/es\/wp-json\/wp\/v2\/product"}],"about":[{"href":"https:\/\/freizeit-technik.de\/es\/wp-json\/wp\/v2\/types\/product"}],"replies":[{"embeddable":true,"href":"https:\/\/freizeit-technik.de\/es\/wp-json\/wp\/v2\/comments?post=17747"}],"wp:featuredmedia":[{"embeddable":true,"href":"https:\/\/freizeit-technik.de\/es\/wp-json\/wp\/v2\/media\/17752"}],"wp:attachment":[{"href":"https:\/\/freizeit-technik.de\/es\/wp-json\/wp\/v2\/media?parent=17747"}],"wp:term":[{"taxonomy":"product_brand","embeddable":true,"href":"https:\/\/freizeit-technik.de\/es\/wp-json\/wp\/v2\/product_brand?post=17747"},{"taxonomy":"product_cat","embeddable":true,"href":"https:\/\/freizeit-technik.de\/es\/wp-json\/wp\/v2\/product_cat?post=17747"},{"taxonomy":"product_tag","embeddable":true,"href":"https:\/\/freizeit-technik.de\/es\/wp-json\/wp\/v2\/product_tag?post=17747"}],"curies":[{"name":"wp","href":"https:\/\/api.w.org\/{rel}","templated":true}]}}