{"id":17794,"date":"2017-06-18T11:41:18","date_gmt":"2017-06-18T09:41:18","guid":{"rendered":"https:\/\/freizeit-technik.de\/shop\/elasticos-de-latex-tipo-4-con-lengueetas-de-retencion-5-kg\/"},"modified":"2026-05-15T15:47:24","modified_gmt":"2026-05-15T13:47:24","slug":"elasticos-de-latex-tipo-4-con-lengueetas-de-retencion-5-kg","status":"publish","type":"product","link":"https:\/\/freizeit-technik.de\/es\/shop\/elasticos-de-latex-tipo-4-con-lengueetas-de-retencion-5-kg\/","title":{"rendered":"El\u00e1sticos de l\u00e1tex tipo 4 con leng\u00fcetas de retenci\u00f3n, 5 kg"},"content":{"rendered":"<p><strong>aprox. 5 kg (peso del puente cuando se utiliza por ambos lados)<\/strong><br \/>\n<strong>Color: natural sin colorear (beige) o coloreado<\/strong><br \/>\n<strong>Temperatura m\u00ednima de funcionamiento: +5\u00b0C<\/strong><br \/>\n<strong>Din\u00e1mica de salto: +++++<\/strong><br \/>\n<strong>Durabilidad: ++<\/strong><br \/>\n<strong>Seguridad: +<\/strong><\/p>\n<p>&nbsp;<\/p>\n","protected":false},"excerpt":{"rendered":"<p>El\u00e1sticos de l\u00e1tex con cintas de sujeci\u00f3n, confeccionados. Fabricados con la m\u00e1xima calidad, con una elasticidad de alrededor del 700 %, salida de fuerza muy homog\u00e9nea para alturas de salto m\u00e1ximas. <\/p>\n<p><strong>Alternativamente color natural o con <span style=\"color: #ffcc00;\">revestimiento protector coloreado<\/span><\/strong><br \/>\nEl revestimiento coloreado ofrece cierto grado de protecci\u00f3n contra las influencias ambientales y facilita la detecci\u00f3n de da\u00f1os, especialmente microfisuras.<\/p>\n<p><strong>Fabricaci\u00f3n propia y a medida:<br \/>\n<\/strong>Los el\u00e1sticos de todos los tipos y dimensiones tambi\u00e9n est\u00e1n disponibles por metros para productos de fabricaci\u00f3n propia. Si la longitud deseada no aparece en la lista, ponte en contacto con nosotros. Fabricamos en la medida que desees.  <\/p>\n<p><strong>Opci\u00f3n &#8220;Rellenar&#8221;:<br \/>\n<\/strong>Podemos rellenar tus leng\u00fcetas de sujeci\u00f3n intactas si es necesario. \u00a1El precio de venta de las leng\u00fcetas de retenci\u00f3n necesarias se deducir\u00e1 del precio del recambio! No comprobamos el estado de las leng\u00fcetas de retenci\u00f3n que nos env\u00edas, sino que las rellenamos con tubos de l\u00e1tex nuevos sin comprobarlas. La obligaci\u00f3n de comprobarlas recae en el remitente.   <\/p>\n<p><strong>Nota importante:<br \/>\n<\/strong>Ambas calidades de manguera de l\u00e1tex no tienen protecci\u00f3n adicional contra el desgarro repentino debido a la falta de cubierta textil. Requieren una inspecci\u00f3n constante y completa durante el funcionamiento y deben sustituirse inmediatamente a los primeros signos de desgaste. <\/p>\n<p>En este contexto, ten en cuenta tambi\u00e9n los tiempos m\u00e1ximos de uso autorizados restringidos.<\/p>\n","protected":false},"featured_media":17795,"comment_status":"open","ping_status":"closed","template":"","meta":{"_acf_changed":false},"product_brand":[],"product_cat":[248,247],"product_tag":[],"class_list":{"0":"post-17794","1":"product","2":"type-product","3":"status-publish","4":"has-post-thumbnail","6":"product_cat-elasticos-confeccionados","7":"product_cat-elasticos-y-cuerdas","9":"first","10":"instock","11":"taxable","12":"shipping-taxable","13":"purchasable","14":"product-type-variable"},"acf":[],"_links":{"self":[{"href":"https:\/\/freizeit-technik.de\/es\/wp-json\/wp\/v2\/product\/17794","targetHints":{"allow":["GET"]}}],"collection":[{"href":"https:\/\/freizeit-technik.de\/es\/wp-json\/wp\/v2\/product"}],"about":[{"href":"https:\/\/freizeit-technik.de\/es\/wp-json\/wp\/v2\/types\/product"}],"replies":[{"embeddable":true,"href":"https:\/\/freizeit-technik.de\/es\/wp-json\/wp\/v2\/comments?post=17794"}],"wp:featuredmedia":[{"embeddable":true,"href":"https:\/\/freizeit-technik.de\/es\/wp-json\/wp\/v2\/media\/17795"}],"wp:attachment":[{"href":"https:\/\/freizeit-technik.de\/es\/wp-json\/wp\/v2\/media?parent=17794"}],"wp:term":[{"taxonomy":"product_brand","embeddable":true,"href":"https:\/\/freizeit-technik.de\/es\/wp-json\/wp\/v2\/product_brand?post=17794"},{"taxonomy":"product_cat","embeddable":true,"href":"https:\/\/freizeit-technik.de\/es\/wp-json\/wp\/v2\/product_cat?post=17794"},{"taxonomy":"product_tag","embeddable":true,"href":"https:\/\/freizeit-technik.de\/es\/wp-json\/wp\/v2\/product_tag?post=17794"}],"curies":[{"name":"wp","href":"https:\/\/api.w.org\/{rel}","templated":true}]}}