{"id":17857,"date":"2017-06-18T12:00:17","date_gmt":"2017-06-18T10:00:17","guid":{"rendered":"https:\/\/freizeit-technik.de\/shop\/tiras-de-latex-tipo-4-para-disco-rotor-5-kg\/"},"modified":"2026-05-15T15:47:39","modified_gmt":"2026-05-15T13:47:39","slug":"tiras-de-latex-tipo-4-para-disco-rotor-5-kg","status":"publish","type":"product","link":"https:\/\/freizeit-technik.de\/es\/shop\/tiras-de-latex-tipo-4-para-disco-rotor-5-kg\/","title":{"rendered":"Tiras de l\u00e1tex tipo 4 para disco rotor, 5 kg"},"content":{"rendered":"<p><strong>aprox. 5 kg (peso del puente cuando se utiliza por ambos lados)<\/strong><br \/>\n<strong>Color: natural sin colorear (beige) o coloreado<\/strong><br \/>\n<strong>Temperatura m\u00ednima de funcionamiento: +5\u00b0C<\/strong><br \/>\n<strong>Din\u00e1mica de salto: +++++<\/strong><br \/>\n<strong>Durabilidad: ++<\/strong><br \/>\n<strong>Seguridad: +<\/strong><\/p>\n","protected":false},"excerpt":{"rendered":"<p>Tiras de l\u00e1tex, listas para nuestro sistema de discos de rotor. Fabricadas con la m\u00e1xima calidad, con una elasticidad de alrededor del 700 %, muy homog\u00e9neas en la salida de fuerza para alturas de salto m\u00e1ximas. <\/p>\n<p>Alternativamente en color natural o con revestimiento protector coloreado.<\/p>\n<p>El revestimiento coloreado ofrece cierto grado de protecci\u00f3n contra las influencias ambientales y facilita la detecci\u00f3n de da\u00f1os, especialmente microfisuras.<\/p>\n<p><strong>Hecho por ti mismo y a medida:<\/strong><\/p>\n<p>Los el\u00e1sticos de todos los tipos y dimensiones tambi\u00e9n est\u00e1n disponibles por metros para automontaje. Si la longitud deseada no aparece en la lista, ponte en contacto con nosotros. Fabricamos en la medida que desees. <\/p>\n<p><strong>Nota importante:<\/strong><\/p>\n<p>Ambas calidades de manguera de l\u00e1tex no tienen protecci\u00f3n adicional contra el desgarro repentino debido a la falta de una cubierta textil. Durante su funcionamiento, requieren una inspecci\u00f3n constante y completa, y deben sustituirse inmediatamente ante los primeros signos de desgaste. <\/p>\n<p>En este contexto, ten en cuenta tambi\u00e9n los tiempos m\u00e1ximos de uso autorizados restringidos.<\/p>\n","protected":false},"featured_media":17858,"comment_status":"open","ping_status":"closed","template":"","meta":{"_acf_changed":false},"product_brand":[],"product_cat":[248,247],"product_tag":[],"class_list":{"0":"post-17857","1":"product","2":"type-product","3":"status-publish","4":"has-post-thumbnail","6":"product_cat-elasticos-confeccionados","7":"product_cat-elasticos-y-cuerdas","9":"first","10":"instock","11":"taxable","12":"shipping-taxable","13":"purchasable","14":"product-type-variable"},"acf":[],"_links":{"self":[{"href":"https:\/\/freizeit-technik.de\/es\/wp-json\/wp\/v2\/product\/17857","targetHints":{"allow":["GET"]}}],"collection":[{"href":"https:\/\/freizeit-technik.de\/es\/wp-json\/wp\/v2\/product"}],"about":[{"href":"https:\/\/freizeit-technik.de\/es\/wp-json\/wp\/v2\/types\/product"}],"replies":[{"embeddable":true,"href":"https:\/\/freizeit-technik.de\/es\/wp-json\/wp\/v2\/comments?post=17857"}],"wp:featuredmedia":[{"embeddable":true,"href":"https:\/\/freizeit-technik.de\/es\/wp-json\/wp\/v2\/media\/17858"}],"wp:attachment":[{"href":"https:\/\/freizeit-technik.de\/es\/wp-json\/wp\/v2\/media?parent=17857"}],"wp:term":[{"taxonomy":"product_brand","embeddable":true,"href":"https:\/\/freizeit-technik.de\/es\/wp-json\/wp\/v2\/product_brand?post=17857"},{"taxonomy":"product_cat","embeddable":true,"href":"https:\/\/freizeit-technik.de\/es\/wp-json\/wp\/v2\/product_cat?post=17857"},{"taxonomy":"product_tag","embeddable":true,"href":"https:\/\/freizeit-technik.de\/es\/wp-json\/wp\/v2\/product_tag?post=17857"}],"curies":[{"name":"wp","href":"https:\/\/api.w.org\/{rel}","templated":true}]}}