{"id":17954,"date":"2017-06-18T14:00:41","date_gmt":"2017-06-18T12:00:41","guid":{"rendered":"https:\/\/freizeit-technik.de\/shop\/tiras-de-latex-tipo-4-para-disco-rotor-10-kg\/"},"modified":"2026-05-15T15:48:00","modified_gmt":"2026-05-15T13:48:00","slug":"tiras-de-latex-tipo-4-para-disco-rotor-10-kg","status":"publish","type":"product","link":"https:\/\/freizeit-technik.de\/es\/shop\/tiras-de-latex-tipo-4-para-disco-rotor-10-kg\/","title":{"rendered":"Tiras de l\u00e1tex tipo 4 para disco rotor, 10 kg"},"content":{"rendered":"<p><strong><span class=\"tx-ttproducts-pi1-wrap2\">Aprox. 10 kg (peso del saltador cuando se utiliza por ambos lados)<br \/>\nColor: natural sin te\u00f1ir (beige) o coloreado<br \/>\nTemperatura m\u00ednima de funcionamiento: +5\u00b0C<br \/>\nDin\u00e1mica de salto: +++++<br \/>\nDurabilidad: ++<br \/>\nSeguridad: +<\/span><\/strong><\/p>\n<p>&nbsp;<\/p>\n","protected":false},"excerpt":{"rendered":"<p>Tiras de l\u00e1tex, listas para nuestro sistema de discos de rotor. Fabricadas con la m\u00e1xima calidad, con una elasticidad de alrededor del 700 %, muy homog\u00e9neas en la salida de fuerza para alturas de salto m\u00e1ximas. <\/p>\n<p><strong>Alternativamente color natural o con <span style=\"color: #ff6600;\">revestimiento protector coloreado<\/span><\/strong><br \/>\nEl revestimiento coloreado ofrece cierto grado de protecci\u00f3n contra las influencias ambientales y facilita la detecci\u00f3n de da\u00f1os, especialmente microfisuras.<\/p>\n<p><strong>Fabricaci\u00f3n propia y a medida:<br \/>\n<\/strong>Los el\u00e1sticos de todos los tipos y dimensiones tambi\u00e9n est\u00e1n disponibles por metros para productos de fabricaci\u00f3n propia. Si la longitud deseada no aparece en la lista, ponte en contacto con nosotros. Fabricamos en la medida que desees.  <\/p>\n<p><strong>Nota importante:<br \/>\n<\/strong>Ambas calidades de manguera de l\u00e1tex no tienen protecci\u00f3n adicional contra el desgarro repentino debido a la falta de cubierta textil. Requieren una inspecci\u00f3n constante y completa durante el funcionamiento y deben sustituirse inmediatamente a los primeros signos de desgaste. <\/p>\n<p>En este contexto, ten en cuenta tambi\u00e9n los tiempos m\u00e1ximos de uso autorizados restringidos.<\/p>\n","protected":false},"featured_media":17956,"comment_status":"open","ping_status":"closed","template":"","meta":{"_acf_changed":false},"product_brand":[],"product_cat":[248,247],"product_tag":[],"class_list":{"0":"post-17954","1":"product","2":"type-product","3":"status-publish","4":"has-post-thumbnail","6":"product_cat-elasticos-confeccionados","7":"product_cat-elasticos-y-cuerdas","9":"first","10":"instock","11":"taxable","12":"shipping-taxable","13":"purchasable","14":"product-type-variable"},"acf":[],"_links":{"self":[{"href":"https:\/\/freizeit-technik.de\/es\/wp-json\/wp\/v2\/product\/17954","targetHints":{"allow":["GET"]}}],"collection":[{"href":"https:\/\/freizeit-technik.de\/es\/wp-json\/wp\/v2\/product"}],"about":[{"href":"https:\/\/freizeit-technik.de\/es\/wp-json\/wp\/v2\/types\/product"}],"replies":[{"embeddable":true,"href":"https:\/\/freizeit-technik.de\/es\/wp-json\/wp\/v2\/comments?post=17954"}],"wp:featuredmedia":[{"embeddable":true,"href":"https:\/\/freizeit-technik.de\/es\/wp-json\/wp\/v2\/media\/17956"}],"wp:attachment":[{"href":"https:\/\/freizeit-technik.de\/es\/wp-json\/wp\/v2\/media?parent=17954"}],"wp:term":[{"taxonomy":"product_brand","embeddable":true,"href":"https:\/\/freizeit-technik.de\/es\/wp-json\/wp\/v2\/product_brand?post=17954"},{"taxonomy":"product_cat","embeddable":true,"href":"https:\/\/freizeit-technik.de\/es\/wp-json\/wp\/v2\/product_cat?post=17954"},{"taxonomy":"product_tag","embeddable":true,"href":"https:\/\/freizeit-technik.de\/es\/wp-json\/wp\/v2\/product_tag?post=17954"}],"curies":[{"name":"wp","href":"https:\/\/api.w.org\/{rel}","templated":true}]}}