{"id":17965,"date":"2017-06-08T11:23:42","date_gmt":"2017-06-08T09:23:42","guid":{"rendered":"https:\/\/freizeit-technik.de\/shop\/cuerdas-de-traccion-estaticas-por-metros\/"},"modified":"2026-05-15T15:48:02","modified_gmt":"2026-05-15T13:48:02","slug":"cuerdas-de-traccion-estaticas-por-metros","status":"publish","type":"product","link":"https:\/\/freizeit-technik.de\/es\/shop\/cuerdas-de-traccion-estaticas-por-metros\/","title":{"rendered":"Cuerdas de tracci\u00f3n est\u00e1ticas, por metros"},"content":{"rendered":"<p><strong>Grosor: 9 mm<br \/>\nColor: negro-azul<br \/>\nCapacidad de carga est\u00e1tica: 23 kN<br \/>\nCertificaci\u00f3n: EN 1891<\/strong><strong><br \/>\nLongitudes: 50, 100 y 200 m<br \/>\nSe suministra en rollos o suelta en una caja.<\/strong><\/p>\n<p><img loading=\"lazy\" decoding=\"async\" class=\"size-full wp-image-492 alignleft\" src=\"https:\/\/freizeit-technik.de\/wp-content\/uploads\/2017\/03\/Premium-Line.jpg\" alt=\"\" width=\"64\" height=\"64\"><\/p>\n","protected":false},"excerpt":{"rendered":"<p>Fabricada por Edelrid en exclusiva para nosotros y para su uso en camas el\u00e1sticas, esta cuerda est\u00e1tica ofrece la m\u00e1xima seguridad. Tambi\u00e9n tiene una excelente resistencia a la abrasi\u00f3n, es insensible a la suciedad y apenas se encoge bajo la influencia de la intemperie.<br \/>\nCuerdas de tracci\u00f3n est\u00e1ticas con guardacabos en ambos lados. En rollo o sueltas en una caja.  <\/p>\n","protected":false},"featured_media":10857,"comment_status":"open","ping_status":"closed","template":"","meta":{"_acf_changed":false},"product_brand":[],"product_cat":[386,247],"product_tag":[],"class_list":{"0":"post-17965","1":"product","2":"type-product","3":"status-publish","4":"has-post-thumbnail","6":"product_cat-cables-estaticos","7":"product_cat-elasticos-y-cuerdas","9":"first","10":"instock","11":"taxable","12":"shipping-taxable","13":"purchasable","14":"product-type-variable"},"acf":[],"_links":{"self":[{"href":"https:\/\/freizeit-technik.de\/es\/wp-json\/wp\/v2\/product\/17965","targetHints":{"allow":["GET"]}}],"collection":[{"href":"https:\/\/freizeit-technik.de\/es\/wp-json\/wp\/v2\/product"}],"about":[{"href":"https:\/\/freizeit-technik.de\/es\/wp-json\/wp\/v2\/types\/product"}],"replies":[{"embeddable":true,"href":"https:\/\/freizeit-technik.de\/es\/wp-json\/wp\/v2\/comments?post=17965"}],"wp:featuredmedia":[{"embeddable":true,"href":"https:\/\/freizeit-technik.de\/es\/wp-json\/wp\/v2\/media\/10857"}],"wp:attachment":[{"href":"https:\/\/freizeit-technik.de\/es\/wp-json\/wp\/v2\/media?parent=17965"}],"wp:term":[{"taxonomy":"product_brand","embeddable":true,"href":"https:\/\/freizeit-technik.de\/es\/wp-json\/wp\/v2\/product_brand?post=17965"},{"taxonomy":"product_cat","embeddable":true,"href":"https:\/\/freizeit-technik.de\/es\/wp-json\/wp\/v2\/product_cat?post=17965"},{"taxonomy":"product_tag","embeddable":true,"href":"https:\/\/freizeit-technik.de\/es\/wp-json\/wp\/v2\/product_tag?post=17965"}],"curies":[{"name":"wp","href":"https:\/\/api.w.org\/{rel}","templated":true}]}}