{"id":17988,"date":"2017-06-10T11:00:51","date_gmt":"2017-06-10T09:00:51","guid":{"rendered":"https:\/\/freizeit-technik.de\/shop\/salta-a-la-comba\/"},"modified":"2026-05-15T15:48:16","modified_gmt":"2026-05-15T13:48:16","slug":"salta-a-la-comba","status":"publish","type":"product","link":"https:\/\/freizeit-technik.de\/es\/shop\/salta-a-la-comba\/","title":{"rendered":"Salta a la comba"},"content":{"rendered":"<p><span class=\"tx-ttproducts-pi1-wrap2\"><strong>Grosor: 9 mm<br \/>\nColor: negro<br \/>\nCapacidad de carga est\u00e1tica: 23kN<br \/>\nCertificaci\u00f3n: EN 1891<\/strong><\/span><\/p>\n<p><img loading=\"lazy\" decoding=\"async\" class=\"size-full wp-image-492 alignleft\" src=\"https:\/\/freizeit-technik.de\/wp-content\/uploads\/2017\/03\/Premium-Line.jpg\" alt=\"\" width=\"64\" height=\"64\"><\/p>\n","protected":false},"excerpt":{"rendered":"<p>Fabricada por Edelrid en exclusiva para nosotros y para su uso en camas el\u00e1sticas, esta cuerda est\u00e1tica ofrece la m\u00e1xima seguridad. Adem\u00e1s, es extremadamente resistente a la abrasi\u00f3n, insensible a la suciedad y apenas se encoge bajo la influencia de la intemperie.<br \/>\nCuerdas de tracci\u00f3n est\u00e1ticas con guardacabos en ambos lados. Protecci\u00f3n del nudo gracias al manguito retr\u00e1ctil extremadamente robusto.  <\/p>\n<p>___________________________________________________________________________<\/p>\n<p><span class=\"tx-ttproducts-pi1-wrap2\"><strong>  Ten en cuenta lo siguiente al pedir cuerdas de saltar para los sistemas 4Tramp Classic y 4Tramp Mini:<br \/>\n<\/strong><\/span><\/p>\n<p>Las cuerdas de salto de la versi\u00f3n sencilla se conectan a la cuerda de tracci\u00f3n motorizada mediante un mosquet\u00f3n. Se necesitan 2 piezas de esta versi\u00f3n por zona de salto, es decir, un total de 8 piezas por sistema de cama el\u00e1stica cu\u00e1druple.<\/p>\n<p>En la versi\u00f3n doble, s\u00f3lo se necesita 1 cuerda de saltar por posici\u00f3n de salto. Se conecta mediante un mosquet\u00f3n <strong><u>y<\/u><\/strong> una polea a la cuerda de tracci\u00f3n motorizada. Esto significa 4 cuerdas de saltar por cada sistema de cama el\u00e1stica cu\u00e1druple.  <\/p>\n","protected":false},"featured_media":10730,"comment_status":"open","ping_status":"closed","template":"","meta":{"_acf_changed":false},"product_brand":[],"product_cat":[386,247],"product_tag":[],"class_list":{"0":"post-17988","1":"product","2":"type-product","3":"status-publish","4":"has-post-thumbnail","6":"product_cat-cables-estaticos","7":"product_cat-elasticos-y-cuerdas","9":"first","10":"instock","11":"taxable","12":"shipping-taxable","13":"purchasable","14":"product-type-variable"},"acf":[],"_links":{"self":[{"href":"https:\/\/freizeit-technik.de\/es\/wp-json\/wp\/v2\/product\/17988","targetHints":{"allow":["GET"]}}],"collection":[{"href":"https:\/\/freizeit-technik.de\/es\/wp-json\/wp\/v2\/product"}],"about":[{"href":"https:\/\/freizeit-technik.de\/es\/wp-json\/wp\/v2\/types\/product"}],"replies":[{"embeddable":true,"href":"https:\/\/freizeit-technik.de\/es\/wp-json\/wp\/v2\/comments?post=17988"}],"wp:featuredmedia":[{"embeddable":true,"href":"https:\/\/freizeit-technik.de\/es\/wp-json\/wp\/v2\/media\/10730"}],"wp:attachment":[{"href":"https:\/\/freizeit-technik.de\/es\/wp-json\/wp\/v2\/media?parent=17988"}],"wp:term":[{"taxonomy":"product_brand","embeddable":true,"href":"https:\/\/freizeit-technik.de\/es\/wp-json\/wp\/v2\/product_brand?post=17988"},{"taxonomy":"product_cat","embeddable":true,"href":"https:\/\/freizeit-technik.de\/es\/wp-json\/wp\/v2\/product_cat?post=17988"},{"taxonomy":"product_tag","embeddable":true,"href":"https:\/\/freizeit-technik.de\/es\/wp-json\/wp\/v2\/product_tag?post=17988"}],"curies":[{"name":"wp","href":"https:\/\/api.w.org\/{rel}","templated":true}]}}