{"id":18052,"date":"2017-06-09T11:13:56","date_gmt":"2017-06-09T09:13:56","guid":{"rendered":"https:\/\/freizeit-technik.de\/shop\/cable-de-traccion-del-motor\/"},"modified":"2026-05-15T15:48:38","modified_gmt":"2026-05-15T13:48:38","slug":"cable-de-traccion-del-motor","status":"publish","type":"product","link":"https:\/\/freizeit-technik.de\/es\/shop\/cable-de-traccion-del-motor\/","title":{"rendered":"Cable de tracci\u00f3n del motor"},"content":{"rendered":"<p><strong>Grosor: 9 mm<br \/>\nColor: negro<br \/>\nCapacidad de carga est\u00e1tica: 23kN<br \/>\nCertificaci\u00f3n: EN 1891<\/strong><\/p>\n<p><img loading=\"lazy\" decoding=\"async\" class=\"size-full wp-image-492 alignleft\" src=\"https:\/\/freizeit-technik.de\/wp-content\/uploads\/2017\/03\/Premium-Line.jpg\" alt=\"\" width=\"64\" height=\"64\"><\/p>\n","protected":false},"excerpt":{"rendered":"<p><span class=\"tx-ttproducts-pi1-wrap2\">Cuerda de tracci\u00f3n est\u00e1tica del motor para cabrestante HE 200.  <\/span>Fabricada por Edelrid en exclusiva para nosotros y para su uso en sistemas de trampol\u00edn el\u00e1stico, esta cuerda est\u00e1tica ofrece la m\u00e1xima seguridad. Adem\u00e1s, es extremadamente resistente a la abrasi\u00f3n, insensible a la suciedad y apenas se encoge bajo la influencia de la intemperie. Cuerdas de tracci\u00f3n motorizadas con extremo adelgazado y guardacabos para facilitar la fijaci\u00f3n a tu cabrestante.  <\/p>\n","protected":false},"featured_media":10722,"comment_status":"open","ping_status":"closed","template":"","meta":{"_acf_changed":false},"product_brand":[],"product_cat":[386,247],"product_tag":[],"class_list":{"0":"post-18052","1":"product","2":"type-product","3":"status-publish","4":"has-post-thumbnail","6":"product_cat-cables-estaticos","7":"product_cat-elasticos-y-cuerdas","9":"first","10":"instock","11":"taxable","12":"shipping-taxable","13":"purchasable","14":"product-type-simple"},"acf":[],"_links":{"self":[{"href":"https:\/\/freizeit-technik.de\/es\/wp-json\/wp\/v2\/product\/18052","targetHints":{"allow":["GET"]}}],"collection":[{"href":"https:\/\/freizeit-technik.de\/es\/wp-json\/wp\/v2\/product"}],"about":[{"href":"https:\/\/freizeit-technik.de\/es\/wp-json\/wp\/v2\/types\/product"}],"replies":[{"embeddable":true,"href":"https:\/\/freizeit-technik.de\/es\/wp-json\/wp\/v2\/comments?post=18052"}],"wp:featuredmedia":[{"embeddable":true,"href":"https:\/\/freizeit-technik.de\/es\/wp-json\/wp\/v2\/media\/10722"}],"wp:attachment":[{"href":"https:\/\/freizeit-technik.de\/es\/wp-json\/wp\/v2\/media?parent=18052"}],"wp:term":[{"taxonomy":"product_brand","embeddable":true,"href":"https:\/\/freizeit-technik.de\/es\/wp-json\/wp\/v2\/product_brand?post=18052"},{"taxonomy":"product_cat","embeddable":true,"href":"https:\/\/freizeit-technik.de\/es\/wp-json\/wp\/v2\/product_cat?post=18052"},{"taxonomy":"product_tag","embeddable":true,"href":"https:\/\/freizeit-technik.de\/es\/wp-json\/wp\/v2\/product_tag?post=18052"}],"curies":[{"name":"wp","href":"https:\/\/api.w.org\/{rel}","templated":true}]}}