{"id":18318,"date":"2017-06-22T13:48:41","date_gmt":"2017-06-22T11:48:41","guid":{"rendered":"https:\/\/freizeit-technik.de\/shop\/tipo-5-latex-trenzado-10-kg-negro-naranja\/"},"modified":"2026-05-15T15:49:37","modified_gmt":"2026-05-15T13:49:37","slug":"tipo-5-latex-trenzado-10-kg-negro-naranja","status":"publish","type":"product","link":"https:\/\/freizeit-technik.de\/es\/shop\/tipo-5-latex-trenzado-10-kg-negro-naranja\/","title":{"rendered":"Tipo 5 l\u00e1tex trenzado, 10 kg, negro-naranja"},"content":{"rendered":"<div id=\"tab_fragment_1\" class=\"ui-tabs-panel ui-widget-content ui-corner-bottom ui-tabs-hide\">\n<div id=\"tab_fragment_1\" class=\"ui-tabs-panel ui-widget-content ui-corner-bottom ui-tabs-hide\"><strong>Por el peso:  <\/strong><span class=\"tx-ttproducts-pi1-wrap2\"><strong>Aprox. 10 kg (peso del saltador cuando se utiliza por ambos lados)<br \/>\nColor: negro-naranja<br \/>\nDin\u00e1mica de salto: +++++<br \/>\nDurabilidad: ++<br \/>\nSeguridad: ++++  <\/strong><\/span><\/div>\n<p>&nbsp;<\/p>\n<\/div>\n","protected":false},"excerpt":{"rendered":"<p><strong>\u00a1Tan seguro como las cuerdas de goma expansivas y <span style=\"color: #ff6600;\">tan din\u00e1mico como los el\u00e1sticos de l\u00e1tex desnudos<\/span>!<\/strong><\/p>\n<p>Estos el\u00e1sticos son una buena elecci\u00f3n para los operadores para los que la altura de salto alcanzable es especialmente importante, pero que quieren descartar pr\u00e1cticamente la rotura de la cuerda. El material interior de estas cuerdas el\u00e1sticas desarrolladas por nosotros consiste en tubos de caucho natural puro. El resultado del salto es absolutamente convincente.   Estas cuerdas de goma s\u00f3lo pueden desgarrarse por dentro; la funda impide que se rompan por completo cuando se alcanza el l\u00edmite de desgaste.<\/p>\n<p><strong>Nuestro consejo:<\/strong> Combina esta cuerda el\u00e1stica de tipo 5 para las clases de peso inferiores de 5 kg y 10 kg con el\u00e1sticos de tipo 1, 2 o 3 para la versi\u00f3n de 15 kg o 20 kg.<\/p>\n<p>Con bucles cosidos (bucles de cincha) <u>sin nudos<\/u> en los extremos. Una clara ganancia en facilidad de uso, ya que es menos probable que las cuerdas se enganchen entre s\u00ed. <\/p>\n<p>Los el\u00e1sticos de todos los tipos y dimensiones tambi\u00e9n est\u00e1n disponibles por metros para automontaje.<\/p>\n","protected":false},"featured_media":18327,"comment_status":"open","ping_status":"closed","template":"","meta":{"_acf_changed":false},"product_brand":[],"product_cat":[248,247],"product_tag":[],"class_list":{"0":"post-18318","1":"product","2":"type-product","3":"status-publish","4":"has-post-thumbnail","6":"product_cat-elasticos-confeccionados","7":"product_cat-elasticos-y-cuerdas","9":"first","10":"instock","11":"taxable","12":"shipping-taxable","13":"purchasable","14":"product-type-variable"},"acf":[],"_links":{"self":[{"href":"https:\/\/freizeit-technik.de\/es\/wp-json\/wp\/v2\/product\/18318","targetHints":{"allow":["GET"]}}],"collection":[{"href":"https:\/\/freizeit-technik.de\/es\/wp-json\/wp\/v2\/product"}],"about":[{"href":"https:\/\/freizeit-technik.de\/es\/wp-json\/wp\/v2\/types\/product"}],"replies":[{"embeddable":true,"href":"https:\/\/freizeit-technik.de\/es\/wp-json\/wp\/v2\/comments?post=18318"}],"wp:featuredmedia":[{"embeddable":true,"href":"https:\/\/freizeit-technik.de\/es\/wp-json\/wp\/v2\/media\/18327"}],"wp:attachment":[{"href":"https:\/\/freizeit-technik.de\/es\/wp-json\/wp\/v2\/media?parent=18318"}],"wp:term":[{"taxonomy":"product_brand","embeddable":true,"href":"https:\/\/freizeit-technik.de\/es\/wp-json\/wp\/v2\/product_brand?post=18318"},{"taxonomy":"product_cat","embeddable":true,"href":"https:\/\/freizeit-technik.de\/es\/wp-json\/wp\/v2\/product_cat?post=18318"},{"taxonomy":"product_tag","embeddable":true,"href":"https:\/\/freizeit-technik.de\/es\/wp-json\/wp\/v2\/product_tag?post=18318"}],"curies":[{"name":"wp","href":"https:\/\/api.w.org\/{rel}","templated":true}]}}