{"id":18390,"date":"2017-06-24T13:40:30","date_gmt":"2017-06-24T11:40:30","guid":{"rendered":"https:\/\/freizeit-technik.de\/shop\/elasticos-expansores-tipo-3-20-kg-verde-azul\/"},"modified":"2026-05-15T15:49:55","modified_gmt":"2026-05-15T13:49:55","slug":"elasticos-expansores-tipo-3-20-kg-verde-azul","status":"publish","type":"product","link":"https:\/\/freizeit-technik.de\/es\/shop\/elasticos-expansores-tipo-3-20-kg-verde-azul\/","title":{"rendered":"El\u00e1sticos Expansores Tipo 3, 20 kg, verde-azul"},"content":{"rendered":"<p><strong><span class=\"tx-ttproducts-pi1-wrap2\">Para peso: aprox. 20 kg (peso del saltador cuando se utiliza por ambos lados)<br \/>\nColor: verde-azul<br \/>\nDin\u00e1mica de salto: +++<br \/>\nDurabilidad: ++++<br \/>\nSeguridad: ++++<\/span><\/strong><\/p>\n","protected":false},"excerpt":{"rendered":"<p>Cuerda de goma de 12 mm con cubierta especial verde-azul. El trenzado doble es extensible en la segunda capa, por lo que apenas se mueve. El resultado es una vida \u00fatil comparable a la de los el\u00e1sticos de tipo 2. Sin embargo, los el\u00e1sticos de tipo 3 tienen un aspecto impecable durante mucho m\u00e1s tiempo.   <\/p>\n<p>Con bucles cosidos (bucles de cincha) <u>sin nudos<\/u> en los extremos. Una clara ganancia en facilidad de uso, ya que es menos probable que las cuerdas se enganchen entre s\u00ed. <\/p>\n<p>Los el\u00e1sticos de todos los tipos y dimensiones tambi\u00e9n est\u00e1n disponibles por metros para automontaje.<\/p>\n","protected":false},"featured_media":18405,"comment_status":"open","ping_status":"closed","template":"","meta":{"_acf_changed":false},"product_brand":[],"product_cat":[248,247],"product_tag":[],"class_list":{"0":"post-18390","1":"product","2":"type-product","3":"status-publish","4":"has-post-thumbnail","6":"product_cat-elasticos-confeccionados","7":"product_cat-elasticos-y-cuerdas","9":"first","10":"instock","11":"taxable","12":"shipping-taxable","13":"purchasable","14":"product-type-variable"},"acf":[],"_links":{"self":[{"href":"https:\/\/freizeit-technik.de\/es\/wp-json\/wp\/v2\/product\/18390","targetHints":{"allow":["GET"]}}],"collection":[{"href":"https:\/\/freizeit-technik.de\/es\/wp-json\/wp\/v2\/product"}],"about":[{"href":"https:\/\/freizeit-technik.de\/es\/wp-json\/wp\/v2\/types\/product"}],"replies":[{"embeddable":true,"href":"https:\/\/freizeit-technik.de\/es\/wp-json\/wp\/v2\/comments?post=18390"}],"wp:featuredmedia":[{"embeddable":true,"href":"https:\/\/freizeit-technik.de\/es\/wp-json\/wp\/v2\/media\/18405"}],"wp:attachment":[{"href":"https:\/\/freizeit-technik.de\/es\/wp-json\/wp\/v2\/media?parent=18390"}],"wp:term":[{"taxonomy":"product_brand","embeddable":true,"href":"https:\/\/freizeit-technik.de\/es\/wp-json\/wp\/v2\/product_brand?post=18390"},{"taxonomy":"product_cat","embeddable":true,"href":"https:\/\/freizeit-technik.de\/es\/wp-json\/wp\/v2\/product_cat?post=18390"},{"taxonomy":"product_tag","embeddable":true,"href":"https:\/\/freizeit-technik.de\/es\/wp-json\/wp\/v2\/product_tag?post=18390"}],"curies":[{"name":"wp","href":"https:\/\/api.w.org\/{rel}","templated":true}]}}