{"id":18571,"date":"2017-04-11T14:35:25","date_gmt":"2017-04-11T12:35:25","guid":{"rendered":"https:\/\/freizeit-technik.de\/shop\/doble-correa-de-sujecion\/"},"modified":"2026-05-15T21:13:20","modified_gmt":"2026-05-15T19:13:20","slug":"doble-correa-de-sujecion","status":"publish","type":"product","link":"https:\/\/freizeit-technik.de\/es\/shop\/doble-correa-de-sujecion\/","title":{"rendered":"Doble correa de sujeci\u00f3n"},"content":{"rendered":"<p><img loading=\"lazy\" decoding=\"async\" class=\"size-full wp-image-511 alignleft\" src=\"https:\/\/freizeit-technik.de\/wp-content\/uploads\/2017\/03\/Q_asia.jpg\" alt=\"\" width=\"64\" height=\"64\"><\/p>\n<p><img loading=\"lazy\" decoding=\"async\" class=\"size-full wp-image-429 alignleft\" src=\"https:\/\/freizeit-technik.de\/wp-content\/uploads\/2017\/02\/premium_line.gif\" alt=\"\" width=\"119\" height=\"64\"><\/p>\n","protected":false},"excerpt":{"rendered":"<p><span class=\"tx-ttproducts-pi1-wrap2\">Leng\u00fceta de sujeci\u00f3n con ojal doble para el montaje autom\u00e1tico de el\u00e1sticos de l\u00e1tex.<\/span><\/p>\n<div><span class=\"tx-ttproducts-pi1-wrap2\">Hemos encargado una homologaci\u00f3n T\u00dcV para el sistema completo con Elastiks.<\/span><\/div>\n","protected":false},"featured_media":18573,"comment_status":"open","ping_status":"closed","template":"","meta":{"_acf_changed":false},"product_brand":[],"product_cat":[247,249],"product_tag":[],"class_list":{"0":"post-18571","1":"product","2":"type-product","3":"status-publish","4":"has-post-thumbnail","6":"product_cat-elasticos-y-cuerdas","7":"product_cat-hazlo-tu-mismo","9":"first","10":"instock","11":"taxable","12":"shipping-taxable","13":"purchasable","14":"product-type-simple"},"acf":[],"_links":{"self":[{"href":"https:\/\/freizeit-technik.de\/es\/wp-json\/wp\/v2\/product\/18571","targetHints":{"allow":["GET"]}}],"collection":[{"href":"https:\/\/freizeit-technik.de\/es\/wp-json\/wp\/v2\/product"}],"about":[{"href":"https:\/\/freizeit-technik.de\/es\/wp-json\/wp\/v2\/types\/product"}],"replies":[{"embeddable":true,"href":"https:\/\/freizeit-technik.de\/es\/wp-json\/wp\/v2\/comments?post=18571"}],"wp:featuredmedia":[{"embeddable":true,"href":"https:\/\/freizeit-technik.de\/es\/wp-json\/wp\/v2\/media\/18573"}],"wp:attachment":[{"href":"https:\/\/freizeit-technik.de\/es\/wp-json\/wp\/v2\/media?parent=18571"}],"wp:term":[{"taxonomy":"product_brand","embeddable":true,"href":"https:\/\/freizeit-technik.de\/es\/wp-json\/wp\/v2\/product_brand?post=18571"},{"taxonomy":"product_cat","embeddable":true,"href":"https:\/\/freizeit-technik.de\/es\/wp-json\/wp\/v2\/product_cat?post=18571"},{"taxonomy":"product_tag","embeddable":true,"href":"https:\/\/freizeit-technik.de\/es\/wp-json\/wp\/v2\/product_tag?post=18571"}],"curies":[{"name":"wp","href":"https:\/\/api.w.org\/{rel}","templated":true}]}}