{"id":18575,"date":"2017-04-10T15:09:31","date_gmt":"2017-04-10T13:09:31","guid":{"rendered":"https:\/\/freizeit-technik.de\/shop\/lazos-de-cinta-tejida-cosidos\/"},"modified":"2026-05-15T21:13:12","modified_gmt":"2026-05-15T19:13:12","slug":"lazos-de-cinta-tejida-cosidos","status":"publish","type":"product","link":"https:\/\/freizeit-technik.de\/es\/shop\/lazos-de-cinta-tejida-cosidos\/","title":{"rendered":"Lazos de cinta tejida cosidos"},"content":{"rendered":"<p><b>Adecuado para su uso en cuerdas expansoras de goma y mangueras de l\u00e1tex desnudo.<br \/>\nCircunferencia: 36cm<br \/>\nLongitud: 18cm<\/b><\/p>\n<p><img loading=\"lazy\" decoding=\"async\" class=\"alignnone size-full wp-image-682\" src=\"https:\/\/freizeit-technik.de\/wp-content\/uploads\/2017\/03\/Q_deutschland-1.gif\" alt=\"\" width=\"64\" height=\"64\"><img loading=\"lazy\" decoding=\"async\" class=\"alignnone size-full wp-image-694\" src=\"https:\/\/freizeit-technik.de\/wp-content\/uploads\/2017\/03\/premium_line.gif\" alt=\"\" width=\"119\" height=\"64\"><img loading=\"lazy\" decoding=\"async\" class=\"alignnone size-full wp-image-448\" src=\"https:\/\/freizeit-technik.de\/wp-content\/uploads\/2017\/02\/exclusively_JS.gif\" alt=\"\" width=\"119\" height=\"64\"><\/p>\n","protected":false},"excerpt":{"rendered":"<p>Este nuevo producto ofrece al usuario varias ventajas. Nuestros lazos anchos de cincha de poli\u00e9ster est\u00e1n totalmente cosidos y tienen una carga de rotura muy elevada. \u00a1Ah\u00f3rrate el anudado adicional de los extremos de la cinta!<br \/>\nLa cuerda confeccionada no tiene nudos. Una ganancia significativa en facilidad de uso, ya que es menos probable que las cuerdas se enreden entre s\u00ed. Mantenla corta para estirar al m\u00e1ximo las cuerdas de goma de tu sistema de cama el\u00e1stica.  <b><\/b><\/p>\n<p>Adecuado para su uso en cuerdas de goma expansibles y mangueras de l\u00e1tex desnudas.<\/p>\n","protected":false},"featured_media":18578,"comment_status":"open","ping_status":"closed","template":"","meta":{"_acf_changed":false},"product_brand":[],"product_cat":[247,249],"product_tag":[],"class_list":{"0":"post-18575","1":"product","2":"type-product","3":"status-publish","4":"has-post-thumbnail","6":"product_cat-elasticos-y-cuerdas","7":"product_cat-hazlo-tu-mismo","9":"first","10":"instock","11":"taxable","12":"shipping-taxable","13":"purchasable","14":"product-type-simple"},"acf":[],"_links":{"self":[{"href":"https:\/\/freizeit-technik.de\/es\/wp-json\/wp\/v2\/product\/18575","targetHints":{"allow":["GET"]}}],"collection":[{"href":"https:\/\/freizeit-technik.de\/es\/wp-json\/wp\/v2\/product"}],"about":[{"href":"https:\/\/freizeit-technik.de\/es\/wp-json\/wp\/v2\/types\/product"}],"replies":[{"embeddable":true,"href":"https:\/\/freizeit-technik.de\/es\/wp-json\/wp\/v2\/comments?post=18575"}],"wp:featuredmedia":[{"embeddable":true,"href":"https:\/\/freizeit-technik.de\/es\/wp-json\/wp\/v2\/media\/18578"}],"wp:attachment":[{"href":"https:\/\/freizeit-technik.de\/es\/wp-json\/wp\/v2\/media?parent=18575"}],"wp:term":[{"taxonomy":"product_brand","embeddable":true,"href":"https:\/\/freizeit-technik.de\/es\/wp-json\/wp\/v2\/product_brand?post=18575"},{"taxonomy":"product_cat","embeddable":true,"href":"https:\/\/freizeit-technik.de\/es\/wp-json\/wp\/v2\/product_cat?post=18575"},{"taxonomy":"product_tag","embeddable":true,"href":"https:\/\/freizeit-technik.de\/es\/wp-json\/wp\/v2\/product_tag?post=18575"}],"curies":[{"name":"wp","href":"https:\/\/api.w.org\/{rel}","templated":true}]}}