{"id":18601,"date":"2017-04-12T14:25:42","date_gmt":"2017-04-12T12:25:42","guid":{"rendered":"https:\/\/freizeit-technik.de\/shop\/correa-de-sujecion-simple\/"},"modified":"2026-05-15T21:14:05","modified_gmt":"2026-05-15T19:14:05","slug":"correa-de-sujecion-simple","status":"publish","type":"product","link":"https:\/\/freizeit-technik.de\/es\/shop\/correa-de-sujecion-simple\/","title":{"rendered":"Correa de sujeci\u00f3n simple"},"content":{"rendered":"<p><img loading=\"lazy\" decoding=\"async\" class=\"size-full wp-image-511 alignleft\" src=\"https:\/\/freizeit-technik.de\/wp-content\/uploads\/2017\/03\/Q_asia.jpg\" alt=\"\" width=\"64\" height=\"64\"><\/p>\n<p><img loading=\"lazy\" decoding=\"async\" class=\"size-full wp-image-429 alignleft\" src=\"https:\/\/freizeit-technik.de\/wp-content\/uploads\/2017\/02\/premium_line.gif\" alt=\"\" width=\"119\" height=\"64\"><\/p>\n","protected":false},"excerpt":{"rendered":"<p><span class=\"tx-ttproducts-pi1-wrap2\">Leng\u00fceta de sujeci\u00f3n con ojal simple para el montaje autom\u00e1tico de el\u00e1sticos de l\u00e1tex.<\/span><\/p>\n<div><span class=\"tx-ttproducts-pi1-wrap2\">Hemos encargado una homologaci\u00f3n T\u00dcV para el sistema completo con Elastiks.<\/span><\/div>\n","protected":false},"featured_media":18602,"comment_status":"open","ping_status":"closed","template":"","meta":{"_acf_changed":false},"product_brand":[],"product_cat":[247,249],"product_tag":[],"class_list":{"0":"post-18601","1":"product","2":"type-product","3":"status-publish","4":"has-post-thumbnail","6":"product_cat-elasticos-y-cuerdas","7":"product_cat-hazlo-tu-mismo","9":"first","10":"instock","11":"taxable","12":"shipping-taxable","13":"purchasable","14":"product-type-simple"},"acf":[],"_links":{"self":[{"href":"https:\/\/freizeit-technik.de\/es\/wp-json\/wp\/v2\/product\/18601","targetHints":{"allow":["GET"]}}],"collection":[{"href":"https:\/\/freizeit-technik.de\/es\/wp-json\/wp\/v2\/product"}],"about":[{"href":"https:\/\/freizeit-technik.de\/es\/wp-json\/wp\/v2\/types\/product"}],"replies":[{"embeddable":true,"href":"https:\/\/freizeit-technik.de\/es\/wp-json\/wp\/v2\/comments?post=18601"}],"wp:featuredmedia":[{"embeddable":true,"href":"https:\/\/freizeit-technik.de\/es\/wp-json\/wp\/v2\/media\/18602"}],"wp:attachment":[{"href":"https:\/\/freizeit-technik.de\/es\/wp-json\/wp\/v2\/media?parent=18601"}],"wp:term":[{"taxonomy":"product_brand","embeddable":true,"href":"https:\/\/freizeit-technik.de\/es\/wp-json\/wp\/v2\/product_brand?post=18601"},{"taxonomy":"product_cat","embeddable":true,"href":"https:\/\/freizeit-technik.de\/es\/wp-json\/wp\/v2\/product_cat?post=18601"},{"taxonomy":"product_tag","embeddable":true,"href":"https:\/\/freizeit-technik.de\/es\/wp-json\/wp\/v2\/product_tag?post=18601"}],"curies":[{"name":"wp","href":"https:\/\/api.w.org\/{rel}","templated":true}]}}