{"id":18611,"date":"2017-03-07T17:26:31","date_gmt":"2017-03-07T16:26:31","guid":{"rendered":"https:\/\/freizeit-technik.de\/shop\/cuerda-elastica-para-aprox-20-kg-de-peso-corporal-4-m-de-longitud\/"},"modified":"2026-05-15T21:14:12","modified_gmt":"2026-05-15T19:14:12","slug":"cuerda-elastica-para-aprox-20-kg-de-peso-corporal-4-m-de-longitud","status":"publish","type":"product","link":"https:\/\/freizeit-technik.de\/es\/shop\/cuerda-elastica-para-aprox-20-kg-de-peso-corporal-4-m-de-longitud\/","title":{"rendered":"Cuerda el\u00e1stica para aprox. 20 kg de peso corporal &#8211; 4 m de longitud"},"content":{"rendered":"","protected":false},"excerpt":{"rendered":"<p>Nuestros el\u00e1sticos de tipo 1 son ideales para su uso en el m\u00f3dulo de eventos &#8220;carrera el\u00e1stica&#8221;. Las cuerdas el\u00e1sticas est\u00e1n acabadas con piezas finales cosidas de alta calidad hasta una longitud total de 4 metros. El alargamiento m\u00e1ximo es de 11 metros. Se debe utilizar una cuerda el\u00e1stica &#8220;Tipo 1&#8221; de 12 mm en el m\u00f3dulo de pruebas de &#8220;puenting&#8221; para aproximadamente 20 kg de peso corporal, en funci\u00f3n de la forma f\u00edsica individual. Las cuerdas el\u00e1sticas pueden fijarse mediante un mosquet\u00f3n y ajustarse seg\u00fan sea necesario.    <\/p>\n<p>Si lo solicitas, tambi\u00e9n podemos fabricar para ti cuerdas de goma el\u00e1stica de otras calidades, di\u00e1metros y longitudes.<\/p>\n<p><u><strong>\u00a1Atenci\u00f3n!  <\/strong><\/u><br \/>\n\u00a1Siempre se deben utilizar al menos 2 cuerdas de goma intactas para la carrera de puenting!<\/p>\n","protected":false},"featured_media":17432,"comment_status":"open","ping_status":"closed","template":"","meta":{"_acf_changed":false},"product_brand":[],"product_cat":[393],"product_tag":[],"class_list":{"0":"post-18611","1":"product","2":"type-product","3":"status-publish","4":"has-post-thumbnail","6":"product_cat-puenting","8":"first","9":"instock","10":"taxable","11":"shipping-taxable","12":"purchasable","13":"product-type-simple"},"acf":[],"_links":{"self":[{"href":"https:\/\/freizeit-technik.de\/es\/wp-json\/wp\/v2\/product\/18611","targetHints":{"allow":["GET"]}}],"collection":[{"href":"https:\/\/freizeit-technik.de\/es\/wp-json\/wp\/v2\/product"}],"about":[{"href":"https:\/\/freizeit-technik.de\/es\/wp-json\/wp\/v2\/types\/product"}],"replies":[{"embeddable":true,"href":"https:\/\/freizeit-technik.de\/es\/wp-json\/wp\/v2\/comments?post=18611"}],"wp:featuredmedia":[{"embeddable":true,"href":"https:\/\/freizeit-technik.de\/es\/wp-json\/wp\/v2\/media\/17432"}],"wp:attachment":[{"href":"https:\/\/freizeit-technik.de\/es\/wp-json\/wp\/v2\/media?parent=18611"}],"wp:term":[{"taxonomy":"product_brand","embeddable":true,"href":"https:\/\/freizeit-technik.de\/es\/wp-json\/wp\/v2\/product_brand?post=18611"},{"taxonomy":"product_cat","embeddable":true,"href":"https:\/\/freizeit-technik.de\/es\/wp-json\/wp\/v2\/product_cat?post=18611"},{"taxonomy":"product_tag","embeddable":true,"href":"https:\/\/freizeit-technik.de\/es\/wp-json\/wp\/v2\/product_tag?post=18611"}],"curies":[{"name":"wp","href":"https:\/\/api.w.org\/{rel}","templated":true}]}}