{"id":10062,"date":"2026-04-15T14:18:58","date_gmt":"2026-04-15T12:18:58","guid":{"rendered":"https:\/\/freizeit-technik.de\/accessoires-pour-parcs-de-trampolines\/"},"modified":"2026-04-15T14:18:58","modified_gmt":"2026-04-15T12:18:58","slug":"accessoires-pour-parcs-de-trampolines","status":"publish","type":"page","link":"https:\/\/freizeit-technik.de\/fr\/accessoires-pour-parcs-de-trampolines\/","title":{"rendered":"Accessoires pour parcs de trampolines"},"content":{"rendered":"\n<h3 class=\"wp-block-heading\">Nous fournissons des accessoires et des pi\u00e8ces de rechange pour tous les parcs de trampolines et installations de trampolines exploit\u00e9s \u00e0 titre commercial <br\/>.<\/h3>\n\n<p>Notre force particuli\u00e8re est la fabrication de <strong>toiles de trampoline sur mesure<\/strong> &#8211; dans une grande vari\u00e9t\u00e9 et exactement adapt\u00e9es \u00e0 votre domaine d&#8217;application.<\/p>\n\n<p>Pour un ajustement parfait de votre nouvelle <strong>toile de saut<\/strong>, quelques v\u00e9rifications suffisent. <br\/>Si vous \u00eates int\u00e9ress\u00e9, contactez-nous <strong><a href=\"https:\/\/freizeit-technik.de\/kontakt\/\" data-type=\"page\" data-id=\"116\">directement \u00e0<\/a><\/strong>.<\/p>\n\n<p>Nous disposons \u00e9galement d&#8217;une large gamme de <strong>ressorts de trampoline<\/strong> robustes dans les dimensions les plus diverses.<\/p>\n\n<p>Nos <strong>cubes<\/strong> sp\u00e9ciaux sont tr\u00e8s appr\u00e9ci\u00e9s. Fabriqu\u00e9s individuellement, ils sont d&#8217;une qualit\u00e9 exceptionnelle et procurent un plaisir durable tout en \u00e9pargnant \u00e0 l&#8217;utilisateur des efforts de nettoyage consid\u00e9rables.  <\/p>\n\n<p>Parcourez notre boutique pour trouver des solutions universelles et des petites pi\u00e8ces.  <\/p>\n\n<p>Si vous ne trouvez pas ce que vous cherchez, <strong><a href=\"https:\/\/freizeit-technik.de\/kontakt\/\" data-type=\"page\" data-id=\"116\">n&#8217;h\u00e9sitez pas \u00e0 nous contacter<\/a><\/strong>.<\/p>\n\n<div class=\"wp-block-columns is-layout-flex wp-container-core-columns-is-layout-28f84493 wp-block-columns-is-layout-flex\">\n<div class=\"wp-block-column is-layout-flow wp-block-column-is-layout-flow\"><div class=\"wp-block-image\">\n<figure class=\"alignleft size-full\"><img loading=\"lazy\" decoding=\"async\" width=\"600\" height=\"600\" src=\"https:\/\/freizeit-technik.de\/wp-content\/uploads\/2025\/02\/trampolinanlagen__sprungtuch_1.jpg\" alt=\"Tissus de saut\" class=\"wp-image-5398\" srcset=\"https:\/\/freizeit-technik.de\/wp-content\/uploads\/2025\/02\/trampolinanlagen__sprungtuch_1.jpg 600w, https:\/\/freizeit-technik.de\/wp-content\/uploads\/2025\/02\/trampolinanlagen__sprungtuch_1-300x300.jpg 300w, https:\/\/freizeit-technik.de\/wp-content\/uploads\/2025\/02\/trampolinanlagen__sprungtuch_1-150x150.jpg 150w, https:\/\/freizeit-technik.de\/wp-content\/uploads\/2025\/02\/trampolinanlagen__sprungtuch_1-324x324.jpg 324w, https:\/\/freizeit-technik.de\/wp-content\/uploads\/2025\/02\/trampolinanlagen__sprungtuch_1-416x416.jpg 416w, https:\/\/freizeit-technik.de\/wp-content\/uploads\/2025\/02\/trampolinanlagen__sprungtuch_1-100x100.jpg 100w\" sizes=\"auto, (max-width: 600px) 100vw, 600px\" \/><figcaption class=\"wp-element-caption\"><strong>Toiles de trampoline sur mesure<\/strong><\/figcaption><\/figure>\n<\/div><\/div>\n\n\n\n<div class=\"wp-block-column is-layout-flow wp-block-column-is-layout-flow\"><div class=\"wp-block-image\">\n<figure class=\"alignleft size-full\"><img loading=\"lazy\" decoding=\"async\" width=\"600\" height=\"600\" src=\"https:\/\/freizeit-technik.de\/wp-content\/uploads\/2025\/02\/trampolinanlagen__federn.jpg\" alt=\"\" class=\"wp-image-5396\" srcset=\"https:\/\/freizeit-technik.de\/wp-content\/uploads\/2025\/02\/trampolinanlagen__federn.jpg 600w, https:\/\/freizeit-technik.de\/wp-content\/uploads\/2025\/02\/trampolinanlagen__federn-300x300.jpg 300w, https:\/\/freizeit-technik.de\/wp-content\/uploads\/2025\/02\/trampolinanlagen__federn-150x150.jpg 150w, https:\/\/freizeit-technik.de\/wp-content\/uploads\/2025\/02\/trampolinanlagen__federn-324x324.jpg 324w, https:\/\/freizeit-technik.de\/wp-content\/uploads\/2025\/02\/trampolinanlagen__federn-416x416.jpg 416w, https:\/\/freizeit-technik.de\/wp-content\/uploads\/2025\/02\/trampolinanlagen__federn-100x100.jpg 100w\" sizes=\"auto, (max-width: 600px) 100vw, 600px\" \/><figcaption class=\"wp-element-caption\"> <strong>Ressorts de trampoline<\/strong><\/figcaption><\/figure>\n<\/div><\/div>\n\n\n\n<div class=\"wp-block-column is-layout-flow wp-block-column-is-layout-flow\"><div class=\"wp-block-image\">\n<figure class=\"alignleft size-full\"><img loading=\"lazy\" decoding=\"async\" width=\"600\" height=\"600\" src=\"https:\/\/freizeit-technik.de\/wp-content\/uploads\/2025\/02\/trampolinanlagen__cubes.jpg\" alt=\"Cubes en mousse&#10;\" class=\"wp-image-5394\" srcset=\"https:\/\/freizeit-technik.de\/wp-content\/uploads\/2025\/02\/trampolinanlagen__cubes.jpg 600w, https:\/\/freizeit-technik.de\/wp-content\/uploads\/2025\/02\/trampolinanlagen__cubes-300x300.jpg 300w, https:\/\/freizeit-technik.de\/wp-content\/uploads\/2025\/02\/trampolinanlagen__cubes-150x150.jpg 150w, https:\/\/freizeit-technik.de\/wp-content\/uploads\/2025\/02\/trampolinanlagen__cubes-324x324.jpg 324w, https:\/\/freizeit-technik.de\/wp-content\/uploads\/2025\/02\/trampolinanlagen__cubes-416x416.jpg 416w, https:\/\/freizeit-technik.de\/wp-content\/uploads\/2025\/02\/trampolinanlagen__cubes-100x100.jpg 100w\" sizes=\"auto, (max-width: 600px) 100vw, 600px\" \/><figcaption class=\"wp-element-caption\"><strong>Cubes<\/strong><\/figcaption><\/figure>\n<\/div><\/div>\n<\/div>\n\n<p><\/p>\n","protected":false},"excerpt":{"rendered":"<p>Nous fournissons des accessoires et des pi\u00e8ces de rechange pour tous les parcs de trampolines et installations de trampolines exploit\u00e9s \u00e0 titre commercial . Notre force particuli\u00e8re est la fabrication de toiles de trampoline sur mesure &#8211; dans une grande vari\u00e9t\u00e9 et exactement adapt\u00e9es \u00e0 votre domaine d&#8217;application. Pour un ajustement parfait de votre nouvelle [&hellip;]<\/p>\n","protected":false},"author":16,"featured_media":0,"parent":0,"menu_order":0,"comment_status":"closed","ping_status":"closed","template":"template-overview.php","meta":{"_acf_changed":false,"footnotes":""},"class_list":["post-10062","page","type-page","status-publish","hentry"],"acf":[],"_links":{"self":[{"href":"https:\/\/freizeit-technik.de\/fr\/wp-json\/wp\/v2\/pages\/10062","targetHints":{"allow":["GET"]}}],"collection":[{"href":"https:\/\/freizeit-technik.de\/fr\/wp-json\/wp\/v2\/pages"}],"about":[{"href":"https:\/\/freizeit-technik.de\/fr\/wp-json\/wp\/v2\/types\/page"}],"author":[{"embeddable":true,"href":"https:\/\/freizeit-technik.de\/fr\/wp-json\/wp\/v2\/users\/16"}],"replies":[{"embeddable":true,"href":"https:\/\/freizeit-technik.de\/fr\/wp-json\/wp\/v2\/comments?post=10062"}],"version-history":[{"count":2,"href":"https:\/\/freizeit-technik.de\/fr\/wp-json\/wp\/v2\/pages\/10062\/revisions"}],"predecessor-version":[{"id":10066,"href":"https:\/\/freizeit-technik.de\/fr\/wp-json\/wp\/v2\/pages\/10062\/revisions\/10066"}],"wp:attachment":[{"href":"https:\/\/freizeit-technik.de\/fr\/wp-json\/wp\/v2\/media?parent=10062"}],"curies":[{"name":"wp","href":"https:\/\/api.w.org\/{rel}","templated":true}]}}