{"id":15023,"date":"2026-05-01T08:43:19","date_gmt":"2026-05-01T06:43:19","guid":{"rendered":"https:\/\/freizeit-technik.de\/cubes-cubes-en-mousse\/"},"modified":"2026-05-01T08:43:19","modified_gmt":"2026-05-01T06:43:19","slug":"cubes-cubes-en-mousse","status":"publish","type":"page","link":"https:\/\/freizeit-technik.de\/fr\/cubes-cubes-en-mousse\/","title":{"rendered":"Cubes &#8211; Cubes en mousse"},"content":{"rendered":"\n<h3 class=\"wp-block-heading\">La qualit\u00e9 sans les coins et les bords<\/h3>\n\n<p>Comment augmenter l&#8217;attractivit\u00e9 de votre parc de trampolines tout en \u00e9conomisant du temps et de l&#8217;argent ?  <br\/><strong>Avec nos Foam Pit Cubes !<\/strong><br\/>Gr\u00e2ce \u00e0 la qualit\u00e9 unique de JUMP-SPORTS, avec des surfaces lisses et des coins et bords arrondis, ils sont tr\u00e8s esth\u00e9tiques, permettent un atterrissage en douceur et sont extr\u00eamement r\u00e9sistants. Ces avantages sont rendus possibles par le fait que chaque bloc est mouss\u00e9 individuellement, contrairement aux blocs de mousse coup\u00e9s traditionnels. Cela permet d&#8217;obtenir des surfaces ferm\u00e9es avec des contours ext\u00e9rieurs arrondis &#8211; et donc des blocs r\u00e9sistants qui restent attrayants dans le temps et qui n\u00e9cessitent peu de travaux d&#8217;ameublissement. Un atterrissage en douceur pour vos visiteurs &#8211; peu d&#8217;efforts pour vous.   <br\/><br\/>Si vous \u00eates int\u00e9ress\u00e9, veuillez nous contacter <a href=\"https:\/\/freizeit-technik.de\/kontakt\/\" data-type=\"page\" data-id=\"116\"><strong>directement<\/strong>.<\/a><\/p>\n\n<div class=\"wp-block-columns is-layout-flex wp-container-core-columns-is-layout-28f84493 wp-block-columns-is-layout-flex\">\n<div class=\"wp-block-column is-layout-flow wp-block-column-is-layout-flow\">\n<figure class=\"wp-block-image size-full\"><img loading=\"lazy\" decoding=\"async\" width=\"600\" height=\"600\" src=\"https:\/\/freizeit-technik.de\/wp-content\/uploads\/2025\/01\/cube_schwarz_hand.jpg\" alt=\"\" class=\"wp-image-5363\" srcset=\"https:\/\/freizeit-technik.de\/wp-content\/uploads\/2025\/01\/cube_schwarz_hand.jpg 600w, https:\/\/freizeit-technik.de\/wp-content\/uploads\/2025\/01\/cube_schwarz_hand-300x300.jpg 300w, https:\/\/freizeit-technik.de\/wp-content\/uploads\/2025\/01\/cube_schwarz_hand-150x150.jpg 150w, https:\/\/freizeit-technik.de\/wp-content\/uploads\/2025\/01\/cube_schwarz_hand-324x324.jpg 324w, https:\/\/freizeit-technik.de\/wp-content\/uploads\/2025\/01\/cube_schwarz_hand-416x416.jpg 416w, https:\/\/freizeit-technik.de\/wp-content\/uploads\/2025\/01\/cube_schwarz_hand-100x100.jpg 100w\" sizes=\"auto, (max-width: 600px) 100vw, 600px\" \/><\/figure>\n<\/div>\n\n\n\n<div class=\"wp-block-column is-layout-flow wp-block-column-is-layout-flow\">\n<figure class=\"wp-block-image size-full\"><img loading=\"lazy\" decoding=\"async\" width=\"568\" height=\"600\" src=\"https:\/\/freizeit-technik.de\/wp-content\/uploads\/2025\/01\/cube_gelb-e1738330991282.jpg\" alt=\"\" class=\"wp-image-5361\" srcset=\"https:\/\/freizeit-technik.de\/wp-content\/uploads\/2025\/01\/cube_gelb-e1738330991282.jpg 568w, https:\/\/freizeit-technik.de\/wp-content\/uploads\/2025\/01\/cube_gelb-e1738330991282-284x300.jpg 284w, https:\/\/freizeit-technik.de\/wp-content\/uploads\/2025\/01\/cube_gelb-e1738330991282-142x150.jpg 142w, https:\/\/freizeit-technik.de\/wp-content\/uploads\/2025\/01\/cube_gelb-e1738330991282-324x342.jpg 324w, https:\/\/freizeit-technik.de\/wp-content\/uploads\/2025\/01\/cube_gelb-e1738330991282-416x439.jpg 416w\" sizes=\"auto, (max-width: 568px) 100vw, 568px\" \/><\/figure>\n<\/div>\n\n\n\n<div class=\"wp-block-column is-layout-flow wp-block-column-is-layout-flow\">\n<figure class=\"wp-block-image size-full\"><img loading=\"lazy\" decoding=\"async\" width=\"600\" height=\"600\" src=\"https:\/\/freizeit-technik.de\/wp-content\/uploads\/2025\/01\/cube_gelb_schwarz.jpg\" alt=\"Cube en mousse\" class=\"wp-image-5359\" srcset=\"https:\/\/freizeit-technik.de\/wp-content\/uploads\/2025\/01\/cube_gelb_schwarz.jpg 600w, https:\/\/freizeit-technik.de\/wp-content\/uploads\/2025\/01\/cube_gelb_schwarz-300x300.jpg 300w, https:\/\/freizeit-technik.de\/wp-content\/uploads\/2025\/01\/cube_gelb_schwarz-150x150.jpg 150w, https:\/\/freizeit-technik.de\/wp-content\/uploads\/2025\/01\/cube_gelb_schwarz-324x324.jpg 324w, https:\/\/freizeit-technik.de\/wp-content\/uploads\/2025\/01\/cube_gelb_schwarz-416x416.jpg 416w, https:\/\/freizeit-technik.de\/wp-content\/uploads\/2025\/01\/cube_gelb_schwarz-100x100.jpg 100w\" sizes=\"auto, (max-width: 600px) 100vw, 600px\" \/><\/figure>\n<\/div>\n<\/div>\n\n<h3 class=\"wp-block-heading\">Regardez notre vid\u00e9o \u00e0 ce sujet :<\/h3>\n\n<hr class=\"wp-block-separator has-text-color has-luminous-vivid-orange-color has-alpha-channel-opacity has-luminous-vivid-orange-background-color has-background is-style-wide\"\/>\n\n<figure class=\"wp-block-video\"><video height=\"720\" style=\"aspect-ratio: 1280 \/ 720;\" width=\"1280\" controls=\"\" poster=\"https:\/\/freizeit-technik.de\/wp-content\/uploads\/2025\/02\/Bildschirmfoto-2025-02-06-um-11.38.43.png\" src=\"https:\/\/freizeit-technik.de\/wp-content\/uploads\/2019\/05\/JumpSportsCubes_low1.mov\"><\/video><\/figure>\n\n<hr class=\"wp-block-separator has-text-color has-luminous-vivid-orange-color has-alpha-channel-opacity has-luminous-vivid-orange-background-color has-background is-style-wide\"\/>\n\n<p><strong><mark style=\"background-color:rgba(0, 0, 0, 0)\" class=\"has-inline-color has-luminous-vivid-orange-color\">AVANTAGES :<\/mark><\/strong><br\/><strong>QUALIT\u00c9 SUP\u00c9RIEURE :<\/strong> Mousse europ\u00e9enne soigneusement travaill\u00e9e, non toxique, non inflammable<br\/> UNIQUE<strong>: <\/strong>Design sp\u00e9cial pour une exp\u00e9rience d&#8217;atterrissage exceptionnelle<br\/><strong>LONGUE DUR\u00c9E : <\/strong>Grande r\u00e9silience, quasiment pas d&#8217;\u00e9crasement ou de rupture du mat\u00e9riau<br\/> FACILIT\u00c9 D&#8217;ENTRETIEN<strong>: <\/strong>R\u00e9duction consid\u00e9rable du nettoyage et du desserrage<br\/><strong>ATTRACTIF :<\/strong> Aspect durablement superbe, couleurs vives possibles<\/p>\n","protected":false},"excerpt":{"rendered":"<p>La qualit\u00e9 sans les coins et les bords Comment augmenter l&#8217;attractivit\u00e9 de votre parc de trampolines tout en \u00e9conomisant du temps et de l&#8217;argent ? Avec nos Foam Pit Cubes !Gr\u00e2ce \u00e0 la qualit\u00e9 unique de JUMP-SPORTS, avec des surfaces lisses et des coins et bords arrondis, ils sont tr\u00e8s esth\u00e9tiques, permettent un atterrissage en [&hellip;]<\/p>\n","protected":false},"author":16,"featured_media":0,"parent":0,"menu_order":0,"comment_status":"closed","ping_status":"closed","template":"","meta":{"_acf_changed":false,"footnotes":""},"class_list":["post-15023","page","type-page","status-publish","hentry"],"acf":[],"_links":{"self":[{"href":"https:\/\/freizeit-technik.de\/fr\/wp-json\/wp\/v2\/pages\/15023","targetHints":{"allow":["GET"]}}],"collection":[{"href":"https:\/\/freizeit-technik.de\/fr\/wp-json\/wp\/v2\/pages"}],"about":[{"href":"https:\/\/freizeit-technik.de\/fr\/wp-json\/wp\/v2\/types\/page"}],"author":[{"embeddable":true,"href":"https:\/\/freizeit-technik.de\/fr\/wp-json\/wp\/v2\/users\/16"}],"replies":[{"embeddable":true,"href":"https:\/\/freizeit-technik.de\/fr\/wp-json\/wp\/v2\/comments?post=15023"}],"version-history":[{"count":2,"href":"https:\/\/freizeit-technik.de\/fr\/wp-json\/wp\/v2\/pages\/15023\/revisions"}],"predecessor-version":[{"id":15026,"href":"https:\/\/freizeit-technik.de\/fr\/wp-json\/wp\/v2\/pages\/15023\/revisions\/15026"}],"wp:attachment":[{"href":"https:\/\/freizeit-technik.de\/fr\/wp-json\/wp\/v2\/media?parent=15023"}],"curies":[{"name":"wp","href":"https:\/\/api.w.org\/{rel}","templated":true}]}}