{"id":15111,"date":"2026-05-01T08:43:56","date_gmt":"2026-05-01T06:43:56","guid":{"rendered":"https:\/\/freizeit-technik.de\/accessoires-pour-trampolines-a-lelastique\/"},"modified":"2026-05-01T08:43:56","modified_gmt":"2026-05-01T06:43:56","slug":"accessoires-pour-trampolines-a-lelastique","status":"publish","type":"page","link":"https:\/\/freizeit-technik.de\/fr\/accessoires-pour-trampolines-a-lelastique\/","title":{"rendered":"Accessoires pour trampolines \u00e0 l&#8217;\u00e9lastique"},"content":{"rendered":"\n<p>Nous fournissons des accessoires et des pi\u00e8ces de rechange pour toutes les installations de trampolines bungee \u00e0 usage commercial.  <br\/>Outre de nombreux articles de marque, nous proposons \u00e9galement nos propres s\u00e9ries de produits, que vous ne trouverez que chez nous.  <br\/>Avec une gamme in\u00e9gal\u00e9e d&#8217;\u00e9lastiques et de sangles de saut, nous vous offrons exactement ce dont vous avez besoin.  <\/p>\n\n<p>Les pi\u00e8ces de rechange m\u00e9caniques sont disponibles pour nos trampolines \u00e0 l&#8217;\u00e9lastique, ainsi que pour les trampolines \u00e0 l&#8217;\u00e9lastique 4 en 1 des marques historiques Eurobungy et Funvision. <strong><u><a href=\"https:\/\/freizeit-technik.de\/kontakt\/\" data-type=\"page\" data-id=\"116\">sur demande<\/a><\/u><\/strong>.  <\/p>\n\n<p><\/p>\n\n<p><\/p>\n\n<p><\/p>\n","protected":false},"excerpt":{"rendered":"<p>Nous fournissons des accessoires et des pi\u00e8ces de rechange pour toutes les installations de trampolines bungee \u00e0 usage commercial. Outre de nombreux articles de marque, nous proposons \u00e9galement nos propres s\u00e9ries de produits, que vous ne trouverez que chez nous. Avec une gamme in\u00e9gal\u00e9e d&#8217;\u00e9lastiques et de sangles de saut, nous vous offrons exactement ce [&hellip;]<\/p>\n","protected":false},"author":16,"featured_media":0,"parent":0,"menu_order":0,"comment_status":"closed","ping_status":"closed","template":"template-overview.php","meta":{"_acf_changed":false,"footnotes":""},"class_list":["post-15111","page","type-page","status-publish","hentry"],"acf":[],"_links":{"self":[{"href":"https:\/\/freizeit-technik.de\/fr\/wp-json\/wp\/v2\/pages\/15111","targetHints":{"allow":["GET"]}}],"collection":[{"href":"https:\/\/freizeit-technik.de\/fr\/wp-json\/wp\/v2\/pages"}],"about":[{"href":"https:\/\/freizeit-technik.de\/fr\/wp-json\/wp\/v2\/types\/page"}],"author":[{"embeddable":true,"href":"https:\/\/freizeit-technik.de\/fr\/wp-json\/wp\/v2\/users\/16"}],"replies":[{"embeddable":true,"href":"https:\/\/freizeit-technik.de\/fr\/wp-json\/wp\/v2\/comments?post=15111"}],"version-history":[{"count":2,"href":"https:\/\/freizeit-technik.de\/fr\/wp-json\/wp\/v2\/pages\/15111\/revisions"}],"predecessor-version":[{"id":15114,"href":"https:\/\/freizeit-technik.de\/fr\/wp-json\/wp\/v2\/pages\/15111\/revisions\/15114"}],"wp:attachment":[{"href":"https:\/\/freizeit-technik.de\/fr\/wp-json\/wp\/v2\/media?parent=15111"}],"curies":[{"name":"wp","href":"https:\/\/api.w.org\/{rel}","templated":true}]}}