{"id":15147,"date":"2026-05-02T20:59:20","date_gmt":"2026-05-02T18:59:20","guid":{"rendered":"https:\/\/freizeit-technik.de\/aire-de-jeux-interieure-et-materiel-evenementiel\/"},"modified":"2026-05-02T20:59:20","modified_gmt":"2026-05-02T18:59:20","slug":"aire-de-jeux-interieure-et-materiel-evenementiel","status":"publish","type":"page","link":"https:\/\/freizeit-technik.de\/fr\/aire-de-jeux-interieure-et-materiel-evenementiel\/","title":{"rendered":"Aire de jeux int\u00e9rieure et mat\u00e9riel \u00e9v\u00e9nementiel"},"content":{"rendered":"<p>G\u00e9n\u00e9ralit\u00e9s sur l&#8217;aire de jeux int\u00e9rieure et les besoins \u00e9v\u00e9nementiels<\/p>\n","protected":false},"excerpt":{"rendered":"<p>G\u00e9n\u00e9ralit\u00e9s sur l&#8217;aire de jeux int\u00e9rieure et les besoins \u00e9v\u00e9nementiels<\/p>\n","protected":false},"author":1,"featured_media":0,"parent":0,"menu_order":0,"comment_status":"closed","ping_status":"closed","template":"template-overview.php","meta":{"_acf_changed":false,"footnotes":""},"class_list":["post-15147","page","type-page","status-publish","hentry"],"acf":[],"_links":{"self":[{"href":"https:\/\/freizeit-technik.de\/fr\/wp-json\/wp\/v2\/pages\/15147","targetHints":{"allow":["GET"]}}],"collection":[{"href":"https:\/\/freizeit-technik.de\/fr\/wp-json\/wp\/v2\/pages"}],"about":[{"href":"https:\/\/freizeit-technik.de\/fr\/wp-json\/wp\/v2\/types\/page"}],"author":[{"embeddable":true,"href":"https:\/\/freizeit-technik.de\/fr\/wp-json\/wp\/v2\/users\/1"}],"replies":[{"embeddable":true,"href":"https:\/\/freizeit-technik.de\/fr\/wp-json\/wp\/v2\/comments?post=15147"}],"version-history":[{"count":1,"href":"https:\/\/freizeit-technik.de\/fr\/wp-json\/wp\/v2\/pages\/15147\/revisions"}],"predecessor-version":[{"id":15151,"href":"https:\/\/freizeit-technik.de\/fr\/wp-json\/wp\/v2\/pages\/15147\/revisions\/15151"}],"wp:attachment":[{"href":"https:\/\/freizeit-technik.de\/fr\/wp-json\/wp\/v2\/media?parent=15147"}],"curies":[{"name":"wp","href":"https:\/\/api.w.org\/{rel}","templated":true}]}}