{"id":15790,"date":"2026-05-04T14:37:28","date_gmt":"2026-05-04T12:37:28","guid":{"rendered":"https:\/\/freizeit-technik.de\/installations-de-bungee-trampoline\/"},"modified":"2026-05-04T14:37:29","modified_gmt":"2026-05-04T12:37:29","slug":"installations-de-bungee-trampoline","status":"publish","type":"page","link":"https:\/\/freizeit-technik.de\/fr\/installations-de-bungee-trampoline\/","title":{"rendered":"Installations de bungee trampoline"},"content":{"rendered":"<p>\u00c9tait-ce une intuition ou une pr\u00e9tention ? Probablement un m\u00e9lange des deux.<br \/>\nIl y a quelques d\u00e9cennies, notre grand trampoline bungee \u00e9tait encore g\u00e9n\u00e9ralement qualifi\u00e9 de &#8220;tendance&#8221;, mais d\u00e8s sa premi\u00e8re ann\u00e9e de production, il a re\u00e7u le nom de &#8220;4tramp classic&#8221;.<br \/>\nPourquoi le plaisir d&#8217;un mouvement physiquement impossible et intens\u00e9ment v\u00e9cu devrait-il s&#8217;estomper un jour ?<br \/>\nNos installations de trampolines bungee sont devenues un succ\u00e8s durable et mondial. Et aujourd&#8217;hui encore, une installation de trampoline bungee de notre production plac\u00e9e au bon endroit repr\u00e9sente un investissement g\u00e9rable avec d&#8217;excellentes perspectives de chiffre d&#8217;affaires.<br \/>\nNous proposons une solution optimale pour chaque site, qu&#8217;il soit mobile ou fixe.  <\/p>\n","protected":false},"excerpt":{"rendered":"<p>\u00c9tait-ce une intuition ou une pr\u00e9tention ? Probablement un m\u00e9lange des deux. Il y a quelques d\u00e9cennies, notre grand trampoline bungee \u00e9tait encore g\u00e9n\u00e9ralement qualifi\u00e9 de &#8220;tendance&#8221;, mais d\u00e8s sa premi\u00e8re ann\u00e9e de production, il a re\u00e7u le nom de &#8220;4tramp classic&#8221;. Pourquoi le plaisir d&#8217;un mouvement physiquement impossible et intens\u00e9ment v\u00e9cu devrait-il s&#8217;estomper un [&hellip;]<\/p>\n","protected":false},"author":1,"featured_media":0,"parent":0,"menu_order":0,"comment_status":"closed","ping_status":"closed","template":"template-overview.php","meta":{"_acf_changed":false,"footnotes":""},"class_list":["post-15790","page","type-page","status-publish","hentry"],"acf":[],"_links":{"self":[{"href":"https:\/\/freizeit-technik.de\/fr\/wp-json\/wp\/v2\/pages\/15790","targetHints":{"allow":["GET"]}}],"collection":[{"href":"https:\/\/freizeit-technik.de\/fr\/wp-json\/wp\/v2\/pages"}],"about":[{"href":"https:\/\/freizeit-technik.de\/fr\/wp-json\/wp\/v2\/types\/page"}],"author":[{"embeddable":true,"href":"https:\/\/freizeit-technik.de\/fr\/wp-json\/wp\/v2\/users\/1"}],"replies":[{"embeddable":true,"href":"https:\/\/freizeit-technik.de\/fr\/wp-json\/wp\/v2\/comments?post=15790"}],"version-history":[{"count":1,"href":"https:\/\/freizeit-technik.de\/fr\/wp-json\/wp\/v2\/pages\/15790\/revisions"}],"predecessor-version":[{"id":15830,"href":"https:\/\/freizeit-technik.de\/fr\/wp-json\/wp\/v2\/pages\/15790\/revisions\/15830"}],"wp:attachment":[{"href":"https:\/\/freizeit-technik.de\/fr\/wp-json\/wp\/v2\/media?parent=15790"}],"curies":[{"name":"wp","href":"https:\/\/api.w.org\/{rel}","templated":true}]}}