{"id":12094,"date":"2026-03-10T17:57:52","date_gmt":"2026-03-10T16:57:52","guid":{"rendered":"https:\/\/freizeit-technik.de\/shop\/type-2-toile-de-saut-en-pvc-jaune-pour-trampolines\/"},"modified":"2026-04-21T17:44:09","modified_gmt":"2026-04-21T15:44:09","slug":"type-2-toile-de-saut-en-pvc-jaune-pour-trampolines","status":"publish","type":"product","link":"https:\/\/freizeit-technik.de\/fr\/shop\/type-2-toile-de-saut-en-pvc-jaune-pour-trampolines\/","title":{"rendered":"Type 2 Toile de saut en PVC jaune pour trampolines"},"content":{"rendered":"<p><strong>largeurs maximales noir, bleu et vert : 230cm<br \/>\n<\/strong><strong>largeurs maximales jaune, orange et gris : 220cm<br \/>\n<\/strong><strong>longueur maximale : 20m<br \/>\n<\/strong><strong>Application : \u00e0 l&#8217;int\u00e9rieur et \u00e0 l&#8217;ext\u00e9rieur<br \/>\n<\/strong><strong>Couleurs : noir, bleu, vert, jaune, orange, gris<br \/>\n<\/strong><strong>Puissance de lancer : ++++<br \/>\n<\/strong><strong>\u00c9lasticit\u00e9 ponctuelle : +++<br \/>\n<\/strong><strong>R\u00e9sistance aux UV noir : ++++<br \/>\n<\/strong><strong>R\u00e9sistance aux UV couleur : +++<br \/>\n<\/strong><strong>Nettoyage : +++++<\/strong><\/p>\n<p><img loading=\"lazy\" decoding=\"async\" class=\"size-full wp-image-682 alignleft\" src=\"https:\/\/freizeit-technik.de\/wp-content\/uploads\/2017\/03\/Q_deutschland-1.gif\" alt=\"\" width=\"64\" height=\"64\"><\/p>\n<p>&nbsp;<\/p>\n<p>&nbsp;<\/p>\n","protected":false},"excerpt":{"rendered":"<p>La toile de saut de type 2 en PVC grillag\u00e9 est d\u00e9sormais notre tissu le plus utilis\u00e9. Plusieurs milliers d&#8217;unit\u00e9s sont utilis\u00e9es \u00e0 l&#8217;int\u00e9rieur et \u00e0 l&#8217;ext\u00e9rieur dans le monde entier. Elle est tr\u00e8s robuste et peut \u00eatre utilis\u00e9e de diff\u00e9rentes mani\u00e8res.<br \/>\nElle offre une bonne adh\u00e9rence, un flux d&#8217;air nettement sup\u00e9rieur \u00e0 celui de la toile de saut en PP de type 1 et des propri\u00e9t\u00e9s de lancer similaires \u00e0 celles de la toile de saut de type 3.<br \/>\nLes mailles ne peuvent pas se d\u00e9former, de sorte que les ouvertures restent toujours identiques et qu&#8217;il n&#8217;y a pas de risque de formation de points de coincement.<br \/>\nLe nettoyage est tr\u00e8s facile, car la poussi\u00e8re ne peut gu\u00e8re adh\u00e9rer au mat\u00e9riau.<br \/>\nEn cas d&#8217;utilisation de chaussettes antid\u00e9rapantes, il est conseill\u00e9 d&#8217;assortir la couleur du rev\u00eatement antid\u00e9rapant \u00e0 celle de la toile de saut.  <\/p>\n<p>Produit sur mesure dans notre propre atelier de sellerie de ma\u00eetre \u00e0 Stuttgart.<\/p>\n<p><strong>Conditions pr\u00e9alables pour les cat\u00e9gories de prix :<\/strong><\/p>\n<ul>\n<li><strong>Taille 1 : <\/strong>jusqu&#8217;\u00e0 2m\u00b2 + aucun c\u00f4t\u00e9 inf\u00e9rieur \u00e0 90cm, par <strong>exemple jusqu&#8217;\u00e0 140 x 140cm<\/strong><\/li>\n<li style=\"text-align: left;\"><strong>Taille 2 : <\/strong>jusqu&#8217;\u00e0 5m\u00b2 + aucun c\u00f4t\u00e9 inf\u00e9rieur \u00e0 120cm, <strong>par exemple jusqu&#8217;\u00e0 200 x 250cm<\/strong><\/li>\n<li style=\"text-align: left;\"><strong>Taille 3 : <\/strong>jusqu&#8217;\u00e0 8,5m\u00b2 + aucun c\u00f4t\u00e9 inf\u00e9rieur \u00e0 150cm, <strong>par exemple jusqu&#8217;\u00e0 195 x 435cm<\/strong><\/li>\n<li style=\"text-align: left;\"><strong>Taille 4 : <\/strong>jusqu&#8217;\u00e0 12m\u00b2 + aucun c\u00f4t\u00e9 inf\u00e9rieur \u00e0 180cm, <strong>par exemple jusqu&#8217;\u00e0 220 x 540cm<\/strong><\/li>\n<li><strong>Mesure standard &#8220;module de tramp Multitramp&#8221;.  <\/strong><\/li>\n<\/ul>\n<p>Carr\u00e9 ou rectangulaire. Pour des formes diff\u00e9rentes (rondes, triangulaires, octogonales, etc.) et des toiles plus \u00e9troites, veuillez nous adresser une demande s\u00e9par\u00e9e. <\/p>\n<p><strong>Prix \u00e9chelonn\u00e9s pour des toiles de saut identiques : <\/strong>si vous augmentez le nombre de pi\u00e8ces<br \/>\n\u00e0 2, 4 , 6, 8 ou 10, le prix unitaire diminue !<\/p>\n<p><strong>Proc\u00e9dure de commande : <\/strong>Nous n&#8217;avons pas besoin de vos mesures pour les toiles de saut multi-trampolines. Pour la fabrication d&#8217;installations d&#8217;autres fabricants, veuillez faire r\u00e9f\u00e9rence lors de votre commande \u00e0 des commandes ant\u00e9rieures \u00e9ventuelles. Si nous n&#8217;avons pas encore enregistr\u00e9 votre toile de saut avec les dimensions correspondantes, veuillez nous les communiquer. Si vous avez besoin d&#8217;aide, n&#8217;h\u00e9sitez pas \u00e0 nous contacter. Nous nous ferons un plaisir de vous aider \u00e0 d\u00e9terminer les bonnes dimensions !    <\/p>\n<p><strong>D\u00e9lai de livraison : <\/strong>en g\u00e9n\u00e9ral 1-2 semaines.<\/p>\n<p><strong>Important, prescrit par la norme DIN EN ISO 23659 : <\/strong><\/p>\n<ul>\n<li><strong>Tablier de s\u00e9curit\u00e9<\/strong> sur la toile de saut, qui ferme l&#8217;espace entre la toile de saut et le coussin (image 2).<\/li>\n<li><strong>cadre de bande tiss\u00e9e de couleur<\/strong> marquant la zone de saut s\u00e9curis\u00e9e (image 3).<\/li>\n<li><strong>filet de protection redondant<\/strong> sous la toile de saut (image 4).<\/li>\n<li>diff\u00e9rence de couleur clairement visible entre le coussin du trampoline et la toile du trampoline<\/li>\n<\/ul>\n<p>Si vous souhaitez n\u00e9anmoins renoncer \u00e0 ces exigences, veuillez nous envoyer une d\u00e9charge de responsabilit\u00e9 \u00e9crite imm\u00e9diatement apr\u00e8s votre commande.<\/p>\n<p><strong>Exploitants de parcs de trampolines<\/strong><br \/>\nVous exploitez un parc de trampolines ou plusieurs installations de trampolines avec des besoins importants, des formes et des tailles individuelles ? Nous mettons notre savoir-faire \u00e0 votre service et vous soumettons une offre pour le renouvellement de vos toiles et coussins de trampoline. <\/p>\n","protected":false},"featured_media":12096,"comment_status":"open","ping_status":"closed","template":"","meta":{"_acf_changed":false},"product_brand":[],"product_cat":[195,196],"product_tag":[],"class_list":{"0":"post-12094","1":"product","2":"type-product","3":"status-publish","4":"has-post-thumbnail","6":"product_cat-parc-de-trampolines-et-installations-de-trampolines","7":"product_cat-toile-de-saut-pour-trampoline","9":"first","10":"instock","11":"taxable","12":"shipping-taxable","13":"product-type-variable"},"acf":[],"_links":{"self":[{"href":"https:\/\/freizeit-technik.de\/fr\/wp-json\/wp\/v2\/product\/12094","targetHints":{"allow":["GET"]}}],"collection":[{"href":"https:\/\/freizeit-technik.de\/fr\/wp-json\/wp\/v2\/product"}],"about":[{"href":"https:\/\/freizeit-technik.de\/fr\/wp-json\/wp\/v2\/types\/product"}],"replies":[{"embeddable":true,"href":"https:\/\/freizeit-technik.de\/fr\/wp-json\/wp\/v2\/comments?post=12094"}],"wp:featuredmedia":[{"embeddable":true,"href":"https:\/\/freizeit-technik.de\/fr\/wp-json\/wp\/v2\/media\/12096"}],"wp:attachment":[{"href":"https:\/\/freizeit-technik.de\/fr\/wp-json\/wp\/v2\/media?parent=12094"}],"wp:term":[{"taxonomy":"product_brand","embeddable":true,"href":"https:\/\/freizeit-technik.de\/fr\/wp-json\/wp\/v2\/product_brand?post=12094"},{"taxonomy":"product_cat","embeddable":true,"href":"https:\/\/freizeit-technik.de\/fr\/wp-json\/wp\/v2\/product_cat?post=12094"},{"taxonomy":"product_tag","embeddable":true,"href":"https:\/\/freizeit-technik.de\/fr\/wp-json\/wp\/v2\/product_tag?post=12094"}],"curies":[{"name":"wp","href":"https:\/\/api.w.org\/{rel}","templated":true}]}}