{"id":12182,"date":"2026-03-08T21:44:44","date_gmt":"2026-03-08T20:44:44","guid":{"rendered":"https:\/\/freizeit-technik.de\/shop\/type-3-toile-de-saut-en-nylon-avec-cordon-de-serrage-pour-trampoline\/"},"modified":"2026-04-22T11:34:47","modified_gmt":"2026-04-22T09:34:47","slug":"type-3-toile-de-saut-en-nylon-avec-cordon-de-serrage-pour-trampoline","status":"publish","type":"product","link":"https:\/\/freizeit-technik.de\/fr\/shop\/type-3-toile-de-saut-en-nylon-avec-cordon-de-serrage-pour-trampoline\/","title":{"rendered":"Type 3 Toile de saut en nylon avec cordon de serrage pour trampoline"},"content":{"rendered":"<p><span class=\"tx-ttproducts-pi1-wrap2\"><strong>largeur maximale : 195cm<br \/>\nlongueur maximale : 440cm<br \/>\n<\/strong><strong>couleur : jaune<br \/>\n<\/strong><\/span><strong>Puissance de lancer : +++++<br \/>\n<\/strong><strong>\u00c9lasticit\u00e9 ponctuelle : +++++<br \/>\n<\/strong><strong>R\u00e9sistance aux UV : ++++<\/strong><strong><br \/>\n<\/strong><strong>nettoyage : ++<\/strong><\/p>\n<p><img loading=\"lazy\" decoding=\"async\" class=\"size-full wp-image-682 alignleft\" src=\"https:\/\/freizeit-technik.de\/wp-content\/uploads\/2017\/03\/Q_deutschland-1.gif\" alt=\"\" width=\"64\" height=\"64\"><\/p>\n","protected":false},"excerpt":{"rendered":"<p>La toile de saut de type 3 est un filet en nylon \u00e0 mailles larges, offrant une excellente circulation de l&#8217;air et une tr\u00e8s bonne \u00e9lasticit\u00e9 ponctuelle.<br \/>\nCombin\u00e9e avec nos ressorts n\u00b0 2a, 2b et 3, elle offre, en fonction du nombre de ressorts fix\u00e9s, des performances de lancer dans le domaine de la haute performance, conform\u00e9ment \u00e0 la norme EN 1293.<br \/>\n En raison de son \u00e9lasticit\u00e9 ponctuelle tr\u00e8s \u00e9lev\u00e9e &#8211; il s&#8217;adapte fortement aux pieds des sauteurs &#8211; il est \u00e9galement utilis\u00e9 avec nos ressorts n\u00b0 1 dans les aires de jeux int\u00e9rieures.<br \/>\nDans cette combinaison, il procure aux sauteurs une exp\u00e9rience de saut \u00e9quilibr\u00e9e et &#8220;douce&#8221;. <\/p>\n<p>Les mailles individuelles ne sont pas absolument ind\u00e9formables, elles peuvent se d\u00e9former facilement en cours d&#8217;utilisation et doivent alors \u00eatre reform\u00e9es manuellement.<br \/>\nNous proposons la toile de saut de type 3 en alternative avec un cordon de serrage ou des anneaux en V.  <strong>Le mod\u00e8le propos\u00e9 ici est dot\u00e9 d&#8217;un cordon de serrage !<\/strong><span class=\"tx-ttproducts-pi1-wrap2\"><br \/>\n<\/span><\/p>\n<p>Produit sur mesure dans notre propre atelier de sellerie de ma\u00eetre \u00e0 Stuttgart.<\/p>\n<p><strong>Conditions pr\u00e9alables pour les cat\u00e9gories de prix :<\/strong><\/p>\n<ul>\n<li><strong>Taille 1 :<\/strong> jusqu&#8217;\u00e0 2m\u00b2 + aucun c\u00f4t\u00e9 inf\u00e9rieur \u00e0 90cm, par exemple jusqu&#8217;\u00e0 140 x 140cm<\/li>\n<li><strong>Taille 2 :<\/strong> jusqu&#8217;\u00e0 5m\u00b2 + aucun c\u00f4t\u00e9 inf\u00e9rieur \u00e0 120cm, par exemple jusqu&#8217;\u00e0 200 x 250cm<\/li>\n<li><strong>Taille 3<\/strong>: jusqu&#8217;\u00e0 8,5m\u00b2 + aucun c\u00f4t\u00e9 inf\u00e9rieur \u00e0 150cm, par exemple jusqu&#8217;\u00e0 195 x 435cm<\/li>\n<\/ul>\n<p>Carr\u00e9 ou rectangulaire.<br \/>\nPour des formes diff\u00e9rentes (rondes, triangulaires, octogonales, etc.) et des toiles plus \u00e9troites, veuillez nous adresser une demande s\u00e9par\u00e9e.<\/p>\n<p><strong>Prix \u00e9chelonn\u00e9s pour des toiles de saut identiques : <\/strong>si vous augmentez le nombre de pi\u00e8ces<br \/>\n\u00e0 2, 4 , 6, 8 ou 10, le prix unitaire diminue !<\/p>\n<p><strong>Proc\u00e9dure de commande : <\/strong>Nous n&#8217;avons pas besoin de vos mesures pour les toiles de saut multi-trampolines. Pour la fabrication d&#8217;installations d&#8217;autres fabricants, veuillez faire r\u00e9f\u00e9rence lors de votre commande \u00e0 des commandes ant\u00e9rieures \u00e9ventuelles. Si nous n&#8217;avons pas encore enregistr\u00e9 votre toile de saut avec les dimensions correspondantes, veuillez nous les communiquer. Si vous avez besoin d&#8217;aide, n&#8217;h\u00e9sitez pas \u00e0 nous contacter. Nous nous ferons un plaisir de vous aider \u00e0 d\u00e9terminer les bonnes dimensions !    <\/p>\n<p><strong>D\u00e9lai de livraison : <\/strong>en g\u00e9n\u00e9ral 1-2 semaines.<\/p>\n<p><strong>Important, prescrit par la norme DIN EN ISO 23659 : <\/strong><\/p>\n<ul>\n<li><strong>Tablier de s\u00e9curit\u00e9<\/strong> sur la toile de saut, qui ferme l&#8217;espace entre la toile de saut et le coussin (image 2).<\/li>\n<li><strong>marquage<\/strong>, de la zone de saut s\u00e9curis\u00e9e (image 3).<\/li>\n<li><strong>filet de protection redondant<\/strong> sous la toile de saut (image 4).<\/li>\n<li>diff\u00e9rence de couleur clairement visible entre le coussin du trampoline et la toile du trampoline<\/li>\n<\/ul>\n<p>Si vous souhaitez n\u00e9anmoins renoncer \u00e0 ces exigences, veuillez nous envoyer une d\u00e9charge de responsabilit\u00e9 \u00e9crite imm\u00e9diatement apr\u00e8s votre commande.<\/p>\n<p><strong>Exploitants de parcs de trampolines<\/strong><br \/>\nVous exploitez un parc de trampolines ou plusieurs installations de trampolines avec des besoins importants, des formes et des tailles individuelles ? Nous mettons notre savoir-faire \u00e0 votre service et vous soumettons une offre pour le renouvellement de vos toiles et coussins de trampoline. <\/p>\n","protected":false},"featured_media":12183,"comment_status":"open","ping_status":"closed","template":"","meta":{"_acf_changed":false},"product_brand":[],"product_cat":[195,196],"product_tag":[],"class_list":{"0":"post-12182","1":"product","2":"type-product","3":"status-publish","4":"has-post-thumbnail","6":"product_cat-parc-de-trampolines-et-installations-de-trampolines","7":"product_cat-toile-de-saut-pour-trampoline","9":"first","10":"instock","11":"taxable","12":"shipping-taxable","13":"purchasable","14":"product-type-variable"},"acf":[],"_links":{"self":[{"href":"https:\/\/freizeit-technik.de\/fr\/wp-json\/wp\/v2\/product\/12182","targetHints":{"allow":["GET"]}}],"collection":[{"href":"https:\/\/freizeit-technik.de\/fr\/wp-json\/wp\/v2\/product"}],"about":[{"href":"https:\/\/freizeit-technik.de\/fr\/wp-json\/wp\/v2\/types\/product"}],"replies":[{"embeddable":true,"href":"https:\/\/freizeit-technik.de\/fr\/wp-json\/wp\/v2\/comments?post=12182"}],"wp:featuredmedia":[{"embeddable":true,"href":"https:\/\/freizeit-technik.de\/fr\/wp-json\/wp\/v2\/media\/12183"}],"wp:attachment":[{"href":"https:\/\/freizeit-technik.de\/fr\/wp-json\/wp\/v2\/media?parent=12182"}],"wp:term":[{"taxonomy":"product_brand","embeddable":true,"href":"https:\/\/freizeit-technik.de\/fr\/wp-json\/wp\/v2\/product_brand?post=12182"},{"taxonomy":"product_cat","embeddable":true,"href":"https:\/\/freizeit-technik.de\/fr\/wp-json\/wp\/v2\/product_cat?post=12182"},{"taxonomy":"product_tag","embeddable":true,"href":"https:\/\/freizeit-technik.de\/fr\/wp-json\/wp\/v2\/product_tag?post=12182"}],"curies":[{"name":"wp","href":"https:\/\/api.w.org\/{rel}","templated":true}]}}