{"id":12326,"date":"2026-03-07T12:18:45","date_gmt":"2026-03-07T11:18:45","guid":{"rendered":"https:\/\/freizeit-technik.de\/shop\/type-4-performance-toile-de-saut-en-pvc-grise-pour-trampolines\/"},"modified":"2026-04-22T11:35:12","modified_gmt":"2026-04-22T09:35:12","slug":"type-4-performance-toile-de-saut-en-pvc-grise-pour-trampolines","status":"publish","type":"product","link":"https:\/\/freizeit-technik.de\/fr\/shop\/type-4-performance-toile-de-saut-en-pvc-grise-pour-trampolines\/","title":{"rendered":"Type 4 Performance Toile de saut en PVC grise pour trampolines"},"content":{"rendered":"<p><strong>largeur maximale : 320cm<br \/>\n<\/strong><strong>longueur maximale : 800cm<br \/>\n<\/strong><strong>utilisation : int\u00e9rieur et ext\u00e9rieur<br \/>\n<\/strong><strong>couleur : gris<br \/>\n<\/strong><strong>Puissance de lancer : +++++<br \/>\n<\/strong><strong>\u00c9lasticit\u00e9 ponctuelle : ++++<br \/>\n<\/strong><strong>R\u00e9sistance aux UV : ++++<\/strong><\/p>\n<p><strong>Nettoyage : +++++<\/strong><\/p>\n<p><img loading=\"lazy\" decoding=\"async\" class=\"size-full wp-image-682 alignleft\" src=\"https:\/\/freizeit-technik.de\/wp-content\/uploads\/2017\/03\/Q_deutschland-1.gif\" alt=\"\" width=\"64\" height=\"64\"><\/p>\n<p>&nbsp;<\/p>\n<p>&nbsp;<\/p>\n","protected":false},"excerpt":{"rendered":"<p>La toile de saut de type 4 est un treillis sp\u00e9cial en PVC avec des mailles larges et un excellent flux d&#8217;air.<br \/>\nCombin\u00e9e avec nos ressorts de saut n\u00b0 2a, 2b et 3, elle fournit, en fonction du nombre de ressorts fix\u00e9s, des performances de lancer dans le domaine de la haute performance selon la norme DIN EN ISO 23659. <\/p>\n<p>Les mailles individuelles ne peuvent pas se d\u00e9former en cours d&#8217;utilisation. Le tissu est facile \u00e0 entretenir, tr\u00e8s simple \u00e0 nettoyer et pr\u00e9sente g\u00e9n\u00e9ralement un aspect agr\u00e9able, m\u00eame apr\u00e8s une utilisation prolong\u00e9e. <\/p>\n<p>Avec notre toile de saut de type 4, vous b\u00e9n\u00e9ficiez d&#8217;un tissu performant \u00e0 un rapport qualit\u00e9\/prix exceptionnel.<\/p>\n<p>Produit sur mesure dans notre propre atelier de sellerie de ma\u00eetre \u00e0 Stuttgart.<\/p>\n<p><strong> <\/strong><strong>Conditions pr\u00e9alables pour les cat\u00e9gories de prix :<\/strong><\/p>\n<ul>\n<li><strong>Taille 1 :<\/strong> jusqu&#8217;\u00e0 2m\u00b2 + aucun c\u00f4t\u00e9 inf\u00e9rieur \u00e0 90cm, par <strong>exemple jusqu&#8217;\u00e0 140 x 140cm<\/strong><\/li>\n<li><strong>Taille 2 :<\/strong> jusqu&#8217;\u00e0 5m\u00b2 + aucun c\u00f4t\u00e9 inf\u00e9rieur \u00e0 120cm, <strong>par exemple jusqu&#8217;\u00e0 200 x 250cm<\/strong><\/li>\n<li><strong>Taille 3 :<\/strong> jusqu&#8217;\u00e0 8,5m\u00b2 + aucun c\u00f4t\u00e9 inf\u00e9rieur \u00e0 150cm, <strong>par exemple jusqu&#8217;\u00e0 195 x 435cm<\/strong><\/li>\n<li><strong>Taille 4 : <\/strong>jusqu&#8217;\u00e0 12m\u00b2 + aucun c\u00f4t\u00e9 inf\u00e9rieur \u00e0 180cm, <strong>par exemple jusqu&#8217;\u00e0 220 x 540cm<\/strong><\/li>\n<\/ul>\n<p>Carr\u00e9 ou rectangulaire.<br \/>\nPour des formes diff\u00e9rentes (rondes, triangulaires, octogonales, etc.) et des toiles plus \u00e9troites, veuillez nous adresser une demande s\u00e9par\u00e9e.<\/p>\n<p><strong>Les prix \u00e9chelonn\u00e9s : <\/strong>Si vous augmentez le nombre de pi\u00e8ces \u00e0 2, 4 , 6, 8 ou 10, le prix unitaire diminue !<\/p>\n<p><strong>Proc\u00e9dure de commande : <\/strong>Pour la fabrication d&#8217;installations de production \u00e9trang\u00e8re, veuillez faire r\u00e9f\u00e9rence lors de votre commande \u00e0 des commandes ant\u00e9rieures \u00e9ventuelles. Si nous n&#8217;avons pas encore enregistr\u00e9 votre toile de saut avec les dimensions correspondantes, veuillez nous les communiquer. Si vous avez besoin d&#8217;aide, n&#8217;h\u00e9sitez pas \u00e0 nous contacter. Nous nous ferons un plaisir de vous aider \u00e0 d\u00e9terminer les bonnes dimensions !   <\/p>\n<p><strong>D\u00e9lai de livraison : <\/strong>en g\u00e9n\u00e9ral 1-2 semaines.<\/p>\n<p><strong>Important, prescrit par la norme DIN EN ISO 23659 : <\/strong><\/p>\n<ul>\n<li><strong>Tablier de s\u00e9curit\u00e9<\/strong> sur la toile de saut, qui ferme l&#8217;espace entre la toile de saut et le coussin (image 2).<\/li>\n<li><strong>marquage<\/strong>, de la zone de saut s\u00e9curis\u00e9e (image 3).<\/li>\n<li><strong>filet de protection redondant<\/strong> sous la toile de saut (image 4).<\/li>\n<li>diff\u00e9rence de couleur clairement visible entre le coussin du trampoline et la toile du trampoline<\/li>\n<\/ul>\n<p>Si vous souhaitez n\u00e9anmoins renoncer \u00e0 ces exigences, veuillez nous envoyer une d\u00e9charge de responsabilit\u00e9 \u00e9crite imm\u00e9diatement apr\u00e8s votre commande.<\/p>\n<p><strong>Exploitants de parcs de trampolines<\/strong><br \/>\nVous exploitez un parc de trampolines ou plusieurs installations de trampolines avec des besoins importants, des formes et des tailles individuelles ? Nous mettons notre savoir-faire \u00e0 votre service et vous soumettons une offre pour le renouvellement de vos toiles et coussins de trampoline. <\/p>\n","protected":false},"featured_media":12327,"comment_status":"open","ping_status":"closed","template":"","meta":{"_acf_changed":false},"product_brand":[],"product_cat":[195,196],"product_tag":[],"class_list":{"0":"post-12326","1":"product","2":"type-product","3":"status-publish","4":"has-post-thumbnail","6":"product_cat-parc-de-trampolines-et-installations-de-trampolines","7":"product_cat-toile-de-saut-pour-trampoline","9":"first","10":"instock","11":"taxable","12":"shipping-taxable","13":"product-type-variable"},"acf":[],"_links":{"self":[{"href":"https:\/\/freizeit-technik.de\/fr\/wp-json\/wp\/v2\/product\/12326","targetHints":{"allow":["GET"]}}],"collection":[{"href":"https:\/\/freizeit-technik.de\/fr\/wp-json\/wp\/v2\/product"}],"about":[{"href":"https:\/\/freizeit-technik.de\/fr\/wp-json\/wp\/v2\/types\/product"}],"replies":[{"embeddable":true,"href":"https:\/\/freizeit-technik.de\/fr\/wp-json\/wp\/v2\/comments?post=12326"}],"wp:featuredmedia":[{"embeddable":true,"href":"https:\/\/freizeit-technik.de\/fr\/wp-json\/wp\/v2\/media\/12327"}],"wp:attachment":[{"href":"https:\/\/freizeit-technik.de\/fr\/wp-json\/wp\/v2\/media?parent=12326"}],"wp:term":[{"taxonomy":"product_brand","embeddable":true,"href":"https:\/\/freizeit-technik.de\/fr\/wp-json\/wp\/v2\/product_brand?post=12326"},{"taxonomy":"product_cat","embeddable":true,"href":"https:\/\/freizeit-technik.de\/fr\/wp-json\/wp\/v2\/product_cat?post=12326"},{"taxonomy":"product_tag","embeddable":true,"href":"https:\/\/freizeit-technik.de\/fr\/wp-json\/wp\/v2\/product_tag?post=12326"}],"curies":[{"name":"wp","href":"https:\/\/api.w.org\/{rel}","templated":true}]}}