{"id":13122,"date":"2020-04-09T15:00:26","date_gmt":"2020-04-09T13:00:26","guid":{"rendered":"https:\/\/freizeit-technik.de\/shop\/toile-de-saut-pour-14-proline-avec-96-ressorts\/"},"modified":"2026-04-23T21:08:12","modified_gmt":"2026-04-23T19:08:12","slug":"toile-de-saut-pour-14-proline-avec-96-ressorts","status":"publish","type":"product","link":"https:\/\/freizeit-technik.de\/fr\/shop\/toile-de-saut-pour-14-proline-avec-96-ressorts\/","title":{"rendered":"Toile de saut pour 14 &#8220;Proline avec 96 ressorts"},"content":{"rendered":"<p><span class=\"tx-ttproducts-pi1-wrap2\"><strong>Taille : pour 14&#8243;<br \/>\nPoids : 5 kg<br \/>\nDimensions de rangement : 47 x 40 x 12 cm<\/strong><strong><br \/>\n<\/strong><\/span><\/p>\n<p>&nbsp;<\/p>\n","protected":false},"excerpt":{"rendered":"<p>Toile de saut en PP standard adapt\u00e9e aux Proline 14&#8243; sur lesquels il est pr\u00e9vu d&#8217;installer <strong>96 ressorts<\/strong>.<\/p>\n<p><strong><u>Remarque importante :<\/u><\/strong><br \/>\nLes trampolines de jardin Jumpfree Royal et Proline ainsi que les accessoires doivent \u00eatre class\u00e9s dans la cat\u00e9gorie &#8220;Premium Line&#8221; lorsqu&#8217;ils sont utilis\u00e9s sur des trampolines bungee. La qualit\u00e9 des produits est \u00e9lev\u00e9e. Cependant, ces produits ne sont adapt\u00e9s qu&#8217;\u00e0 une utilisation commerciale en combinaison avec le syst\u00e8me de saut \u00e0 l&#8217;\u00e9lastique et ne remplacent en aucun cas une installation de trampoline professionnelle (par ex. multitramp). Ces produits ne sont pas con\u00e7us pour une telle utilisation !   <\/p>\n","protected":false},"featured_media":13099,"comment_status":"open","ping_status":"closed","template":"","meta":{"_acf_changed":false},"product_brand":[],"product_cat":[217,224],"product_tag":[],"class_list":{"0":"post-13122","1":"product","2":"type-product","3":"status-publish","4":"has-post-thumbnail","6":"product_cat-installations-de-bungeetrampolines","7":"product_cat-trampolines-dappoint","9":"first","10":"instock","11":"taxable","12":"shipping-taxable","13":"product-type-simple"},"acf":[],"_links":{"self":[{"href":"https:\/\/freizeit-technik.de\/fr\/wp-json\/wp\/v2\/product\/13122","targetHints":{"allow":["GET"]}}],"collection":[{"href":"https:\/\/freizeit-technik.de\/fr\/wp-json\/wp\/v2\/product"}],"about":[{"href":"https:\/\/freizeit-technik.de\/fr\/wp-json\/wp\/v2\/types\/product"}],"replies":[{"embeddable":true,"href":"https:\/\/freizeit-technik.de\/fr\/wp-json\/wp\/v2\/comments?post=13122"}],"wp:featuredmedia":[{"embeddable":true,"href":"https:\/\/freizeit-technik.de\/fr\/wp-json\/wp\/v2\/media\/13099"}],"wp:attachment":[{"href":"https:\/\/freizeit-technik.de\/fr\/wp-json\/wp\/v2\/media?parent=13122"}],"wp:term":[{"taxonomy":"product_brand","embeddable":true,"href":"https:\/\/freizeit-technik.de\/fr\/wp-json\/wp\/v2\/product_brand?post=13122"},{"taxonomy":"product_cat","embeddable":true,"href":"https:\/\/freizeit-technik.de\/fr\/wp-json\/wp\/v2\/product_cat?post=13122"},{"taxonomy":"product_tag","embeddable":true,"href":"https:\/\/freizeit-technik.de\/fr\/wp-json\/wp\/v2\/product_tag?post=13122"}],"curies":[{"name":"wp","href":"https:\/\/api.w.org\/{rel}","templated":true}]}}