{"id":13129,"date":"2020-04-06T14:15:03","date_gmt":"2020-04-06T12:15:03","guid":{"rendered":"https:\/\/freizeit-technik.de\/shop\/toile-de-saut-pour-10proline\/"},"modified":"2026-04-23T21:17:45","modified_gmt":"2026-04-23T19:17:45","slug":"toile-de-saut-pour-10proline","status":"publish","type":"product","link":"https:\/\/freizeit-technik.de\/fr\/shop\/toile-de-saut-pour-10proline\/","title":{"rendered":"Toile de saut pour 10&#8221;Proline"},"content":{"rendered":"<p><span class=\"tx-ttproducts-pi1-wrap2\"><strong>Taille : pour 10&#8243;<br \/>\nPoids : 4 kg<br \/>\nDimensions d&#8217;emballage : 42 x 33 x 15 cm<\/strong><strong><br \/>\n<\/strong><\/span><\/p>\n<p>&nbsp;<\/p>\n","protected":false},"excerpt":{"rendered":"<p>Toile de saut en PP standard adapt\u00e9e aux trampolines Pro-Line 10&#8243; et \u00e0 tous les autres trampolines 10&#8243; sur lesquels il est pr\u00e9vu d&#8217;installer<strong> 72 ressorts<\/strong>.<\/p>\n","protected":false},"featured_media":13099,"comment_status":"open","ping_status":"closed","template":"","meta":{"_acf_changed":false},"product_brand":[],"product_cat":[217,224],"product_tag":[],"class_list":{"0":"post-13129","1":"product","2":"type-product","3":"status-publish","4":"has-post-thumbnail","6":"product_cat-installations-de-bungeetrampolines","7":"product_cat-trampolines-dappoint","9":"first","10":"instock","11":"taxable","12":"shipping-taxable","13":"purchasable","14":"product-type-simple"},"acf":[],"_links":{"self":[{"href":"https:\/\/freizeit-technik.de\/fr\/wp-json\/wp\/v2\/product\/13129","targetHints":{"allow":["GET"]}}],"collection":[{"href":"https:\/\/freizeit-technik.de\/fr\/wp-json\/wp\/v2\/product"}],"about":[{"href":"https:\/\/freizeit-technik.de\/fr\/wp-json\/wp\/v2\/types\/product"}],"replies":[{"embeddable":true,"href":"https:\/\/freizeit-technik.de\/fr\/wp-json\/wp\/v2\/comments?post=13129"}],"wp:featuredmedia":[{"embeddable":true,"href":"https:\/\/freizeit-technik.de\/fr\/wp-json\/wp\/v2\/media\/13099"}],"wp:attachment":[{"href":"https:\/\/freizeit-technik.de\/fr\/wp-json\/wp\/v2\/media?parent=13129"}],"wp:term":[{"taxonomy":"product_brand","embeddable":true,"href":"https:\/\/freizeit-technik.de\/fr\/wp-json\/wp\/v2\/product_brand?post=13129"},{"taxonomy":"product_cat","embeddable":true,"href":"https:\/\/freizeit-technik.de\/fr\/wp-json\/wp\/v2\/product_cat?post=13129"},{"taxonomy":"product_tag","embeddable":true,"href":"https:\/\/freizeit-technik.de\/fr\/wp-json\/wp\/v2\/product_tag?post=13129"}],"curies":[{"name":"wp","href":"https:\/\/api.w.org\/{rel}","templated":true}]}}