{"id":13176,"date":"2026-04-19T20:27:02","date_gmt":"2026-04-19T18:27:02","guid":{"rendered":"https:\/\/freizeit-technik.de\/shop\/prix-special-8-mousquetons-rollclip-a-avec-poulie\/"},"modified":"2026-04-23T21:44:38","modified_gmt":"2026-04-23T19:44:38","slug":"prix-special-8-mousquetons-rollclip-a-avec-poulie","status":"publish","type":"product","link":"https:\/\/freizeit-technik.de\/fr\/shop\/prix-special-8-mousquetons-rollclip-a-avec-poulie\/","title":{"rendered":"Prix sp\u00e9cial : 8 mousquetons Rollclip A avec poulie"},"content":{"rendered":"<ul>\n<li>Mat\u00e9riau : aluminium<\/li>\n<li>Diam\u00e8tre minimal : 7 mm<\/li>\n<li>Diam\u00e8tre maximal : 13 mm<\/li>\n<li>Diam\u00e8tre de la poulie : 18 mm<\/li>\n<li>Charge maximale d&#8217;utilisation : 2 x 2 = 4 kN<\/li>\n<li>Rendement : 85<\/li>\n<li>Charge de rupture longitudinale : 20 kN<\/li>\n<li>R\u00e9sistance transversale : 8 kN<\/li>\n<li>R\u00e9sistance doigt ouvert : 7 kN<\/li>\n<\/ul>\n","protected":false},"excerpt":{"rendered":"<p class=\"productSubtitle\">Mousqueton avec poulie pour faciliter l&#8217;accrochage de la corde lorsque le mousqueton est fix\u00e9 au point d&#8217;ancrage<\/p>\n<div class=\"productCaracteristiquesPosition inlineblock\">\n<p class=\"productCaracteristiques inlineblock\">Le mousqueton ROLLCLIP A \u00e0 poulie poss\u00e8de un doigt qui s&#8217;ouvre vers la poulie pour faciliter l&#8217;accrochage de la corde lorsqu&#8217;il est fix\u00e9 au point d&#8217;ancrage. Il est disponible avec le syst\u00e8me de verrouillage automatique TRIACT-LOCK ou sans syst\u00e8me de verrouillage. Le ROLLCLIP A peut \u00eatre combin\u00e9 avec l&#8217;\u00e9trier de positionnement CAPTIV afin de favoriser la charge du mousqueton dans l&#8217;axe longitudinal, d&#8217;\u00e9viter la torsion et de garantir qu&#8217;il forme un ensemble solide avec l&#8217;appareil.  <\/p>\n<\/div>\n","protected":false},"featured_media":10795,"comment_status":"open","ping_status":"closed","template":"","meta":{"_acf_changed":false},"product_brand":[],"product_cat":[217,232],"product_tag":[],"class_list":{"0":"post-13176","1":"product","2":"type-product","3":"status-publish","4":"has-post-thumbnail","6":"product_cat-installations-de-bungeetrampolines","7":"product_cat-mousquetons-co","9":"first","10":"instock","11":"taxable","12":"shipping-taxable","13":"product-type-simple"},"acf":[],"_links":{"self":[{"href":"https:\/\/freizeit-technik.de\/fr\/wp-json\/wp\/v2\/product\/13176","targetHints":{"allow":["GET"]}}],"collection":[{"href":"https:\/\/freizeit-technik.de\/fr\/wp-json\/wp\/v2\/product"}],"about":[{"href":"https:\/\/freizeit-technik.de\/fr\/wp-json\/wp\/v2\/types\/product"}],"replies":[{"embeddable":true,"href":"https:\/\/freizeit-technik.de\/fr\/wp-json\/wp\/v2\/comments?post=13176"}],"wp:featuredmedia":[{"embeddable":true,"href":"https:\/\/freizeit-technik.de\/fr\/wp-json\/wp\/v2\/media\/10795"}],"wp:attachment":[{"href":"https:\/\/freizeit-technik.de\/fr\/wp-json\/wp\/v2\/media?parent=13176"}],"wp:term":[{"taxonomy":"product_brand","embeddable":true,"href":"https:\/\/freizeit-technik.de\/fr\/wp-json\/wp\/v2\/product_brand?post=13176"},{"taxonomy":"product_cat","embeddable":true,"href":"https:\/\/freizeit-technik.de\/fr\/wp-json\/wp\/v2\/product_cat?post=13176"},{"taxonomy":"product_tag","embeddable":true,"href":"https:\/\/freizeit-technik.de\/fr\/wp-json\/wp\/v2\/product_tag?post=13176"}],"curies":[{"name":"wp","href":"https:\/\/api.w.org\/{rel}","templated":true}]}}