{"id":13183,"date":"2026-04-16T21:33:46","date_gmt":"2026-04-16T19:33:46","guid":{"rendered":"https:\/\/freizeit-technik.de\/shop\/prix-special-8-mousquetons-alu-triple-lock-edelrid\/"},"modified":"2026-04-23T21:44:47","modified_gmt":"2026-04-23T19:44:47","slug":"prix-special-8-mousquetons-alu-triple-lock-edelrid","status":"publish","type":"product","link":"https:\/\/freizeit-technik.de\/fr\/shop\/prix-special-8-mousquetons-alu-triple-lock-edelrid\/","title":{"rendered":"Prix sp\u00e9cial : 8 mousquetons Alu Triple Lock &#8220;Edelrid&#8221;."},"content":{"rendered":"","protected":false},"excerpt":{"rendered":"<p>8 mousquetons Triple-Lock \u00e0 un prix sp\u00e9cial.<\/p>\n<p>La fermeture doit d&#8217;abord \u00eatre tir\u00e9e puis tourn\u00e9e pour \u00eatre ouverte.<\/p>\n","protected":false},"featured_media":10662,"comment_status":"open","ping_status":"closed","template":"","meta":{"_acf_changed":false},"product_brand":[],"product_cat":[217,232],"product_tag":[],"class_list":{"0":"post-13183","1":"product","2":"type-product","3":"status-publish","4":"has-post-thumbnail","6":"product_cat-installations-de-bungeetrampolines","7":"product_cat-mousquetons-co","9":"first","10":"instock","11":"taxable","12":"shipping-taxable","13":"product-type-simple"},"acf":[],"_links":{"self":[{"href":"https:\/\/freizeit-technik.de\/fr\/wp-json\/wp\/v2\/product\/13183","targetHints":{"allow":["GET"]}}],"collection":[{"href":"https:\/\/freizeit-technik.de\/fr\/wp-json\/wp\/v2\/product"}],"about":[{"href":"https:\/\/freizeit-technik.de\/fr\/wp-json\/wp\/v2\/types\/product"}],"replies":[{"embeddable":true,"href":"https:\/\/freizeit-technik.de\/fr\/wp-json\/wp\/v2\/comments?post=13183"}],"wp:featuredmedia":[{"embeddable":true,"href":"https:\/\/freizeit-technik.de\/fr\/wp-json\/wp\/v2\/media\/10662"}],"wp:attachment":[{"href":"https:\/\/freizeit-technik.de\/fr\/wp-json\/wp\/v2\/media?parent=13183"}],"wp:term":[{"taxonomy":"product_brand","embeddable":true,"href":"https:\/\/freizeit-technik.de\/fr\/wp-json\/wp\/v2\/product_brand?post=13183"},{"taxonomy":"product_cat","embeddable":true,"href":"https:\/\/freizeit-technik.de\/fr\/wp-json\/wp\/v2\/product_cat?post=13183"},{"taxonomy":"product_tag","embeddable":true,"href":"https:\/\/freizeit-technik.de\/fr\/wp-json\/wp\/v2\/product_tag?post=13183"}],"curies":[{"name":"wp","href":"https:\/\/api.w.org\/{rel}","templated":true}]}}