{"id":13190,"date":"2026-04-19T19:25:29","date_gmt":"2026-04-19T17:25:29","guid":{"rendered":"https:\/\/freizeit-technik.de\/shop\/prix-special-mousqueton-a-vis-en-aluminium-ct\/"},"modified":"2026-04-23T21:44:58","modified_gmt":"2026-04-23T19:44:58","slug":"prix-special-mousqueton-a-vis-en-aluminium-ct","status":"publish","type":"product","link":"https:\/\/freizeit-technik.de\/fr\/shop\/prix-special-mousqueton-a-vis-en-aluminium-ct\/","title":{"rendered":"Prix sp\u00e9cial : Mousqueton \u00e0 vis en aluminium CT"},"content":{"rendered":"","protected":false},"excerpt":{"rendered":"<p>Mousqueton en aluminium de haute qualit\u00e9 avec fermeture manuelle \u00e0 vis de fabrication europ\u00e9enne.<\/p>\n","protected":false},"featured_media":10744,"comment_status":"open","ping_status":"closed","template":"","meta":{"_acf_changed":false},"product_brand":[],"product_cat":[217,232],"product_tag":[],"class_list":{"0":"post-13190","1":"product","2":"type-product","3":"status-publish","4":"has-post-thumbnail","6":"product_cat-installations-de-bungeetrampolines","7":"product_cat-mousquetons-co","9":"first","10":"instock","11":"taxable","12":"shipping-taxable","13":"product-type-simple"},"acf":[],"_links":{"self":[{"href":"https:\/\/freizeit-technik.de\/fr\/wp-json\/wp\/v2\/product\/13190","targetHints":{"allow":["GET"]}}],"collection":[{"href":"https:\/\/freizeit-technik.de\/fr\/wp-json\/wp\/v2\/product"}],"about":[{"href":"https:\/\/freizeit-technik.de\/fr\/wp-json\/wp\/v2\/types\/product"}],"replies":[{"embeddable":true,"href":"https:\/\/freizeit-technik.de\/fr\/wp-json\/wp\/v2\/comments?post=13190"}],"wp:featuredmedia":[{"embeddable":true,"href":"https:\/\/freizeit-technik.de\/fr\/wp-json\/wp\/v2\/media\/10744"}],"wp:attachment":[{"href":"https:\/\/freizeit-technik.de\/fr\/wp-json\/wp\/v2\/media?parent=13190"}],"wp:term":[{"taxonomy":"product_brand","embeddable":true,"href":"https:\/\/freizeit-technik.de\/fr\/wp-json\/wp\/v2\/product_brand?post=13190"},{"taxonomy":"product_cat","embeddable":true,"href":"https:\/\/freizeit-technik.de\/fr\/wp-json\/wp\/v2\/product_cat?post=13190"},{"taxonomy":"product_tag","embeddable":true,"href":"https:\/\/freizeit-technik.de\/fr\/wp-json\/wp\/v2\/product_tag?post=13190"}],"curies":[{"name":"wp","href":"https:\/\/api.w.org\/{rel}","templated":true}]}}