{"id":13203,"date":"2017-06-10T15:48:47","date_gmt":"2017-06-10T13:48:47","guid":{"rendered":"https:\/\/freizeit-technik.de\/shop\/mousqueton-trilock-en-aluminium-ct\/"},"modified":"2026-04-23T21:45:19","modified_gmt":"2026-04-23T19:45:19","slug":"mousqueton-trilock-en-aluminium-ct","status":"publish","type":"product","link":"https:\/\/freizeit-technik.de\/fr\/shop\/mousqueton-trilock-en-aluminium-ct\/","title":{"rendered":"Mousqueton Trilock en aluminium &#8220;CT"},"content":{"rendered":"<p><span class=\"tx-ttproducts-pi1-wrap2\"><strong>Poids : 0,091 kg<br \/>\nCouleur : noir mat<br \/>\n<\/strong><strong>Capacit\u00e9 de charge statique :<\/strong><strong> 22 kN<br \/>\nCertification : EN 362:2004<\/strong><\/span><\/p>\n<p><strong> <\/strong><\/p>\n<p><img loading=\"lazy\" decoding=\"async\" class=\"alignnone size-full wp-image-684\" src=\"https:\/\/freizeit-technik.de\/wp-content\/uploads\/2017\/03\/Q_eu-1.gif\" alt=\"\" width=\"64\" height=\"64\"><img loading=\"lazy\" decoding=\"async\" class=\"alignnone size-full wp-image-694\" src=\"https:\/\/freizeit-technik.de\/wp-content\/uploads\/2017\/03\/premium_line.gif\" alt=\"\" width=\"119\" height=\"64\"><img loading=\"lazy\" decoding=\"async\" class=\"alignnone size-full wp-image-448\" src=\"https:\/\/freizeit-technik.de\/wp-content\/uploads\/2017\/02\/exclusively_JS.gif\" alt=\"\" width=\"119\" height=\"64\"><\/p>\n","protected":false},"excerpt":{"rendered":"<p>Mousqueton en aluminium avec s\u00e9curit\u00e9 Trilock. Il faut d&#8217;abord s&#8217;entra\u00eener \u00e0 la s\u00e9quence de mouvements pour remplacer les diff\u00e9rents \u00e9lastiques afin de r\u00e9gler le poids. La s\u00e9curit\u00e9 Trilock assure un maximum de s\u00e9curit\u00e9 contre une ouverture involontaire.  <\/p>\n<p>Issus d&#8217;une production europ\u00e9enne r\u00e9put\u00e9e, ces mousquetons se distinguent par une fabrication pr\u00e9cise et de tr\u00e8s haute qualit\u00e9. Sans point d&#8217;accroche sur l&#8217;ouverture du mousqueton pour un travail rapide. <\/p>\n","protected":false},"featured_media":13204,"comment_status":"open","ping_status":"closed","template":"","meta":{"_acf_changed":false},"product_brand":[],"product_cat":[232],"product_tag":[],"class_list":{"0":"post-13203","1":"product","2":"type-product","3":"status-publish","4":"has-post-thumbnail","6":"product_cat-mousquetons-co","8":"first","9":"instock","10":"taxable","11":"shipping-taxable","12":"purchasable","13":"product-type-simple"},"acf":[],"_links":{"self":[{"href":"https:\/\/freizeit-technik.de\/fr\/wp-json\/wp\/v2\/product\/13203","targetHints":{"allow":["GET"]}}],"collection":[{"href":"https:\/\/freizeit-technik.de\/fr\/wp-json\/wp\/v2\/product"}],"about":[{"href":"https:\/\/freizeit-technik.de\/fr\/wp-json\/wp\/v2\/types\/product"}],"replies":[{"embeddable":true,"href":"https:\/\/freizeit-technik.de\/fr\/wp-json\/wp\/v2\/comments?post=13203"}],"wp:featuredmedia":[{"embeddable":true,"href":"https:\/\/freizeit-technik.de\/fr\/wp-json\/wp\/v2\/media\/13204"}],"wp:attachment":[{"href":"https:\/\/freizeit-technik.de\/fr\/wp-json\/wp\/v2\/media?parent=13203"}],"wp:term":[{"taxonomy":"product_brand","embeddable":true,"href":"https:\/\/freizeit-technik.de\/fr\/wp-json\/wp\/v2\/product_brand?post=13203"},{"taxonomy":"product_cat","embeddable":true,"href":"https:\/\/freizeit-technik.de\/fr\/wp-json\/wp\/v2\/product_cat?post=13203"},{"taxonomy":"product_tag","embeddable":true,"href":"https:\/\/freizeit-technik.de\/fr\/wp-json\/wp\/v2\/product_tag?post=13203"}],"curies":[{"name":"wp","href":"https:\/\/api.w.org\/{rel}","templated":true}]}}