{"id":13214,"date":"2017-06-01T15:50:41","date_gmt":"2017-06-01T13:50:41","guid":{"rendered":"https:\/\/freizeit-technik.de\/shop\/mousqueton-alu-ballock-petzl\/"},"modified":"2026-04-23T21:45:25","modified_gmt":"2026-04-23T19:45:25","slug":"mousqueton-alu-ballock-petzl","status":"publish","type":"product","link":"https:\/\/freizeit-technik.de\/fr\/shop\/mousqueton-alu-ballock-petzl\/","title":{"rendered":"Mousqueton Alu Ballock &#8220;Petzl"},"content":{"rendered":"<p><span class=\"tx-ttproducts-pi1-wrap2\"><strong>Poids : 0,094 kg<br \/>\nCouleur : gris-violet<br \/>\nCapacit\u00e9 de charge statique : 28 kN<br \/>\nCertification : EN 362:2004<\/strong><\/span><\/p>\n","protected":false},"excerpt":{"rendered":"<p>Grand mousqueton en aluminium en forme de poire avec s\u00e9curit\u00e9 Ballock. Pour ouvrir le mousqueton, il faut appuyer sur la boule verte tout en tournant le fermoir. Le syst\u00e8me de s\u00e9curit\u00e9 Ballock assure une s\u00e9curit\u00e9 maximale.  <\/p>\n<p>Mousqueton de haute qualit\u00e9 dans la qualit\u00e9 Petzl \u00e9prouv\u00e9e.<\/p>\n","protected":false},"featured_media":13215,"comment_status":"open","ping_status":"closed","template":"","meta":{"_acf_changed":false},"product_brand":[],"product_cat":[232],"product_tag":[],"class_list":{"0":"post-13214","1":"product","2":"type-product","3":"status-publish","4":"has-post-thumbnail","6":"product_cat-mousquetons-co","8":"first","9":"instock","10":"taxable","11":"shipping-taxable","12":"purchasable","13":"product-type-simple"},"acf":[],"_links":{"self":[{"href":"https:\/\/freizeit-technik.de\/fr\/wp-json\/wp\/v2\/product\/13214","targetHints":{"allow":["GET"]}}],"collection":[{"href":"https:\/\/freizeit-technik.de\/fr\/wp-json\/wp\/v2\/product"}],"about":[{"href":"https:\/\/freizeit-technik.de\/fr\/wp-json\/wp\/v2\/types\/product"}],"replies":[{"embeddable":true,"href":"https:\/\/freizeit-technik.de\/fr\/wp-json\/wp\/v2\/comments?post=13214"}],"wp:featuredmedia":[{"embeddable":true,"href":"https:\/\/freizeit-technik.de\/fr\/wp-json\/wp\/v2\/media\/13215"}],"wp:attachment":[{"href":"https:\/\/freizeit-technik.de\/fr\/wp-json\/wp\/v2\/media?parent=13214"}],"wp:term":[{"taxonomy":"product_brand","embeddable":true,"href":"https:\/\/freizeit-technik.de\/fr\/wp-json\/wp\/v2\/product_brand?post=13214"},{"taxonomy":"product_cat","embeddable":true,"href":"https:\/\/freizeit-technik.de\/fr\/wp-json\/wp\/v2\/product_cat?post=13214"},{"taxonomy":"product_tag","embeddable":true,"href":"https:\/\/freizeit-technik.de\/fr\/wp-json\/wp\/v2\/product_tag?post=13214"}],"curies":[{"name":"wp","href":"https:\/\/api.w.org\/{rel}","templated":true}]}}