{"id":13220,"date":"2017-06-19T15:45:09","date_gmt":"2017-06-19T13:45:09","guid":{"rendered":"https:\/\/freizeit-technik.de\/shop\/mousqueton-twistlock-en-aluminium-ct\/"},"modified":"2026-04-23T21:45:28","modified_gmt":"2026-04-23T19:45:28","slug":"mousqueton-twistlock-en-aluminium-ct","status":"publish","type":"product","link":"https:\/\/freizeit-technik.de\/fr\/shop\/mousqueton-twistlock-en-aluminium-ct\/","title":{"rendered":"Mousqueton twistlock en aluminium &#8220;CT"},"content":{"rendered":"<p><span class=\"tx-ttproducts-pi1-wrap2\"><strong>Poids : 0,088 kg<br \/>\nCouleur : noir mat<br \/>\n<\/strong><strong>Capacit\u00e9 de charge statique :<\/strong><strong> <\/strong><strong>22 kN<br \/>\nCertification : EN 362<\/strong><\/span><\/p>\n<p><strong> <\/strong><\/p>\n<p><img loading=\"lazy\" decoding=\"async\" class=\"alignnone size-full wp-image-690\" src=\"https:\/\/freizeit-technik.de\/wp-content\/uploads\/2017\/03\/empfehlung.gif\" alt=\"\" width=\"198\" height=\"64\"><img loading=\"lazy\" decoding=\"async\" class=\"alignnone size-full wp-image-684\" src=\"https:\/\/freizeit-technik.de\/wp-content\/uploads\/2017\/03\/Q_eu-1.gif\" alt=\"\" width=\"64\" height=\"64\"><img loading=\"lazy\" decoding=\"async\" class=\"alignnone size-full wp-image-694\" src=\"https:\/\/freizeit-technik.de\/wp-content\/uploads\/2017\/03\/premium_line.gif\" alt=\"\" width=\"119\" height=\"64\"><img loading=\"lazy\" decoding=\"async\" class=\"alignnone size-full wp-image-448\" src=\"https:\/\/freizeit-technik.de\/wp-content\/uploads\/2017\/02\/exclusively_JS.gif\" alt=\"\" width=\"119\" height=\"64\"><\/p>\n","protected":false},"excerpt":{"rendered":"<p>Mousqueton en aluminium avec s\u00e9curit\u00e9 Twistlock. Le mouvement pour remplacer les \u00e9lastiques individuels afin de r\u00e9gler le poids est tr\u00e8s simple et facile \u00e0 r\u00e9aliser, m\u00eame pour les personnes inexp\u00e9riment\u00e9es. La s\u00e9curit\u00e9 Twistlock assure un haut niveau de s\u00e9curit\u00e9 contre les ouvertures accidentelles.  <\/p>\n<p>Issus d&#8217;une production europ\u00e9enne r\u00e9put\u00e9e, ces mousquetons se distinguent par une fabrication pr\u00e9cise et de tr\u00e8s haute qualit\u00e9. Sans point d&#8217;accroche sur l&#8217;ouverture du mousqueton pour un travail rapide. <\/p>\n","protected":false},"featured_media":13221,"comment_status":"open","ping_status":"closed","template":"","meta":{"_acf_changed":false},"product_brand":[],"product_cat":[217,232],"product_tag":[],"class_list":{"0":"post-13220","1":"product","2":"type-product","3":"status-publish","4":"has-post-thumbnail","6":"product_cat-installations-de-bungeetrampolines","7":"product_cat-mousquetons-co","9":"first","10":"instock","11":"taxable","12":"shipping-taxable","13":"purchasable","14":"product-type-simple"},"acf":[],"_links":{"self":[{"href":"https:\/\/freizeit-technik.de\/fr\/wp-json\/wp\/v2\/product\/13220","targetHints":{"allow":["GET"]}}],"collection":[{"href":"https:\/\/freizeit-technik.de\/fr\/wp-json\/wp\/v2\/product"}],"about":[{"href":"https:\/\/freizeit-technik.de\/fr\/wp-json\/wp\/v2\/types\/product"}],"replies":[{"embeddable":true,"href":"https:\/\/freizeit-technik.de\/fr\/wp-json\/wp\/v2\/comments?post=13220"}],"wp:featuredmedia":[{"embeddable":true,"href":"https:\/\/freizeit-technik.de\/fr\/wp-json\/wp\/v2\/media\/13221"}],"wp:attachment":[{"href":"https:\/\/freizeit-technik.de\/fr\/wp-json\/wp\/v2\/media?parent=13220"}],"wp:term":[{"taxonomy":"product_brand","embeddable":true,"href":"https:\/\/freizeit-technik.de\/fr\/wp-json\/wp\/v2\/product_brand?post=13220"},{"taxonomy":"product_cat","embeddable":true,"href":"https:\/\/freizeit-technik.de\/fr\/wp-json\/wp\/v2\/product_cat?post=13220"},{"taxonomy":"product_tag","embeddable":true,"href":"https:\/\/freizeit-technik.de\/fr\/wp-json\/wp\/v2\/product_tag?post=13220"}],"curies":[{"name":"wp","href":"https:\/\/api.w.org\/{rel}","templated":true}]}}