{"id":13242,"date":"2017-06-25T15:47:01","date_gmt":"2017-06-25T13:47:01","guid":{"rendered":"https:\/\/freizeit-technik.de\/shop\/mousqueton-twistlock-en-aluminium-jsbasic\/"},"modified":"2026-04-23T21:45:43","modified_gmt":"2026-04-23T19:45:43","slug":"mousqueton-twistlock-en-aluminium-jsbasic","status":"publish","type":"product","link":"https:\/\/freizeit-technik.de\/fr\/shop\/mousqueton-twistlock-en-aluminium-jsbasic\/","title":{"rendered":"Mousqueton Twistlock en aluminium &#8220;JSbasic"},"content":{"rendered":"<p><span class=\"tx-ttproducts-pi1-wrap2\"><strong>Poids : 0,085 kg<br \/>\nCouleur : argent\u00e9<br \/>\n<\/strong><strong>Capacit\u00e9 de charge statique :<\/strong><strong> <\/strong><strong>22 kN<br \/>\nCertification : EN 362:2004<\/strong><\/span><\/p>\n<p><strong> <\/strong><\/p>\n<p><img loading=\"lazy\" decoding=\"async\" class=\"alignnone size-full wp-image-688\" src=\"https:\/\/freizeit-technik.de\/wp-content\/uploads\/2017\/03\/Q_asia-1.gif\" alt=\"\" width=\"64\" height=\"64\"><img loading=\"lazy\" decoding=\"async\" class=\"alignnone size-full wp-image-739\" src=\"https:\/\/freizeit-technik.de\/wp-content\/uploads\/2017\/03\/basic_line.jpg.gif\" alt=\"\" width=\"119\" height=\"64\"><\/p>\n","protected":false},"excerpt":{"rendered":"<p>Mousqueton en aluminium avec s\u00e9curit\u00e9 Twistlock. Le mouvement pour remplacer les \u00e9lastiques individuels afin de r\u00e9gler le poids est tr\u00e8s simple et facile \u00e0 r\u00e9aliser, m\u00eame pour les personnes inexp\u00e9riment\u00e9es. La s\u00e9curit\u00e9 Twistlock assure un haut niveau de s\u00e9curit\u00e9 contre les ouvertures accidentelles.  <\/p>\n<p>Veuillez consulter nos explications sur les \u00e9tiquettes de la ligne Basic.<\/p>\n","protected":false},"featured_media":13243,"comment_status":"open","ping_status":"closed","template":"","meta":{"_acf_changed":false},"product_brand":[],"product_cat":[232],"product_tag":[],"class_list":{"0":"post-13242","1":"product","2":"type-product","3":"status-publish","4":"has-post-thumbnail","6":"product_cat-mousquetons-co","8":"first","9":"instock","10":"taxable","11":"shipping-taxable","12":"purchasable","13":"product-type-simple"},"acf":[],"_links":{"self":[{"href":"https:\/\/freizeit-technik.de\/fr\/wp-json\/wp\/v2\/product\/13242","targetHints":{"allow":["GET"]}}],"collection":[{"href":"https:\/\/freizeit-technik.de\/fr\/wp-json\/wp\/v2\/product"}],"about":[{"href":"https:\/\/freizeit-technik.de\/fr\/wp-json\/wp\/v2\/types\/product"}],"replies":[{"embeddable":true,"href":"https:\/\/freizeit-technik.de\/fr\/wp-json\/wp\/v2\/comments?post=13242"}],"wp:featuredmedia":[{"embeddable":true,"href":"https:\/\/freizeit-technik.de\/fr\/wp-json\/wp\/v2\/media\/13243"}],"wp:attachment":[{"href":"https:\/\/freizeit-technik.de\/fr\/wp-json\/wp\/v2\/media?parent=13242"}],"wp:term":[{"taxonomy":"product_brand","embeddable":true,"href":"https:\/\/freizeit-technik.de\/fr\/wp-json\/wp\/v2\/product_brand?post=13242"},{"taxonomy":"product_cat","embeddable":true,"href":"https:\/\/freizeit-technik.de\/fr\/wp-json\/wp\/v2\/product_cat?post=13242"},{"taxonomy":"product_tag","embeddable":true,"href":"https:\/\/freizeit-technik.de\/fr\/wp-json\/wp\/v2\/product_tag?post=13242"}],"curies":[{"name":"wp","href":"https:\/\/api.w.org\/{rel}","templated":true}]}}