{"id":13252,"date":"2017-06-27T15:43:47","date_gmt":"2017-06-27T13:43:47","guid":{"rendered":"https:\/\/freizeit-technik.de\/shop\/mousqueton-a-vis-en-aluminium-ct\/"},"modified":"2026-04-23T21:45:50","modified_gmt":"2026-04-23T19:45:50","slug":"mousqueton-a-vis-en-aluminium-ct","status":"publish","type":"product","link":"https:\/\/freizeit-technik.de\/fr\/shop\/mousqueton-a-vis-en-aluminium-ct\/","title":{"rendered":"Mousqueton \u00e0 vis en aluminium &#8220;CT"},"content":{"rendered":"<p><span class=\"tx-ttproducts-pi1-wrap2\"><strong>Poids : 0,085 kg<br \/>\nCouleur : noir mat &amp; argent\u00e9<br \/>\n<\/strong><strong>Capacit\u00e9 de charge statique :<\/strong><strong> 22 kN<br \/>\nCertification : EN 362:2004<\/strong><strong><br \/>\n<\/strong><\/span><\/p>\n<p>&nbsp;<\/p>\n","protected":false},"excerpt":{"rendered":"<p>Mousqueton en aluminium avec s\u00e9curit\u00e9 \u00e0 vis.<\/p>\n<p>Issus d&#8217;une production europ\u00e9enne r\u00e9put\u00e9e, ces mousquetons se distinguent par une fabrication pr\u00e9cise et de tr\u00e8s haute qualit\u00e9. Sans point d&#8217;accroche sur l&#8217;ouverture du mousqueton pour un travail rapide. <\/p>\n","protected":false},"featured_media":13253,"comment_status":"open","ping_status":"closed","template":"","meta":{"_acf_changed":false},"product_brand":[],"product_cat":[217,232],"product_tag":[],"class_list":{"0":"post-13252","1":"product","2":"type-product","3":"status-publish","4":"has-post-thumbnail","6":"product_cat-installations-de-bungeetrampolines","7":"product_cat-mousquetons-co","9":"first","10":"instock","11":"taxable","12":"shipping-taxable","13":"purchasable","14":"product-type-simple"},"acf":[],"_links":{"self":[{"href":"https:\/\/freizeit-technik.de\/fr\/wp-json\/wp\/v2\/product\/13252","targetHints":{"allow":["GET"]}}],"collection":[{"href":"https:\/\/freizeit-technik.de\/fr\/wp-json\/wp\/v2\/product"}],"about":[{"href":"https:\/\/freizeit-technik.de\/fr\/wp-json\/wp\/v2\/types\/product"}],"replies":[{"embeddable":true,"href":"https:\/\/freizeit-technik.de\/fr\/wp-json\/wp\/v2\/comments?post=13252"}],"wp:featuredmedia":[{"embeddable":true,"href":"https:\/\/freizeit-technik.de\/fr\/wp-json\/wp\/v2\/media\/13253"}],"wp:attachment":[{"href":"https:\/\/freizeit-technik.de\/fr\/wp-json\/wp\/v2\/media?parent=13252"}],"wp:term":[{"taxonomy":"product_brand","embeddable":true,"href":"https:\/\/freizeit-technik.de\/fr\/wp-json\/wp\/v2\/product_brand?post=13252"},{"taxonomy":"product_cat","embeddable":true,"href":"https:\/\/freizeit-technik.de\/fr\/wp-json\/wp\/v2\/product_cat?post=13252"},{"taxonomy":"product_tag","embeddable":true,"href":"https:\/\/freizeit-technik.de\/fr\/wp-json\/wp\/v2\/product_tag?post=13252"}],"curies":[{"name":"wp","href":"https:\/\/api.w.org\/{rel}","templated":true}]}}