{"id":13298,"date":"2026-04-19T20:15:43","date_gmt":"2026-04-19T18:15:43","guid":{"rendered":"https:\/\/freizeit-technik.de\/shop\/prix-special-44-pieces-demerillons-en-acier-inoxydable\/"},"modified":"2026-04-24T10:14:37","modified_gmt":"2026-04-24T08:14:37","slug":"prix-special-44-pieces-demerillons-en-acier-inoxydable","status":"publish","type":"product","link":"https:\/\/freizeit-technik.de\/fr\/shop\/prix-special-44-pieces-demerillons-en-acier-inoxydable\/","title":{"rendered":"Prix sp\u00e9cial : 44 pi\u00e8ces d&#8217;\u00e9merillons en acier inoxydable"},"content":{"rendered":"","protected":false},"excerpt":{"rendered":"<p>44 poulies en acier inoxydable pour un diam\u00e8tre de corde allant jusqu&#8217;\u00e0 10mm. Prix du paquet pour 44 pi\u00e8ces. Liquidation des fins de s\u00e9rie.  <\/p>\n","protected":false},"featured_media":10787,"comment_status":"open","ping_status":"closed","template":"","meta":{"_acf_changed":false},"product_brand":[],"product_cat":[217,232],"product_tag":[],"class_list":{"0":"post-13298","1":"product","2":"type-product","3":"status-publish","4":"has-post-thumbnail","6":"product_cat-installations-de-bungeetrampolines","7":"product_cat-mousquetons-co","9":"first","10":"instock","11":"taxable","12":"shipping-taxable","13":"product-type-simple"},"acf":[],"_links":{"self":[{"href":"https:\/\/freizeit-technik.de\/fr\/wp-json\/wp\/v2\/product\/13298","targetHints":{"allow":["GET"]}}],"collection":[{"href":"https:\/\/freizeit-technik.de\/fr\/wp-json\/wp\/v2\/product"}],"about":[{"href":"https:\/\/freizeit-technik.de\/fr\/wp-json\/wp\/v2\/types\/product"}],"replies":[{"embeddable":true,"href":"https:\/\/freizeit-technik.de\/fr\/wp-json\/wp\/v2\/comments?post=13298"}],"wp:featuredmedia":[{"embeddable":true,"href":"https:\/\/freizeit-technik.de\/fr\/wp-json\/wp\/v2\/media\/10787"}],"wp:attachment":[{"href":"https:\/\/freizeit-technik.de\/fr\/wp-json\/wp\/v2\/media?parent=13298"}],"wp:term":[{"taxonomy":"product_brand","embeddable":true,"href":"https:\/\/freizeit-technik.de\/fr\/wp-json\/wp\/v2\/product_brand?post=13298"},{"taxonomy":"product_cat","embeddable":true,"href":"https:\/\/freizeit-technik.de\/fr\/wp-json\/wp\/v2\/product_cat?post=13298"},{"taxonomy":"product_tag","embeddable":true,"href":"https:\/\/freizeit-technik.de\/fr\/wp-json\/wp\/v2\/product_tag?post=13298"}],"curies":[{"name":"wp","href":"https:\/\/api.w.org\/{rel}","templated":true}]}}