{"id":13300,"date":"2026-03-19T12:00:54","date_gmt":"2026-03-19T11:00:54","guid":{"rendered":"https:\/\/freizeit-technik.de\/shop\/systeme-rotor-disk-pour-bandelettes-de-latex-de-type-4-4-emerillons-inclus\/"},"modified":"2026-04-24T10:14:41","modified_gmt":"2026-04-24T08:14:41","slug":"systeme-rotor-disk-pour-bandelettes-de-latex-de-type-4-4-emerillons-inclus","status":"publish","type":"product","link":"https:\/\/freizeit-technik.de\/fr\/shop\/systeme-rotor-disk-pour-bandelettes-de-latex-de-type-4-4-emerillons-inclus\/","title":{"rendered":"Syst\u00e8me Rotor-Disk pour bandelettes de latex de type 4, 4 \u00e9merillons inclus !"},"content":{"rendered":"<div style=\"width: 720px;\" class=\"wp-video\"><video class=\"wp-video-shortcode\" id=\"video-13300-1\" width=\"720\" height=\"1280\" preload=\"metadata\" controls=\"controls\"><source type=\"video\/mp4\" src=\"https:\/\/freizeit-technik.de\/wp-content\/uploads\/2026\/03\/rotor-discs-einhaengen.mp4?_=1\" \/><a href=\"https:\/\/freizeit-technik.de\/wp-content\/uploads\/2026\/03\/rotor-discs-einhaengen.mp4\">https:\/\/freizeit-technik.de\/wp-content\/uploads\/2026\/03\/rotor-discs-einhaengen.mp4<\/a><\/video><\/div>\n<div>\n<div style=\"width: 980px;\" class=\"wp-video\"><video class=\"wp-video-shortcode\" id=\"video-13300-2\" width=\"980\" height=\"551\" preload=\"metadata\" controls=\"controls\"><source type=\"video\/mp4\" src=\"https:\/\/freizeit-technik.de\/wp-content\/uploads\/2026\/03\/rotor_discs_video_1.mp4?_=2\" \/><a href=\"https:\/\/freizeit-technik.de\/wp-content\/uploads\/2026\/03\/rotor_discs_video_1.mp4\">https:\/\/freizeit-technik.de\/wp-content\/uploads\/2026\/03\/rotor_discs_video_1.mp4<\/a><\/video><\/div>\n<p><span class=\"tx-ttproducts-pi1-wrap2\"><strong>chaque disque avec un \u00e9merillon int\u00e9gr\u00e9 en acier inoxydable<\/strong><\/span><\/p>\n<\/div>\n<div id=\"tab_fragment_1\" class=\"ui-tabs-panel ui-widget-content ui-corner-bottom ui-tabs-hide\"><span class=\"tx-ttproducts-pi1-wrap2\"><strong>Poids : 0,58 kg<br \/>\nDimensions de rangement : 23 x 12 x 12 cm<br \/>\nCouleur : bleu<br \/>\nCertification : test de type T\u00dcV (tests de charge de rupture)<\/strong><\/span><\/div>\n<div class=\"ui-tabs-panel ui-widget-content ui-corner-bottom ui-tabs-hide\"><\/div>\n","protected":false},"excerpt":{"rendered":"<p>Le syst\u00e8me Rotor-Disk permet \u00e0 l&#8217;op\u00e9rateur de r\u00e9gler rapidement le poids correct du sauteur avec des bandes de latex de type 4.<\/p>\n<p><strong>Nouveaut\u00e9s 2026 :<\/strong><br \/>\nBaisse de prix et prix unitaire encore plus avantageux pour 4 syst\u00e8mes pour un trampoline bungee de 4 places.<br \/>\nLe disque sup\u00e9rieur a maintenant \u00e9galement \u00e9t\u00e9 \u00e9quip\u00e9 d&#8217;un \u00e9merillon, de sorte qu&#8217;<strong>au total quatre \u00e9merillons faciles \u00e0 manier <\/strong> sont d\u00e9j\u00e0 int\u00e9gr\u00e9s dans ce syst\u00e8me.<\/p>\n<p><strong>Fonctionnement :<\/strong><br \/>\nLes bandes de latex de type 4 sont ins\u00e9r\u00e9es dans le disque sup\u00e9rieur avec des logements plus \u00e9troits et y restent toujours. Les disques inf\u00e9rieurs situ\u00e9s sur le sauteur disposent de 2 logements plus \u00e9troits dans lesquels 2 sandows (g\u00e9n\u00e9ralement 2 x 10kg = 20kg) restent en permanence.<br \/>\nGr\u00e2ce aux longues saillies des bandes \u00e0 l&#8217;extr\u00e9mit\u00e9 inf\u00e9rieure, le r\u00e9glage du poids du sauteur au-del\u00e0 des 20kg d\u00e9j\u00e0 fix\u00e9s est rapide et confortable.<br \/>\nGr\u00e2ce aux deux \u00e9merillons en haut et en bas, les bandes ne s&#8217;accrochent pratiquement pas. <\/p>\n<p><strong>Avantages :<br \/>\n<\/strong>&#8211; 4 \u00e9merillons en acier inoxydable de haute qualit\u00e9 d\u00e9j\u00e0 int\u00e9gr\u00e9s par kit.<br \/>\n&#8211; Par cons\u00e9quent, au moins 2 mousquetons et \u00e9merillons sont n\u00e9cessaires en moins par rapport aux autres kits.<br \/>\n&#8211; Sangle de maintien pour pr\u00e9server le latex et prolonger la dur\u00e9e d&#8217;utilisation.<br \/>\n&#8211; Co\u00fbts de fonctionnement r\u00e9duits.<br \/>\n&#8211; S\u00e9curit\u00e9 accrue par rapport \u00e0 l&#8217;utilisation d&#8217;autres syst\u00e8mes de maintien pour les chambres \u00e0 air en latex gr\u00e2ce \u00e0 la distance de la sangle.<\/p>\n<p><strong>Contenu de la livraison et informations sur les prix :<\/strong><br \/>\nSi vous commandez la quantit\u00e9 &#8220;1&#8221;, vous recevrez <strong>4 disques <\/strong>(2 sup\u00e9rieurs et 2 inf\u00e9rieurs avec bande tiss\u00e9e)<strong> pour une aire de saut.<br \/>\n<\/strong>Si vous commandez<strong> 4 syst\u00e8mes <\/strong>pour une installation de trampolines bungee quadruple<strong>, le prix unitaire diminue !<\/strong><\/p>\n<p><strong>Variantes d&#8217;\u00e9quipement recommand\u00e9es par ensemble d&#8217;aires de saut (\u00e0 commander s\u00e9par\u00e9ment) :<br \/>\n<\/strong>&#8211; Pour un poids max. de 90kg du sauteur : 16 pi\u00e8ces de 10kg et 4 pi\u00e8ces de 5kg<br \/>\n&#8211; Pour un poids max. de 95kg du sauteur : 18 pi\u00e8ces de 10kg et 2 pi\u00e8ces de 5kg<br \/>\n&#8211; Pour un poids max. de 100kg du sauteur : 20 pi\u00e8ces de 10kg (sans 5kg)   <strong><br \/>\n<\/strong><\/p>\n<p>Disponible imm\u00e9diatement ! Les bandes de latex de l&#8217;\u00e9lastique de type 4 pr\u00e9sent\u00e9es sont fournies \u00e0 titre d&#8217;illustration et ne sont pas incluses dans la livraison. Elles doivent \u00eatre command\u00e9es s\u00e9par\u00e9ment.  <\/p>\n<p><strong>Int\u00e9ress\u00e9 mais pas s\u00fbr ?<\/strong><br \/>\nDemandez notre <strong>kit d&#8217;essai<\/strong>, que nous vous <strong>pr\u00eatons<\/strong> (sans engagement et sous r\u00e9serve de disponibilit\u00e9) !<\/p>\n","protected":false},"featured_media":13313,"comment_status":"open","ping_status":"closed","template":"","meta":{"_acf_changed":false},"product_brand":[],"product_cat":[236,239,240,232],"product_tag":[],"class_list":{"0":"post-13300","1":"product","2":"type-product","3":"status-publish","4":"has-post-thumbnail","6":"product_cat-elastiques-et-cordes","7":"product_cat-elastiques-prets-a-lemploi","8":"product_cat-faire-soi-meme","9":"product_cat-mousquetons-co","11":"first","12":"instock","13":"taxable","14":"shipping-taxable","15":"product-type-simple"},"acf":[],"_links":{"self":[{"href":"https:\/\/freizeit-technik.de\/fr\/wp-json\/wp\/v2\/product\/13300","targetHints":{"allow":["GET"]}}],"collection":[{"href":"https:\/\/freizeit-technik.de\/fr\/wp-json\/wp\/v2\/product"}],"about":[{"href":"https:\/\/freizeit-technik.de\/fr\/wp-json\/wp\/v2\/types\/product"}],"replies":[{"embeddable":true,"href":"https:\/\/freizeit-technik.de\/fr\/wp-json\/wp\/v2\/comments?post=13300"}],"wp:featuredmedia":[{"embeddable":true,"href":"https:\/\/freizeit-technik.de\/fr\/wp-json\/wp\/v2\/media\/13313"}],"wp:attachment":[{"href":"https:\/\/freizeit-technik.de\/fr\/wp-json\/wp\/v2\/media?parent=13300"}],"wp:term":[{"taxonomy":"product_brand","embeddable":true,"href":"https:\/\/freizeit-technik.de\/fr\/wp-json\/wp\/v2\/product_brand?post=13300"},{"taxonomy":"product_cat","embeddable":true,"href":"https:\/\/freizeit-technik.de\/fr\/wp-json\/wp\/v2\/product_cat?post=13300"},{"taxonomy":"product_tag","embeddable":true,"href":"https:\/\/freizeit-technik.de\/fr\/wp-json\/wp\/v2\/product_tag?post=13300"}],"curies":[{"name":"wp","href":"https:\/\/api.w.org\/{rel}","templated":true}]}}