{"id":13353,"date":"2017-07-30T15:55:53","date_gmt":"2017-07-30T13:55:53","guid":{"rendered":"https:\/\/freizeit-technik.de\/shop\/emerillon-ct\/"},"modified":"2026-04-24T10:14:57","modified_gmt":"2026-04-24T08:14:57","slug":"emerillon-ct","status":"publish","type":"product","link":"https:\/\/freizeit-technik.de\/fr\/shop\/emerillon-ct\/","title":{"rendered":"\u00c9merillon &#8220;CT"},"content":{"rendered":"<p><span class=\"tx-ttproducts-pi1-wrap2\"><strong>Poids : 0,074 kg<br \/>\nCouleur : gris orange<br \/>\nCapacit\u00e9 de charge statique : 24 kN<br \/>\nCertification : EN 354:2003<\/strong><\/span><\/p>\n<p><strong> <\/strong><img loading=\"lazy\" decoding=\"async\" class=\"size-full wp-image-690 alignleft\" src=\"https:\/\/freizeit-technik.de\/wp-content\/uploads\/2017\/03\/empfehlung.gif\" alt=\"\" width=\"198\" height=\"64\"><img loading=\"lazy\" decoding=\"async\" class=\"size-full wp-image-684 alignleft\" src=\"https:\/\/freizeit-technik.de\/wp-content\/uploads\/2017\/03\/Q_eu-1.gif\" alt=\"\" width=\"64\" height=\"64\"><img loading=\"lazy\" decoding=\"async\" class=\"size-full wp-image-694 alignleft\" src=\"https:\/\/freizeit-technik.de\/wp-content\/uploads\/2017\/03\/premium_line.gif\" alt=\"\" width=\"119\" height=\"64\"><\/p>\n","protected":false},"excerpt":{"rendered":"<p>Cet \u00e9merillon est le premier choix pour une utilisation sur les trampolines \u00e0 l&#8217;\u00e9lastique.<br \/>\nTr\u00e8s souple, petit et l\u00e9ger. Fabriqu\u00e9 \u00e0 partir d&#8217;une production europ\u00e9enne renomm\u00e9e de qualit\u00e9 parfaite et emball\u00e9 individuellement. Nous l&#8217;achetons en grandes quantit\u00e9s sous le label Jump-Sports.  <\/p>\n<p>Pour nos clients, c&#8217;est donc un rapport qualit\u00e9-prix unique.<\/p>\n","protected":false},"featured_media":13354,"comment_status":"open","ping_status":"closed","template":"","meta":{"_acf_changed":false},"product_brand":[],"product_cat":[232],"product_tag":[],"class_list":{"0":"post-13353","1":"product","2":"type-product","3":"status-publish","4":"has-post-thumbnail","6":"product_cat-mousquetons-co","8":"first","9":"instock","10":"taxable","11":"shipping-taxable","12":"purchasable","13":"product-type-simple"},"acf":[],"_links":{"self":[{"href":"https:\/\/freizeit-technik.de\/fr\/wp-json\/wp\/v2\/product\/13353","targetHints":{"allow":["GET"]}}],"collection":[{"href":"https:\/\/freizeit-technik.de\/fr\/wp-json\/wp\/v2\/product"}],"about":[{"href":"https:\/\/freizeit-technik.de\/fr\/wp-json\/wp\/v2\/types\/product"}],"replies":[{"embeddable":true,"href":"https:\/\/freizeit-technik.de\/fr\/wp-json\/wp\/v2\/comments?post=13353"}],"wp:featuredmedia":[{"embeddable":true,"href":"https:\/\/freizeit-technik.de\/fr\/wp-json\/wp\/v2\/media\/13354"}],"wp:attachment":[{"href":"https:\/\/freizeit-technik.de\/fr\/wp-json\/wp\/v2\/media?parent=13353"}],"wp:term":[{"taxonomy":"product_brand","embeddable":true,"href":"https:\/\/freizeit-technik.de\/fr\/wp-json\/wp\/v2\/product_brand?post=13353"},{"taxonomy":"product_cat","embeddable":true,"href":"https:\/\/freizeit-technik.de\/fr\/wp-json\/wp\/v2\/product_cat?post=13353"},{"taxonomy":"product_tag","embeddable":true,"href":"https:\/\/freizeit-technik.de\/fr\/wp-json\/wp\/v2\/product_tag?post=13353"}],"curies":[{"name":"wp","href":"https:\/\/api.w.org\/{rel}","templated":true}]}}