{"id":13376,"date":"2017-07-29T15:54:14","date_gmt":"2017-07-29T13:54:14","guid":{"rendered":"https:\/\/freizeit-technik.de\/shop\/emerillon-sur-roulement-a-billes-skylo\/"},"modified":"2026-04-24T10:15:18","modified_gmt":"2026-04-24T08:15:18","slug":"emerillon-sur-roulement-a-billes-skylo","status":"publish","type":"product","link":"https:\/\/freizeit-technik.de\/fr\/shop\/emerillon-sur-roulement-a-billes-skylo\/","title":{"rendered":"\u00c9merillon sur roulement \u00e0 billes &#8220;Skylo"},"content":{"rendered":"<p><span class=\"tx-ttproducts-pi1-wrap2\"><strong>Poids : 0,155 kg<br \/>\nCouleur : noir &#8211; orange<br \/>\n<\/strong><strong>Capacit\u00e9 de charge statique :<\/strong><strong> 40 kN<br \/>\nCertification : EN 362<\/strong><\/span><\/p>\n<p><strong> <\/strong><\/p>\n<p>&nbsp;<\/p>\n","protected":false},"excerpt":{"rendered":"<p>\u00c9merillon de bonne qualit\u00e9, mont\u00e9 sur roulement \u00e0 billes, avec une charge de rupture tr\u00e8s \u00e9lev\u00e9e.<\/p>\n","protected":false},"featured_media":13377,"comment_status":"open","ping_status":"closed","template":"","meta":{"_acf_changed":false},"product_brand":[],"product_cat":[232],"product_tag":[],"class_list":{"0":"post-13376","1":"product","2":"type-product","3":"status-publish","4":"has-post-thumbnail","6":"product_cat-mousquetons-co","8":"first","9":"instock","10":"taxable","11":"shipping-taxable","12":"purchasable","13":"product-type-simple"},"acf":[],"_links":{"self":[{"href":"https:\/\/freizeit-technik.de\/fr\/wp-json\/wp\/v2\/product\/13376","targetHints":{"allow":["GET"]}}],"collection":[{"href":"https:\/\/freizeit-technik.de\/fr\/wp-json\/wp\/v2\/product"}],"about":[{"href":"https:\/\/freizeit-technik.de\/fr\/wp-json\/wp\/v2\/types\/product"}],"replies":[{"embeddable":true,"href":"https:\/\/freizeit-technik.de\/fr\/wp-json\/wp\/v2\/comments?post=13376"}],"wp:featuredmedia":[{"embeddable":true,"href":"https:\/\/freizeit-technik.de\/fr\/wp-json\/wp\/v2\/media\/13377"}],"wp:attachment":[{"href":"https:\/\/freizeit-technik.de\/fr\/wp-json\/wp\/v2\/media?parent=13376"}],"wp:term":[{"taxonomy":"product_brand","embeddable":true,"href":"https:\/\/freizeit-technik.de\/fr\/wp-json\/wp\/v2\/product_brand?post=13376"},{"taxonomy":"product_cat","embeddable":true,"href":"https:\/\/freizeit-technik.de\/fr\/wp-json\/wp\/v2\/product_cat?post=13376"},{"taxonomy":"product_tag","embeddable":true,"href":"https:\/\/freizeit-technik.de\/fr\/wp-json\/wp\/v2\/product_tag?post=13376"}],"curies":[{"name":"wp","href":"https:\/\/api.w.org\/{rel}","templated":true}]}}