{"id":13394,"date":"2017-07-20T15:59:50","date_gmt":"2017-07-20T13:59:50","guid":{"rendered":"https:\/\/freizeit-technik.de\/shop\/emerillon-petzl-open\/"},"modified":"2026-04-24T10:15:39","modified_gmt":"2026-04-24T08:15:39","slug":"emerillon-petzl-open","status":"publish","type":"product","link":"https:\/\/freizeit-technik.de\/fr\/shop\/emerillon-petzl-open\/","title":{"rendered":"\u00c9merillon &#8220;Petzl OPEN"},"content":{"rendered":"","protected":false},"excerpt":{"rendered":"<p><span class=\"tx-ttproducts-pi1-wrap2\">Swivel avec possibilit\u00e9 d&#8217;ouverture large des deux c\u00f4t\u00e9s. Parfaitement adapt\u00e9 \u00e0 la fixation sur les harnais de trampoline \u00e0 l&#8217;\u00e9lastique. L&#8217;absence de mousqueton vous permet de gagner un pr\u00e9cieux d\u00e9battement. En m\u00eame temps, ce pivot permet une utilisation sans danger sur le harnais de saut, car la suppression d&#8217;un mousqueton d\u00e9place le point de rotation dangereux vers le bas &#8211; loin des mains du sauteur.<br \/>\nDans la qualit\u00e9 \u00e9prouv\u00e9e de Petzl.   <\/span><\/p>\n","protected":false},"featured_media":10703,"comment_status":"open","ping_status":"closed","template":"","meta":{"_acf_changed":false},"product_brand":[],"product_cat":[232],"product_tag":[],"class_list":{"0":"post-13394","1":"product","2":"type-product","3":"status-publish","4":"has-post-thumbnail","6":"product_cat-mousquetons-co","8":"first","9":"instock","10":"taxable","11":"shipping-taxable","12":"purchasable","13":"product-type-simple"},"acf":[],"_links":{"self":[{"href":"https:\/\/freizeit-technik.de\/fr\/wp-json\/wp\/v2\/product\/13394","targetHints":{"allow":["GET"]}}],"collection":[{"href":"https:\/\/freizeit-technik.de\/fr\/wp-json\/wp\/v2\/product"}],"about":[{"href":"https:\/\/freizeit-technik.de\/fr\/wp-json\/wp\/v2\/types\/product"}],"replies":[{"embeddable":true,"href":"https:\/\/freizeit-technik.de\/fr\/wp-json\/wp\/v2\/comments?post=13394"}],"wp:featuredmedia":[{"embeddable":true,"href":"https:\/\/freizeit-technik.de\/fr\/wp-json\/wp\/v2\/media\/10703"}],"wp:attachment":[{"href":"https:\/\/freizeit-technik.de\/fr\/wp-json\/wp\/v2\/media?parent=13394"}],"wp:term":[{"taxonomy":"product_brand","embeddable":true,"href":"https:\/\/freizeit-technik.de\/fr\/wp-json\/wp\/v2\/product_brand?post=13394"},{"taxonomy":"product_cat","embeddable":true,"href":"https:\/\/freizeit-technik.de\/fr\/wp-json\/wp\/v2\/product_cat?post=13394"},{"taxonomy":"product_tag","embeddable":true,"href":"https:\/\/freizeit-technik.de\/fr\/wp-json\/wp\/v2\/product_tag?post=13394"}],"curies":[{"name":"wp","href":"https:\/\/api.w.org\/{rel}","templated":true}]}}