{"id":13631,"date":"2026-04-12T15:59:09","date_gmt":"2026-04-12T13:59:09","guid":{"rendered":"https:\/\/freizeit-technik.de\/shop\/filets-lateraux-en-pp-a-mailles-larges-et-sans-noeuds\/"},"modified":"2026-04-24T11:27:55","modified_gmt":"2026-04-24T09:27:55","slug":"filets-lateraux-en-pp-a-mailles-larges-et-sans-noeuds","status":"publish","type":"product","link":"https:\/\/freizeit-technik.de\/fr\/shop\/filets-lateraux-en-pp-a-mailles-larges-et-sans-noeuds\/","title":{"rendered":"Filets lat\u00e9raux en PP \u00e0 mailles larges et sans n\u0153uds"},"content":{"rendered":"<p><strong>largeur maximale : 20m<br \/>\n<\/strong><strong>longueur maximale : 100m<br \/>\n<\/strong><strong>utilisation : int\u00e9rieur et ext\u00e9rieur<br \/>\n<\/strong><strong>couleur : noir<br \/>\nmaillage : 45 x 45mm<br \/>\n\u00e9paisseur de fil : 3mm<\/strong><\/p>\n<p><img loading=\"lazy\" decoding=\"async\" class=\"size-full wp-image-682 alignleft\" src=\"https:\/\/freizeit-technik.de\/wp-content\/uploads\/2017\/03\/Q_deutschland-1.gif\" alt=\"\" width=\"64\" height=\"64\"><\/p>\n","protected":false},"excerpt":{"rendered":"<p>Filets lat\u00e9raux en PP pr\u00eats \u00e0 l&#8217;emploi, sans n\u0153uds, avec des mailles de 45 x 45 mm et des bords renforc\u00e9s. Vous pouvez \u00e9galement monter ces filets lat\u00e9raux \u00e0 l&#8217;aide de colliers de serrage, d&#8217;une ficelle ou d&#8217;\u00e9lastiques de fixation. Ces filets \u00e0 larges mailles sont transparents sous presque tous les angles, tr\u00e8s robustes et peu co\u00fbteux. En raison de leurs larges mailles, ils ne peuvent pas \u00eatre fabriqu\u00e9s au centim\u00e8tre pr\u00e8s. C&#8217;est pourquoi nous fabriquons g\u00e9n\u00e9ralement ces filets de mani\u00e8re un peu plus serr\u00e9e, de sorte qu&#8217;ils soient \u00e9tir\u00e9s \u00e0 la dimension cible et qu&#8217;ils soient bien tendus une fois install\u00e9s.    <\/p>\n<p><strong>Conditions pr\u00e9alables pour les cat\u00e9gories de prix :<br \/>\n<\/strong>Carr\u00e9 ou rectangulaire. Pour des formes diff\u00e9rentes (rondes, triangulaires, octogonales, etc.) et des toiles globalement plus grandes ou plus \u00e9troites, veuillez nous adresser une demande s\u00e9par\u00e9e. <\/p>\n<p><strong>Proc\u00e9dure de commande :<br \/>\n<\/strong>Choisissez <strong>la cat\u00e9gorie de prix qui vous convient.<\/strong><br \/>\nIndiquez <strong>le nombre de pi\u00e8ces.<\/strong><br \/>\nIl n&#8217;y a pas de remise \u00e9chelonn\u00e9e pour cet article si vous achetez plusieurs filets identiques.<\/p>\n<p>Pour la fabrication de filets lat\u00e9raux individuels, veuillez faire r\u00e9f\u00e9rence lors de votre commande \u00e0 d&#8217;\u00e9ventuelles commandes ant\u00e9rieures.<br \/>\nSi nous n&#8217;avons pas encore saisi votre filet lat\u00e9ral avec les dimensions correspondantes, veuillez nous les communiquer dans le champ de commentaire lors de la conclusion de la commande.<br \/>\nSi vous avez besoin d&#8217;aide pour cela, veuillez nous contacter. Nous nous ferons un plaisir de vous aider \u00e0 d\u00e9terminer les bonnes dimensions ! <\/p>\n<p>D\u00e9lai de livraison : en g\u00e9n\u00e9ral 3-4 semaines.<\/p>\n","protected":false},"featured_media":9822,"comment_status":"open","ping_status":"closed","template":"","meta":{"_acf_changed":false},"product_brand":[],"product_cat":[264,265],"product_tag":[],"class_list":{"0":"post-13631","1":"product","2":"type-product","3":"status-publish","4":"has-post-thumbnail","6":"product_cat-accessoires-pour-playgrounds","7":"product_cat-filets-lateraux-de-trampoline","9":"first","10":"instock","11":"taxable","12":"shipping-taxable","13":"product-type-variable"},"acf":[],"_links":{"self":[{"href":"https:\/\/freizeit-technik.de\/fr\/wp-json\/wp\/v2\/product\/13631","targetHints":{"allow":["GET"]}}],"collection":[{"href":"https:\/\/freizeit-technik.de\/fr\/wp-json\/wp\/v2\/product"}],"about":[{"href":"https:\/\/freizeit-technik.de\/fr\/wp-json\/wp\/v2\/types\/product"}],"replies":[{"embeddable":true,"href":"https:\/\/freizeit-technik.de\/fr\/wp-json\/wp\/v2\/comments?post=13631"}],"wp:featuredmedia":[{"embeddable":true,"href":"https:\/\/freizeit-technik.de\/fr\/wp-json\/wp\/v2\/media\/9822"}],"wp:attachment":[{"href":"https:\/\/freizeit-technik.de\/fr\/wp-json\/wp\/v2\/media?parent=13631"}],"wp:term":[{"taxonomy":"product_brand","embeddable":true,"href":"https:\/\/freizeit-technik.de\/fr\/wp-json\/wp\/v2\/product_brand?post=13631"},{"taxonomy":"product_cat","embeddable":true,"href":"https:\/\/freizeit-technik.de\/fr\/wp-json\/wp\/v2\/product_cat?post=13631"},{"taxonomy":"product_tag","embeddable":true,"href":"https:\/\/freizeit-technik.de\/fr\/wp-json\/wp\/v2\/product_tag?post=13631"}],"curies":[{"name":"wp","href":"https:\/\/api.w.org\/{rel}","templated":true}]}}