{"id":13874,"date":"2026-04-12T15:20:32","date_gmt":"2026-04-12T13:20:32","guid":{"rendered":"https:\/\/freizeit-technik.de\/shop\/100-serre-cables-play-a-tete-plate\/"},"modified":"2026-04-24T11:28:38","modified_gmt":"2026-04-24T09:28:38","slug":"100-serre-cables-play-a-tete-plate","status":"publish","type":"product","link":"https:\/\/freizeit-technik.de\/fr\/shop\/100-serre-cables-play-a-tete-plate\/","title":{"rendered":"100 serre-c\u00e2bles Play \u00e0 t\u00eate plate"},"content":{"rendered":"","protected":false},"excerpt":{"rendered":"<p>Vous pouvez \u00e9galement \u00eatre int\u00e9ress\u00e9 par les <a href=\"https:\/\/freizeit-technik.de\/shop\/playpads\/\">playpads de couleur similaire<\/a>.<\/p>\n","protected":false},"featured_media":10030,"comment_status":"open","ping_status":"closed","template":"","meta":{"_acf_changed":false},"product_brand":[],"product_cat":[264,218,265,195],"product_tag":[],"class_list":{"0":"post-13874","1":"product","2":"type-product","3":"status-publish","4":"has-post-thumbnail","6":"product_cat-accessoires-pour-playgrounds","7":"product_cat-autres","8":"product_cat-filets-lateraux-de-trampoline","9":"product_cat-parc-de-trampolines-et-installations-de-trampolines","11":"first","12":"instock","13":"taxable","14":"shipping-taxable","15":"product-type-variable","16":"has-default-attributes"},"acf":[],"_links":{"self":[{"href":"https:\/\/freizeit-technik.de\/fr\/wp-json\/wp\/v2\/product\/13874","targetHints":{"allow":["GET"]}}],"collection":[{"href":"https:\/\/freizeit-technik.de\/fr\/wp-json\/wp\/v2\/product"}],"about":[{"href":"https:\/\/freizeit-technik.de\/fr\/wp-json\/wp\/v2\/types\/product"}],"replies":[{"embeddable":true,"href":"https:\/\/freizeit-technik.de\/fr\/wp-json\/wp\/v2\/comments?post=13874"}],"wp:featuredmedia":[{"embeddable":true,"href":"https:\/\/freizeit-technik.de\/fr\/wp-json\/wp\/v2\/media\/10030"}],"wp:attachment":[{"href":"https:\/\/freizeit-technik.de\/fr\/wp-json\/wp\/v2\/media?parent=13874"}],"wp:term":[{"taxonomy":"product_brand","embeddable":true,"href":"https:\/\/freizeit-technik.de\/fr\/wp-json\/wp\/v2\/product_brand?post=13874"},{"taxonomy":"product_cat","embeddable":true,"href":"https:\/\/freizeit-technik.de\/fr\/wp-json\/wp\/v2\/product_cat?post=13874"},{"taxonomy":"product_tag","embeddable":true,"href":"https:\/\/freizeit-technik.de\/fr\/wp-json\/wp\/v2\/product_tag?post=13874"}],"curies":[{"name":"wp","href":"https:\/\/api.w.org\/{rel}","templated":true}]}}