{"id":13920,"date":"2026-04-12T15:22:41","date_gmt":"2026-04-12T13:22:41","guid":{"rendered":"https:\/\/freizeit-technik.de\/shop\/playpads\/"},"modified":"2026-04-24T11:28:45","modified_gmt":"2026-04-24T09:28:45","slug":"playpads","status":"publish","type":"product","link":"https:\/\/freizeit-technik.de\/fr\/shop\/playpads\/","title":{"rendered":"Playpads"},"content":{"rendered":"<p>Diam\u00e8tre int\u00e9rieur : 52 mm (\u00e9cart possible de 1 mm)<\/p>\n<p>\u00c9paisseur de paroi : 17 mm (\u00e9cart possible de 1 mm)<\/p>\n","protected":false},"excerpt":{"rendered":"<p>Veuillez noter que l&#8217;exp\u00e9dition en Allemagne (hors \u00eeles) est d\u00e9j\u00e0 incluse dans le prix de ce produit.<\/p>\n<p>Une unit\u00e9 d&#8217;emballage (UE) correspond \u00e0 27 pi\u00e8ces d&#8217;une longueur de 2480 mm chacune (variation possible jusqu&#8217;\u00e0 30 mm). La longueur totale par emballage est de 66,96 m.<\/p>\n<p><strong>Les Playbads sont disponibles dans les couleurs suivantes :  <\/strong><\/p>\n<p><strong>Bleu, Bleu clair, Noir, Orange, Jaune, Rouge, Rose, Violet, Vert, Vert clair, Marron clair, Marron fonc\u00e9, Argent\u00e9  <\/strong><\/p>\n<p><strong>Veuillez ensuite indiquer vos pr\u00e9f\u00e9rences de couleur \u00e0 la caisse sous la rubrique &#8220;Remarques sur la commande&#8221;.<\/strong><\/p>\n<p>&nbsp;<\/p>\n<p>&nbsp;<\/p>\n<p><strong>Veuillez consulter nos prix \u00e9chelonn\u00e9s<\/strong><\/p>\n<p>1 UE = 399,00 \u20ac + 60,00 \u20ac frais de livraison<\/p>\n<p>2 UE= 393,00 \u20ac par UE + 40,00 \u20ac de frais de port par UE<\/p>\n<p>3 UE= 387,00 \u20ac par UE + 35,00 \u20ac de frais de port par UE<\/p>\n<p>A partir de 4 UE= 367,00 \u20ac chaque UE (Livraison gratuite)<\/p>\n<p>&nbsp;<\/p>\n","protected":false},"featured_media":13935,"comment_status":"open","ping_status":"closed","template":"","meta":{"_acf_changed":false},"product_brand":[],"product_cat":[264,218,265],"product_tag":[],"class_list":{"0":"post-13920","1":"product","2":"type-product","3":"status-publish","4":"has-post-thumbnail","6":"product_cat-accessoires-pour-playgrounds","7":"product_cat-autres","8":"product_cat-filets-lateraux-de-trampoline","10":"first","11":"instock","12":"taxable","13":"shipping-taxable","14":"product-type-simple"},"acf":[],"_links":{"self":[{"href":"https:\/\/freizeit-technik.de\/fr\/wp-json\/wp\/v2\/product\/13920","targetHints":{"allow":["GET"]}}],"collection":[{"href":"https:\/\/freizeit-technik.de\/fr\/wp-json\/wp\/v2\/product"}],"about":[{"href":"https:\/\/freizeit-technik.de\/fr\/wp-json\/wp\/v2\/types\/product"}],"replies":[{"embeddable":true,"href":"https:\/\/freizeit-technik.de\/fr\/wp-json\/wp\/v2\/comments?post=13920"}],"wp:featuredmedia":[{"embeddable":true,"href":"https:\/\/freizeit-technik.de\/fr\/wp-json\/wp\/v2\/media\/13935"}],"wp:attachment":[{"href":"https:\/\/freizeit-technik.de\/fr\/wp-json\/wp\/v2\/media?parent=13920"}],"wp:term":[{"taxonomy":"product_brand","embeddable":true,"href":"https:\/\/freizeit-technik.de\/fr\/wp-json\/wp\/v2\/product_brand?post=13920"},{"taxonomy":"product_cat","embeddable":true,"href":"https:\/\/freizeit-technik.de\/fr\/wp-json\/wp\/v2\/product_cat?post=13920"},{"taxonomy":"product_tag","embeddable":true,"href":"https:\/\/freizeit-technik.de\/fr\/wp-json\/wp\/v2\/product_tag?post=13920"}],"curies":[{"name":"wp","href":"https:\/\/api.w.org\/{rel}","templated":true}]}}