{"id":14030,"date":"2026-04-12T15:57:40","date_gmt":"2026-04-12T13:57:40","guid":{"rendered":"https:\/\/freizeit-technik.de\/shop\/filets-lateraux-no-climb-avec-oeillets\/"},"modified":"2026-04-24T11:29:06","modified_gmt":"2026-04-24T09:29:06","slug":"filets-lateraux-no-climb-avec-oeillets","status":"publish","type":"product","link":"https:\/\/freizeit-technik.de\/fr\/shop\/filets-lateraux-no-climb-avec-oeillets\/","title":{"rendered":"Filets lat\u00e9raux No-Climb avec \u0153illets"},"content":{"rendered":"<p><strong>largeur maximale d&#8217;un seul tenant : 300cm<br \/>\nlargeur maximale avec joint de jonction : 600cm<br \/>\n<\/strong><strong>longueur maximale : 20m<br \/>\n<\/strong><strong>Utilisation : int\u00e9rieur et ext\u00e9rieur<br \/>\n<\/strong><strong>Couleur : noir<br \/>\nMaillage : mailles fines<br \/>\n<\/strong><\/p>\n<p><img loading=\"lazy\" decoding=\"async\" class=\"size-full wp-image-682 alignleft\" src=\"https:\/\/freizeit-technik.de\/wp-content\/uploads\/2017\/03\/Q_deutschland-1.gif\" alt=\"\" width=\"64\" height=\"64\"><\/p>\n","protected":false},"excerpt":{"rendered":"<p>Les filets lat\u00e9raux de trampoline pr\u00eats \u00e0 l&#8217;emploi sont fabriqu\u00e9s \u00e0 partir d&#8217;une maille fine de PVC qui ne peut pas \u00eatre escalad\u00e9e. Il offre un aspect uniforme attrayant.<br \/>\nCes filets lat\u00e9raux sont particuli\u00e8rement adapt\u00e9s aux petites surfaces \u00e0 couvrir de moins de 30m\u00b2 et peuvent \u00eatre fabriqu\u00e9s avec une grande pr\u00e9cision \u00e0 des dimensions pr\u00e9cises.<br \/>\nTous les bords sont repli\u00e9s, cousus et ourl\u00e9s sur le pourtour. Vous pouvez \u00e9galement monter ces filets lat\u00e9raux \u00e0 l&#8217;aide de colliers de serrage, d&#8217;une ficelle ou d&#8217;\u00e9lastiques de fixation.  <\/p>\n<p>Libre comme protection contre les chutes pour les trampolines et les plates-formes install\u00e9s \u00e0 1,60 m maximum au-dessus du niveau du sol. <\/p>\n<p>Produit sur mesure dans notre propre atelier de sellerie de ma\u00eetre \u00e0 Stuttgart.<\/p>\n<p><strong>Conditions pour les cat\u00e9gories de prix :<br \/>\n<\/strong><strong>Taille 1 : jusqu&#8217;\u00e0 2m\u00b2<\/strong> + aucun c\u00f4t\u00e9 inf\u00e9rieur \u00e0 90cm, par exemple jusqu&#8217;\u00e0 140 x 140cm<br \/>\n<strong>Taille 2 : jusqu&#8217;\u00e0 4m\u00b2<\/strong> + aucun c\u00f4t\u00e9 inf\u00e9rieur \u00e0 120cm, par exemple jusqu&#8217;\u00e0 200 x 200cm<br \/>\n<strong>Taille 3 : jusqu&#8217;\u00e0 6m\u00b2<\/strong> + aucun c\u00f4t\u00e9 inf\u00e9rieur \u00e0 150cm, par exemple jusqu&#8217;\u00e0 200 x 300cm<br \/>\n<strong>Taille 4 :<\/strong> <strong>jusqu&#8217;\u00e0 8m\u00b2<\/strong> + aucun c\u00f4t\u00e9 inf\u00e9rieur \u00e0 180cm, par exemple jusqu&#8217;\u00e0 250 x 320cm<br \/>\n<strong>Taille 5 : jusqu&#8217;\u00e0 10m\u00b2<\/strong> + aucun c\u00f4t\u00e9 inf\u00e9rieur \u00e0 220cm, par exemple jusqu&#8217;\u00e0 300 x 320cm<br \/>\n<strong>Taille 6 : jusqu&#8217;\u00e0 12m\u00b2<\/strong> + aucun c\u00f4t\u00e9 inf\u00e9rieur \u00e0 220cm, par exemple jusqu&#8217;\u00e0 300 x 400cm<br \/>\n<strong>Taille 7 : jusqu&#8217;\u00e0 14m\u00b2<\/strong> + aucun c\u00f4t\u00e9 inf\u00e9rieur \u00e0 220cm, par exemple jusqu&#8217;\u00e0 300 x 450cm<br \/>\n<strong>Taille 8 : jusqu&#8217;\u00e0 16m\u00b2<\/strong> + aucun c\u00f4t\u00e9 inf\u00e9rieur \u00e0 220cm, par exemple jusqu&#8217;\u00e0 300 x 520cm<br \/>\n<strong>Taille 9 : jusqu&#8217;\u00e0 18m\u00b2<\/strong> + aucun c\u00f4t\u00e9 inf\u00e9rieur \u00e0 220cm, par exemple jusqu&#8217;\u00e0 300 x 600cm<br \/>\n<strong>Taille 10 : jusqu&#8217;\u00e0 20m\u00b2<\/strong> + aucun c\u00f4t\u00e9 inf\u00e9rieur \u00e0 220cm, par exemple jusqu&#8217;\u00e0 300 x 650cm<br \/>\n<strong>Taille 11 :<\/strong> <strong>jusqu&#8217;\u00e0 22m\u00b2<\/strong> + tous les c\u00f4t\u00e9s de plus de 300cm, par exemple jusqu&#8217;\u00e0 400 x 550cm<br \/>\n<strong>Taille 12 : jusqu&#8217;\u00e0 24m\u00b2<\/strong> + tous les c\u00f4t\u00e9s de plus de 300cm, par exemple jusqu&#8217;\u00e0 400 x 600cm<br \/>\n<strong>Taille 13 : jusqu&#8217;\u00e0 26m\u00b2<\/strong> + tous les c\u00f4t\u00e9s de plus de 300cm, par exemple jusqu&#8217;\u00e0 460 x 560cm<br \/>\n<strong>Taille 14 :<\/strong> <strong>jusqu&#8217;\u00e0 28m\u00b2<\/strong> + tous les c\u00f4t\u00e9s de plus de 300cm, par exemple jusqu&#8217;\u00e0 525 x 525cm<br \/>\n<strong>Taille 15 : jusqu&#8217;\u00e0 30m\u00b2<\/strong> + tous les c\u00f4t\u00e9s de plus de 300cm, par exemple jusqu&#8217;\u00e0 500 x 600cm<\/p>\n<p>Carr\u00e9 ou rectangulaire. Pour des formes diff\u00e9rentes (rondes, triangulaires, octogonales, etc.) et des filets lat\u00e9raux globalement plus grands ou plus \u00e9troits, veuillez nous adresser une demande s\u00e9par\u00e9e.<\/p>\n<p><strong>Prix \u00e9chelonn\u00e9s pour des filets lat\u00e9raux identiques :<\/strong> Si vous augmentez le nombre de filets identiques<br \/>\n\u00e0 2, 4 , 6, 8 ou 10, le prix unitaire diminue !<\/p>\n<p>Processus de commande :<br \/>\nPour la fabrication de filets lat\u00e9raux individuels, veuillez faire r\u00e9f\u00e9rence lors de votre commande \u00e0 des commandes ant\u00e9rieures \u00e9ventuelles. Si nous n&#8217;avons pas encore saisi votre filet lat\u00e9ral avec les dimensions correspondantes, veuillez nous les communiquer dans le champ de commentaire lors de la conclusion de la commande. Si vous avez besoin d&#8217;aide, n&#8217;h\u00e9sitez pas \u00e0 nous contacter. Nous nous ferons un plaisir de vous aider \u00e0 d\u00e9terminer les bonnes dimensions !   <\/p>\n<p>D\u00e9lai de livraison : en g\u00e9n\u00e9ral 1-2 semaines.<\/p>\n","protected":false},"featured_media":9871,"comment_status":"open","ping_status":"closed","template":"","meta":{"_acf_changed":false},"product_brand":[],"product_cat":[264,265],"product_tag":[],"class_list":{"0":"post-14030","1":"product","2":"type-product","3":"status-publish","4":"has-post-thumbnail","6":"product_cat-accessoires-pour-playgrounds","7":"product_cat-filets-lateraux-de-trampoline","9":"first","10":"instock","11":"taxable","12":"shipping-taxable","13":"product-type-variable"},"acf":[],"_links":{"self":[{"href":"https:\/\/freizeit-technik.de\/fr\/wp-json\/wp\/v2\/product\/14030","targetHints":{"allow":["GET"]}}],"collection":[{"href":"https:\/\/freizeit-technik.de\/fr\/wp-json\/wp\/v2\/product"}],"about":[{"href":"https:\/\/freizeit-technik.de\/fr\/wp-json\/wp\/v2\/types\/product"}],"replies":[{"embeddable":true,"href":"https:\/\/freizeit-technik.de\/fr\/wp-json\/wp\/v2\/comments?post=14030"}],"wp:featuredmedia":[{"embeddable":true,"href":"https:\/\/freizeit-technik.de\/fr\/wp-json\/wp\/v2\/media\/9871"}],"wp:attachment":[{"href":"https:\/\/freizeit-technik.de\/fr\/wp-json\/wp\/v2\/media?parent=14030"}],"wp:term":[{"taxonomy":"product_brand","embeddable":true,"href":"https:\/\/freizeit-technik.de\/fr\/wp-json\/wp\/v2\/product_brand?post=14030"},{"taxonomy":"product_cat","embeddable":true,"href":"https:\/\/freizeit-technik.de\/fr\/wp-json\/wp\/v2\/product_cat?post=14030"},{"taxonomy":"product_tag","embeddable":true,"href":"https:\/\/freizeit-technik.de\/fr\/wp-json\/wp\/v2\/product_tag?post=14030"}],"curies":[{"name":"wp","href":"https:\/\/api.w.org\/{rel}","templated":true}]}}