{"id":14359,"date":"2017-07-28T15:17:33","date_gmt":"2017-07-28T13:17:33","guid":{"rendered":"https:\/\/freizeit-technik.de\/shop\/type-1-sangle-de-saut-bungee-trampoline-m\/"},"modified":"2026-04-25T21:43:20","modified_gmt":"2026-04-25T19:43:20","slug":"type-1-sangle-de-saut-bungee-trampoline-m","status":"publish","type":"product","link":"https:\/\/freizeit-technik.de\/fr\/shop\/type-1-sangle-de-saut-bungee-trampoline-m\/","title":{"rendered":"Type 1 Sangle de saut Bungee-Trampoline M"},"content":{"rendered":"<p><span class=\"tx-ttproducts-pi1-wrap2\"><strong>Poids : 1,25 kg<br \/>\nCouleur : jaune<br \/>\nTests de charge de rupture : conform\u00e9ment \u00e0 la norme DIN EN 813<\/strong><\/span><\/p>\n","protected":false},"excerpt":{"rendered":"<p class=\"bodytext\">En constante \u00e9volution au fil des ans, notre harnais de saut \u00e0 l&#8217;\u00e9lastique Type 1 actuel est tr\u00e8s appr\u00e9ci\u00e9 de nos clients.<br \/>\nParfaitement rembourr\u00e9 et avec un large repose-jambes, il offre un confort maximal.<br \/>\nLes harnais de saut \u00e0 l&#8217;\u00e9lastique Type 1 ont des parties s\u00e9par\u00e9es pour les jambes et des points d&#8217;attache superpos\u00e9s.<br \/>\nSi vous choisissez les points d&#8217;attache sup\u00e9rieurs pour fixer les sandows, vous emp\u00eachez ou rendez plus difficile la r\u00e9alisation de sauts p\u00e9rilleux.<br \/>\nSi vous choisissez les points d&#8217;attache inf\u00e9rieurs, vous favorisez la r\u00e9alisation de sauts p\u00e9rilleux gr\u00e2ce \u00e0 un point de rotation plus bas.<\/p>\n","protected":false},"featured_media":14361,"comment_status":"open","ping_status":"closed","template":"","meta":{"_acf_changed":false},"product_brand":[],"product_cat":[217,269],"product_tag":[],"class_list":{"0":"post-14359","1":"product","2":"type-product","3":"status-publish","4":"has-post-thumbnail","6":"product_cat-installations-de-bungeetrampolines","7":"product_cat-sangles-de-saut","9":"first","10":"instock","11":"taxable","12":"shipping-taxable","13":"product-type-simple"},"acf":[],"_links":{"self":[{"href":"https:\/\/freizeit-technik.de\/fr\/wp-json\/wp\/v2\/product\/14359","targetHints":{"allow":["GET"]}}],"collection":[{"href":"https:\/\/freizeit-technik.de\/fr\/wp-json\/wp\/v2\/product"}],"about":[{"href":"https:\/\/freizeit-technik.de\/fr\/wp-json\/wp\/v2\/types\/product"}],"replies":[{"embeddable":true,"href":"https:\/\/freizeit-technik.de\/fr\/wp-json\/wp\/v2\/comments?post=14359"}],"wp:featuredmedia":[{"embeddable":true,"href":"https:\/\/freizeit-technik.de\/fr\/wp-json\/wp\/v2\/media\/14361"}],"wp:attachment":[{"href":"https:\/\/freizeit-technik.de\/fr\/wp-json\/wp\/v2\/media?parent=14359"}],"wp:term":[{"taxonomy":"product_brand","embeddable":true,"href":"https:\/\/freizeit-technik.de\/fr\/wp-json\/wp\/v2\/product_brand?post=14359"},{"taxonomy":"product_cat","embeddable":true,"href":"https:\/\/freizeit-technik.de\/fr\/wp-json\/wp\/v2\/product_cat?post=14359"},{"taxonomy":"product_tag","embeddable":true,"href":"https:\/\/freizeit-technik.de\/fr\/wp-json\/wp\/v2\/product_tag?post=14359"}],"curies":[{"name":"wp","href":"https:\/\/api.w.org\/{rel}","templated":true}]}}