{"id":14417,"date":"2017-03-06T15:22:02","date_gmt":"2017-03-06T14:22:02","guid":{"rendered":"https:\/\/freizeit-technik.de\/shop\/type-2-sangle-de-saut-bungee-trampoline-l\/"},"modified":"2026-04-25T22:19:07","modified_gmt":"2026-04-25T20:19:07","slug":"type-2-sangle-de-saut-bungee-trampoline-l","status":"publish","type":"product","link":"https:\/\/freizeit-technik.de\/fr\/shop\/type-2-sangle-de-saut-bungee-trampoline-l\/","title":{"rendered":"Type 2 Sangle de saut Bungee-Trampoline L"},"content":{"rendered":"<p><strong>Tests de charge de rupture : conform\u00e9ment \u00e0 la norme DIN EN 813<\/strong><\/p>\n","protected":false},"excerpt":{"rendered":"<p>Les harnais de saut \u00e0 l&#8217;\u00e9lastique de type 2 sont fabriqu\u00e9s \u00e0 partir des m\u00eames mat\u00e9riaux que nos harnais de type 1.<br \/>\nCependant, les parties des jambes sont reli\u00e9es entre elles et les points d&#8217;attache sont toujours bas et parall\u00e8les (et non superpos\u00e9s).<br \/>\nCela permet, gr\u00e2ce \u00e0 un point de pivot bas, d&#8217;effectuer facilement des sauts p\u00e9rilleux d&#8217;une part, et d&#8217;autre part, d&#8217;adapter la taille au sauteur.<br \/>\nLes harnais de saut de type 2 en termes de taille sont l\u00e9g\u00e8rement plus petits que les harnais de saut de type 1.<\/p>\n","protected":false},"featured_media":14420,"comment_status":"open","ping_status":"closed","template":"","meta":{"_acf_changed":false},"product_brand":[],"product_cat":[217,269],"product_tag":[],"class_list":{"0":"post-14417","1":"product","2":"type-product","3":"status-publish","4":"has-post-thumbnail","6":"product_cat-installations-de-bungeetrampolines","7":"product_cat-sangles-de-saut","9":"first","10":"instock","11":"taxable","12":"shipping-taxable","13":"product-type-simple"},"acf":[],"_links":{"self":[{"href":"https:\/\/freizeit-technik.de\/fr\/wp-json\/wp\/v2\/product\/14417","targetHints":{"allow":["GET"]}}],"collection":[{"href":"https:\/\/freizeit-technik.de\/fr\/wp-json\/wp\/v2\/product"}],"about":[{"href":"https:\/\/freizeit-technik.de\/fr\/wp-json\/wp\/v2\/types\/product"}],"replies":[{"embeddable":true,"href":"https:\/\/freizeit-technik.de\/fr\/wp-json\/wp\/v2\/comments?post=14417"}],"wp:featuredmedia":[{"embeddable":true,"href":"https:\/\/freizeit-technik.de\/fr\/wp-json\/wp\/v2\/media\/14420"}],"wp:attachment":[{"href":"https:\/\/freizeit-technik.de\/fr\/wp-json\/wp\/v2\/media?parent=14417"}],"wp:term":[{"taxonomy":"product_brand","embeddable":true,"href":"https:\/\/freizeit-technik.de\/fr\/wp-json\/wp\/v2\/product_brand?post=14417"},{"taxonomy":"product_cat","embeddable":true,"href":"https:\/\/freizeit-technik.de\/fr\/wp-json\/wp\/v2\/product_cat?post=14417"},{"taxonomy":"product_tag","embeddable":true,"href":"https:\/\/freizeit-technik.de\/fr\/wp-json\/wp\/v2\/product_tag?post=14417"}],"curies":[{"name":"wp","href":"https:\/\/api.w.org\/{rel}","templated":true}]}}