{"id":14434,"date":"2012-06-01T13:41:41","date_gmt":"2012-06-01T11:41:41","guid":{"rendered":"https:\/\/freizeit-technik.de\/shop\/type-3-harnais-de-saut-pour-trampoline-elastique-m\/"},"modified":"2026-04-25T22:19:15","modified_gmt":"2026-04-25T20:19:15","slug":"type-3-harnais-de-saut-pour-trampoline-elastique-m","status":"publish","type":"product","link":"https:\/\/freizeit-technik.de\/fr\/shop\/type-3-harnais-de-saut-pour-trampoline-elastique-m\/","title":{"rendered":"Type 3 Harnais de saut pour trampoline \u00e9lastique M"},"content":{"rendered":"<p><strong>Tests de charge de rupture : conform\u00e9ment \u00e0 la norme DIN EN 813<\/strong><\/p>\n","protected":false},"excerpt":{"rendered":"<p>Type 3 Les harnais de trampoline bungee ont la m\u00eame conception que le type 2, mais sont fabriqu\u00e9s dans d&#8217;autres mat\u00e9riaux et ont une forme de coussin l\u00e9g\u00e8rement diff\u00e9rente.<br \/>\nLes parties des jambes sont reli\u00e9es entre elles, les points de fixation sont bas et parall\u00e8les.<br \/>\nLes tailles des harnais de type 3 sont analogues aux tailles du type 1.<\/p>\n","protected":false},"featured_media":14436,"comment_status":"open","ping_status":"closed","template":"","meta":{"_acf_changed":false},"product_brand":[],"product_cat":[269],"product_tag":[],"class_list":{"0":"post-14434","1":"product","2":"type-product","3":"status-publish","4":"has-post-thumbnail","6":"product_cat-sangles-de-saut","8":"first","9":"instock","10":"taxable","11":"shipping-taxable","12":"product-type-simple"},"acf":[],"_links":{"self":[{"href":"https:\/\/freizeit-technik.de\/fr\/wp-json\/wp\/v2\/product\/14434","targetHints":{"allow":["GET"]}}],"collection":[{"href":"https:\/\/freizeit-technik.de\/fr\/wp-json\/wp\/v2\/product"}],"about":[{"href":"https:\/\/freizeit-technik.de\/fr\/wp-json\/wp\/v2\/types\/product"}],"replies":[{"embeddable":true,"href":"https:\/\/freizeit-technik.de\/fr\/wp-json\/wp\/v2\/comments?post=14434"}],"wp:featuredmedia":[{"embeddable":true,"href":"https:\/\/freizeit-technik.de\/fr\/wp-json\/wp\/v2\/media\/14436"}],"wp:attachment":[{"href":"https:\/\/freizeit-technik.de\/fr\/wp-json\/wp\/v2\/media?parent=14434"}],"wp:term":[{"taxonomy":"product_brand","embeddable":true,"href":"https:\/\/freizeit-technik.de\/fr\/wp-json\/wp\/v2\/product_brand?post=14434"},{"taxonomy":"product_cat","embeddable":true,"href":"https:\/\/freizeit-technik.de\/fr\/wp-json\/wp\/v2\/product_cat?post=14434"},{"taxonomy":"product_tag","embeddable":true,"href":"https:\/\/freizeit-technik.de\/fr\/wp-json\/wp\/v2\/product_tag?post=14434"}],"curies":[{"name":"wp","href":"https:\/\/api.w.org\/{rel}","templated":true}]}}