{"id":14534,"date":"2026-04-12T11:59:26","date_gmt":"2026-04-12T09:59:26","guid":{"rendered":"https:\/\/freizeit-technik.de\/shop\/tige-en-fibre-de-verre-pour-filets-lateraux-avec-cordon-de-serrage\/"},"modified":"2026-04-29T12:43:23","modified_gmt":"2026-04-29T10:43:23","slug":"tige-en-fibre-de-verre-pour-filets-lateraux-avec-cordon-de-serrage","status":"publish","type":"product","link":"https:\/\/freizeit-technik.de\/fr\/shop\/tige-en-fibre-de-verre-pour-filets-lateraux-avec-cordon-de-serrage\/","title":{"rendered":"Tige en fibre de verre pour filets lat\u00e9raux avec cordon de serrage"},"content":{"rendered":"<p>&nbsp;<\/p>\n<p>&nbsp;<\/p>\n","protected":false},"excerpt":{"rendered":"<p>Tige en fibre de verre de 5 mm de diam\u00e8tre et de 3 m de long pour les tirs de tunnel des filets lat\u00e9raux No Climb. Possibilit\u00e9 de coupe de transport pour une exp\u00e9dition moins ch\u00e8re. <\/p>\n","protected":false},"featured_media":9863,"comment_status":"open","ping_status":"closed","template":"","meta":{"_acf_changed":false},"product_brand":[],"product_cat":[264,218,265],"product_tag":[],"class_list":{"0":"post-14534","1":"product","2":"type-product","3":"status-publish","4":"has-post-thumbnail","6":"product_cat-accessoires-pour-playgrounds","7":"product_cat-autres","8":"product_cat-filets-lateraux-de-trampoline","10":"first","11":"instock","12":"taxable","13":"shipping-taxable","14":"purchasable","15":"product-type-simple"},"acf":[],"_links":{"self":[{"href":"https:\/\/freizeit-technik.de\/fr\/wp-json\/wp\/v2\/product\/14534","targetHints":{"allow":["GET"]}}],"collection":[{"href":"https:\/\/freizeit-technik.de\/fr\/wp-json\/wp\/v2\/product"}],"about":[{"href":"https:\/\/freizeit-technik.de\/fr\/wp-json\/wp\/v2\/types\/product"}],"replies":[{"embeddable":true,"href":"https:\/\/freizeit-technik.de\/fr\/wp-json\/wp\/v2\/comments?post=14534"}],"wp:featuredmedia":[{"embeddable":true,"href":"https:\/\/freizeit-technik.de\/fr\/wp-json\/wp\/v2\/media\/9863"}],"wp:attachment":[{"href":"https:\/\/freizeit-technik.de\/fr\/wp-json\/wp\/v2\/media?parent=14534"}],"wp:term":[{"taxonomy":"product_brand","embeddable":true,"href":"https:\/\/freizeit-technik.de\/fr\/wp-json\/wp\/v2\/product_brand?post=14534"},{"taxonomy":"product_cat","embeddable":true,"href":"https:\/\/freizeit-technik.de\/fr\/wp-json\/wp\/v2\/product_cat?post=14534"},{"taxonomy":"product_tag","embeddable":true,"href":"https:\/\/freizeit-technik.de\/fr\/wp-json\/wp\/v2\/product_tag?post=14534"}],"curies":[{"name":"wp","href":"https:\/\/api.w.org\/{rel}","templated":true}]}}